{"id":3304,"date":"2026-03-28T20:54:45","date_gmt":"2026-03-28T19:54:45","guid":{"rendered":"https:\/\/bacciadonna.com\/stol-do-ping-ponga\/"},"modified":"2026-03-29T20:58:29","modified_gmt":"2026-03-29T19:58:29","slug":"stol-do-ping-ponga","status":"publish","type":"page","link":"https:\/\/bacciadonna.com\/pl\/stol-do-ping-ponga\/","title":{"rendered":"St\u00f3\u0142 do ping-ponga"},"content":{"rendered":"\n<h2 class=\"wp-block-heading\">Domaine Baccia Donna<\/h2>\n\n<p>Zapraszamy do sp\u0119dzenia radosnych i mi\u0142ych chwil przy stole do tenisa sto\u0142owego w Domaine Baccia Donna. Dost\u0119pna dla wszystkich go\u015bci przestrze\u0144 jest idealnym miejscem na rozrywk\u0119, wsp\u00f3lne chwile z przyjaci\u00f3\u0142mi lub rodzin\u0105 oraz pe\u0142ne korzystanie z pobytu na Lazurowym Wybrze\u017cu. <\/p>\n\n<p>St\u00f3\u0142 do tenisa sto\u0142owego, ustawiony na zewn\u0105trz w przyjemnym otoczeniu, pozwala po\u0142\u0105czy\u0107 aktywno\u015b\u0107, relaks i wsp\u00f3ln\u0105 zabaw\u0119.<\/p>\n\n<h2 class=\"wp-block-heading\">\ud83c\udfd3 Przestrze\u0144 rekreacyjna dost\u0119pna dla wszystkich<\/h2>\n\n<p>Niezale\u017cnie od tego, czy graj\u0105 Pa\u0144stwo okazjonalnie, czy s\u0105 mi\u0142o\u015bnikami przyjacielskiej rywalizacji, to miejsce jest idealne na:<\/p>\n\n<ul class=\"wp-block-list\">\n<li>\ud83c\udfaf Rodzinne rozgrywki<\/li>\n\n\n\n<li>\ud83e\udd1d Wsp\u00f3lne chwile z przyjaci\u00f3\u0142mi<\/li>\n\n\n\n<li>\ud83e\uddd2 Zabawy dla dzieci i doros\u0142ych<\/li>\n\n\n\n<li>\ud83c\udfd6\ufe0f Relaks mi\u0119dzy wycieczkami lub innymi aktywno\u015bciami<\/li>\n<\/ul>\n\n<p>\ud83d\udc49 Prosta i dost\u0119pna aktywno\u015b\u0107, idealna jako dope\u0142nienie Pa\u0144stwa pobytu.<\/p>\n\n<hr class=\"wp-block-separator has-alpha-channel-opacity\"\/>\n\n<h2 class=\"wp-block-heading\">\ud83d\udd52 Dost\u0119p<\/h2>\n\n<p>St\u00f3\u0142 do tenisa sto\u0142owego jest dost\u0119pny bez ogranicze\u0144 dla go\u015bci posiad\u0142o\u015bci.<\/p>\n\n<p>Prosimy o uszanowanie spokoju innych go\u015bci i zachowanie odpowiedniego poziomu ha\u0142asu podczas gry.<\/p>\n\n<hr class=\"wp-block-separator has-alpha-channel-opacity\"\/>\n\n<h2 class=\"wp-block-heading\">\u2699\ufe0f Sprz\u0119t<\/h2>\n\n<p>Dla Pa\u0144stwa wygody udost\u0119pniamy niezb\u0119dny sprz\u0119t:<\/p>\n\n<ul class=\"wp-block-list\">\n<li>\ud83c\udfd3 Rakietki<\/li>\n\n\n\n<li>\u26aa Pi\u0142eczki do tenisa sto\u0142owego<\/li>\n<\/ul>\n\n<p>\ud83d\udc49 Prosimy o dbanie o sprz\u0119t i odk\u0142adanie go na miejsce po zako\u0144czeniu gry.<\/p>\n\n<hr class=\"wp-block-separator has-alpha-channel-opacity\"\/>\n\n<h2 class=\"wp-block-heading\">\u26a0\ufe0f Zasady u\u017cytkowania<\/h2>\n\n<p>Aby zapewni\u0107 wszystkim komfortowe korzystanie z obiektu:<\/p>\n\n<h3 class=\"wp-block-heading\">\ud83d\udd07 Szanowanie ciszy<\/h3>\n\n<p>Prosimy o unikanie nadmiernego ha\u0142asu, szczeg\u00f3lnie w godzinach wieczornych.<\/p>\n\n<h3 class=\"wp-block-heading\">\ud83c\udfaf W\u0142a\u015bciwe u\u017cytkowanie<\/h3>\n\n<p>Prosimy o u\u017cywanie sto\u0142u wy\u0142\u0105cznie do gry w tenisa sto\u0142owego oraz o dbanie o wyposa\u017cenie.<\/p>\n\n<h3 class=\"wp-block-heading\">\ud83e\uddf9 Czysto\u015b\u0107<\/h3>\n\n<p>Prosimy o pozostawienie przestrzeni czystej po u\u017cyciu.<\/p>\n\n<h3 class=\"wp-block-heading\">\ud83e\udd1d Dzielenie si\u0119<\/h3>\n\n<p>Poniewa\u017c jest to przestrze\u0144 wsp\u00f3lna, prosimy o umo\u017cliwienie korzystania z niej wszystkim ch\u0119tnym.<\/p>\n\n<h3 class=\"wp-block-heading\">\ud83e\uddd2 Dzieci<\/h3>\n\n<p>Dzieci musz\u0105 znajdowa\u0107 si\u0119 pod opiek\u0105 osoby doros\u0142ej.<\/p>\n\n<h3 class=\"wp-block-heading\">\u2696\ufe0f Odpowiedzialno\u015b\u0107<\/h3>\n\n<p>Korzystanie ze sto\u0142u do tenisa sto\u0142owego odbywa si\u0119 na w\u0142asn\u0105 odpowiedzialno\u015b\u0107 u\u017cytkownik\u00f3w.<\/p>\n\n<hr class=\"wp-block-separator has-alpha-channel-opacity\"\/>\n\n<h2 class=\"wp-block-heading\">\ud83d\udca1 Przydatne informacje<\/h2>\n\n<ul class=\"wp-block-list\">\n<li>Wy\u0142\u0105cznie dla go\u015bci posiad\u0142o\u015bci<\/li>\n\n\n\n<li>Aktywno\u015b\u0107 og\u00f3lnodost\u0119pna, bez konieczno\u015bci rezerwacji<\/li>\n\n\n\n<li>Dost\u0119pne o ka\u017cdej porze dnia<\/li>\n\n\n\n<li>Idealne dope\u0142nienie stref relaksu i rekreacji w posiad\u0142o\u015bci<\/li>\n<\/ul>\n\n<hr class=\"wp-block-separator has-alpha-channel-opacity\"\/>\n\n<h2 class=\"wp-block-heading\">\u2728 Chwila relaksu i wsp\u00f3lnej zabawy<\/h2>\n\n<p>St\u00f3\u0142 do tenisa sto\u0142owego wpisuje si\u0119 w ducha Domaine Baccia Donna: oferowanie prostych, dost\u0119pnych i przyjemnych przestrzeni do dzielenia si\u0119 rado\u015bci\u0105 i relaksem \ud83c\udf3f<\/p>\n","protected":false},"excerpt":{"rendered":"<p>Domaine Baccia Donna Zapraszamy do sp\u0119dzenia radosnych i mi\u0142ych chwil przy stole do tenisa sto\u0142owego w Domaine Baccia Donna. Dost\u0119pna dla wszystkich go\u015bci przestrze\u0144 jest idealnym miejscem na rozrywk\u0119, wsp\u00f3lne chwile z przyjaci\u00f3\u0142mi lub rodzin\u0105 oraz pe\u0142ne korzystanie z pobytu na Lazurowym Wybrze\u017cu. St\u00f3\u0142 do tenisa sto\u0142owego, ustawiony na zewn\u0105trz w przyjemnym otoczeniu, pozwala po\u0142\u0105czy\u0107 [&hellip;]<\/p>\n","protected":false},"author":1,"featured_media":0,"parent":0,"menu_order":0,"comment_status":"closed","ping_status":"closed","template":"","meta":{"inline_featured_image":false,"footnotes":""},"class_list":["post-3304","page","type-page","status-publish","hentry"],"_links":{"self":[{"href":"https:\/\/bacciadonna.com\/pl\/wp-json\/wp\/v2\/pages\/3304","targetHints":{"allow":["GET"]}}],"collection":[{"href":"https:\/\/bacciadonna.com\/pl\/wp-json\/wp\/v2\/pages"}],"about":[{"href":"https:\/\/bacciadonna.com\/pl\/wp-json\/wp\/v2\/types\/page"}],"author":[{"embeddable":true,"href":"https:\/\/bacciadonna.com\/pl\/wp-json\/wp\/v2\/users\/1"}],"replies":[{"embeddable":true,"href":"https:\/\/bacciadonna.com\/pl\/wp-json\/wp\/v2\/comments?post=3304"}],"version-history":[{"count":1,"href":"https:\/\/bacciadonna.com\/pl\/wp-json\/wp\/v2\/pages\/3304\/revisions"}],"predecessor-version":[{"id":3308,"href":"https:\/\/bacciadonna.com\/pl\/wp-json\/wp\/v2\/pages\/3304\/revisions\/3308"}],"wp:attachment":[{"href":"https:\/\/bacciadonna.com\/pl\/wp-json\/wp\/v2\/media?parent=3304"}],"curies":[{"name":"wp","href":"https:\/\/api.w.org\/{rel}","templated":true}]}}