{"id":3295,"date":"2026-03-28T20:49:18","date_gmt":"2026-03-28T19:49:18","guid":{"rendered":"https:\/\/bacciadonna.com\/strefa-relaksu-pod-pergola\/"},"modified":"2026-03-29T20:58:22","modified_gmt":"2026-03-29T19:58:22","slug":"strefa-relaksu-pod-pergola","status":"publish","type":"page","link":"https:\/\/bacciadonna.com\/pl\/strefa-relaksu-pod-pergola\/","title":{"rendered":"Strefa relaksu pod pergol\u0105"},"content":{"rendered":"\n<h2 class=\"wp-block-heading\">Domaine Baccia Donna<\/h2>\n\n<p>W sercu posiad\u0142o\u015bci Domaine Baccia Donna, strefa relaksu pod pergol\u0105 to miejsce stworzone do wypoczynku, spotka\u0144 towarzyskich i wsp\u00f3lnego sp\u0119dzania czasu. Chroniona przed s\u0142o\u0144cem i otwarta na zewn\u0105trz, oferuje przyjemne otoczenie do relaksu o ka\u017cdej porze dnia. <\/p>\n\n<p>W ciep\u0142ej i koj\u0105cej atmosferze, przestrze\u0144 ta jest idealna, aby cieszy\u0107 si\u0119 spokojem posiad\u0142o\u015bci, czyta\u0107, rozmawia\u0107 lub po prostu zrelaksowa\u0107 si\u0119 mi\u0119dzy zaj\u0119ciami.<\/p>\n\n<div class=\"wp-block-getwid-images-stack is-style-rounded is-layout-zeta\"><div class=\"wp-block-getwid-images-stack__wrapper\"><div class=\"wp-block-getwid-images-stack__chunk\"><div class=\"wp-block-getwid-images-stack__media-wrapper\"><div class=\"wp-block-getwid-images-stack__media-inner-wrapper\"><img loading=\"lazy\" decoding=\"async\" width=\"2560\" height=\"1920\" class=\"wp-block-getwid-images-stack__media wp-image-1509\" src=\"https:\/\/bacciadonna.com\/wp-content\/uploads\/2026\/03\/P3440347-scaled.jpg\" data-id=\"1509\" data-link=\"https:\/\/bacciadonna.com\/accueil\/lieu-de-mariage-proche-nice-domaine-baccia-donna\/anafi-1-8-2-13\/\" srcset=\"https:\/\/bacciadonna.com\/wp-content\/uploads\/2026\/03\/P3440347-scaled.jpg 2560w, https:\/\/bacciadonna.com\/wp-content\/uploads\/2026\/03\/P3440347-300x225.jpg 300w, https:\/\/bacciadonna.com\/wp-content\/uploads\/2026\/03\/P3440347-1024x768.jpg 1024w, https:\/\/bacciadonna.com\/wp-content\/uploads\/2026\/03\/P3440347-768x576.jpg 768w, https:\/\/bacciadonna.com\/wp-content\/uploads\/2026\/03\/P3440347-1536x1152.jpg 1536w, https:\/\/bacciadonna.com\/wp-content\/uploads\/2026\/03\/P3440347-2048x1536.jpg 2048w\" sizes=\"auto, (max-width: 2560px) 100vw, 2560px\" \/><\/div><\/div><div class=\"wp-block-getwid-images-stack__media-wrapper\"><div class=\"wp-block-getwid-images-stack__media-inner-wrapper\"><img loading=\"lazy\" decoding=\"async\" width=\"2560\" height=\"1920\" class=\"wp-block-getwid-images-stack__media wp-image-1457\" src=\"https:\/\/bacciadonna.com\/wp-content\/uploads\/2026\/03\/P3560359-scaled.jpg\" data-id=\"1457\" data-link=\"https:\/\/bacciadonna.com\/activites-au-domaine\/anafi-1-8-2-8\/\" srcset=\"https:\/\/bacciadonna.com\/wp-content\/uploads\/2026\/03\/P3560359-scaled.jpg 2560w, https:\/\/bacciadonna.com\/wp-content\/uploads\/2026\/03\/P3560359-300x225.jpg 300w, https:\/\/bacciadonna.com\/wp-content\/uploads\/2026\/03\/P3560359-1024x768.jpg 1024w, https:\/\/bacciadonna.com\/wp-content\/uploads\/2026\/03\/P3560359-768x576.jpg 768w, https:\/\/bacciadonna.com\/wp-content\/uploads\/2026\/03\/P3560359-1536x1152.jpg 1536w, https:\/\/bacciadonna.com\/wp-content\/uploads\/2026\/03\/P3560359-2048x1536.jpg 2048w, https:\/\/bacciadonna.com\/wp-content\/uploads\/2026\/03\/P3560359-1170x878.jpg 1170w, https:\/\/bacciadonna.com\/wp-content\/uploads\/2026\/03\/P3560359-600x450.jpg 600w\" sizes=\"auto, (max-width: 2560px) 100vw, 2560px\" \/><\/div><\/div><div class=\"wp-block-getwid-images-stack__media-wrapper\"><div class=\"wp-block-getwid-images-stack__media-inner-wrapper\"><img loading=\"lazy\" decoding=\"async\" width=\"2560\" height=\"1920\" class=\"wp-block-getwid-images-stack__media wp-image-1403\" src=\"https:\/\/bacciadonna.com\/wp-content\/uploads\/2026\/03\/P4070410-scaled.jpg\" data-id=\"1403\" data-link=\"https:\/\/bacciadonna.com\/accueil\/activites-au-domaine\/anafi-1-8-2-3\/\" srcset=\"https:\/\/bacciadonna.com\/wp-content\/uploads\/2026\/03\/P4070410-scaled.jpg 2560w, https:\/\/bacciadonna.com\/wp-content\/uploads\/2026\/03\/P4070410-300x225.jpg 300w, https:\/\/bacciadonna.com\/wp-content\/uploads\/2026\/03\/P4070410-1024x768.jpg 1024w, https:\/\/bacciadonna.com\/wp-content\/uploads\/2026\/03\/P4070410-768x576.jpg 768w, https:\/\/bacciadonna.com\/wp-content\/uploads\/2026\/03\/P4070410-1536x1152.jpg 1536w, https:\/\/bacciadonna.com\/wp-content\/uploads\/2026\/03\/P4070410-2048x1536.jpg 2048w\" sizes=\"auto, (max-width: 2560px) 100vw, 2560px\" \/><\/div><\/div><\/div><div class=\"wp-block-getwid-images-stack__chunk\"><div class=\"wp-block-getwid-images-stack__media-wrapper\"><div class=\"wp-block-getwid-images-stack__media-inner-wrapper\"><img loading=\"lazy\" decoding=\"async\" width=\"2560\" height=\"1920\" class=\"wp-block-getwid-images-stack__media wp-image-1405\" src=\"https:\/\/bacciadonna.com\/wp-content\/uploads\/2026\/03\/IMG_6282-scaled.jpg\" data-id=\"1405\" data-link=\"https:\/\/bacciadonna.com\/accueil\/activites-au-domaine\/img_6282\/\" srcset=\"https:\/\/bacciadonna.com\/wp-content\/uploads\/2026\/03\/IMG_6282-scaled.jpg 2560w, https:\/\/bacciadonna.com\/wp-content\/uploads\/2026\/03\/IMG_6282-300x225.jpg 300w, https:\/\/bacciadonna.com\/wp-content\/uploads\/2026\/03\/IMG_6282-1024x768.jpg 1024w, https:\/\/bacciadonna.com\/wp-content\/uploads\/2026\/03\/IMG_6282-768x576.jpg 768w, https:\/\/bacciadonna.com\/wp-content\/uploads\/2026\/03\/IMG_6282-1536x1152.jpg 1536w, https:\/\/bacciadonna.com\/wp-content\/uploads\/2026\/03\/IMG_6282-2048x1536.jpg 2048w, https:\/\/bacciadonna.com\/wp-content\/uploads\/2026\/03\/IMG_6282-1170x878.jpg 1170w, https:\/\/bacciadonna.com\/wp-content\/uploads\/2026\/03\/IMG_6282-600x450.jpg 600w\" sizes=\"auto, (max-width: 2560px) 100vw, 2560px\" \/><\/div><\/div><\/div><\/div><\/div>\n\n<h2 class=\"wp-block-heading\">\ud83c\udf3f Salon zewn\u0119trzny w sercu posiad\u0142o\u015bci<\/h2>\n\n<p>Pergola zosta\u0142a zaaran\u017cowana jako prawdziwa strefa wypoczynkowa:<\/p>\n\n<ul class=\"wp-block-list\">\n<li>\ud83d\udecb\ufe0f Wygodne sofy i siedziska<\/li>\n\n\n\n<li>\ud83c\udf34 Naturalnie zacieniona i wentylowana przestrze\u0144<\/li>\n\n\n\n<li>\ud83c\udf3f Widok na tereny zewn\u0119trzne posiad\u0142o\u015bci<\/li>\n\n\n\n<li>\u2600\ufe0f Ciep\u0142a i relaksuj\u0105ca atmosfera<\/li>\n<\/ul>\n\n<p>\ud83d\udc49 Idealne miejsce do czytania, rozm\u00f3w, odpoczynku lub po prostu cieszenia si\u0119 otaczaj\u0105cym spokojem.<\/p>\n\n<hr class=\"wp-block-separator has-alpha-channel-opacity\"\/>\n\n<h2 class=\"wp-block-heading\">\u2600\ufe0f Przestrze\u0144 do \u017cycia o ka\u017cdej porze dnia<\/h2>\n\n<p>Strefa relaksu dostosowuje si\u0119 do wszystkich p\u00f3r dnia:<\/p>\n\n<ul class=\"wp-block-list\">\n<li>\u2615 <strong>Rano<\/strong>: spokojna kawa<\/li>\n\n\n\n<li>\ud83c\udf3f <strong>W ci\u0105gu dnia<\/strong>: odpoczynek w cieniu, czytanie lub przerwa<\/li>\n\n\n\n<li>\ud83e\udd42 <strong>Pod koniec dnia<\/strong>: wsp\u00f3lne chwile z przyjaci\u00f3\u0142mi lub rodzin\u0105<\/li>\n\n\n\n<li>\ud83c\udf19 <strong>Wieczorem<\/strong>: cieszenie si\u0119 \u0142agodn\u0105 i koj\u0105c\u0105 atmosfer\u0105<\/li>\n<\/ul>\n\n<hr class=\"wp-block-separator has-alpha-channel-opacity\"\/>\n\n<h2 class=\"wp-block-heading\">\ud83e\udd1d Miejsce spotka\u0144 i dzielenia si\u0119<\/h2>\n\n<p>Przestrze\u0144 ta zosta\u0142a zaprojektowana tak, aby sprzyja\u0107 wymianie, jednocze\u015bnie szanuj\u0105c prywatno\u015b\u0107 ka\u017cdego.<br\/>Mo\u017ce by\u0107 wykorzystywana do:<\/p>\n\n<ul class=\"wp-block-list\">\n<li>Chwil relaksu w pojedynk\u0119<\/li>\n\n\n\n<li>Rozm\u00f3w mi\u0119dzy podr\u00f3\u017cnymi<\/li>\n\n\n\n<li>Spokojnych chwil z rodzin\u0105<\/li>\n\n\n\n<li>Przerw mi\u0119dzy zaj\u0119ciami na terenie posiad\u0142o\u015bci<\/li>\n<\/ul>\n\n<hr class=\"wp-block-separator has-alpha-channel-opacity\"\/>\n\n<h2 class=\"wp-block-heading\">\ud83d\udd52 Swobodny dost\u0119p<\/h2>\n\n<p>Przestrze\u0144 pod pergol\u0105 jest swobodnie dost\u0119pna dla wszystkich go\u015bci posiad\u0142o\u015bci.<\/p>\n\n<p>Prosimy o szanowanie miejsca i innych u\u017cytkownik\u00f3w, aby zachowa\u0107 przyjemn\u0105 atmosfer\u0119 dla wszystkich.<\/p>\n\n<hr class=\"wp-block-separator has-alpha-channel-opacity\"\/>\n\n<h2 class=\"wp-block-heading\">\u26a0\ufe0f Zasady u\u017cytkowania<\/h2>\n\n<p>Aby zapewni\u0107 komfort i spok\u00f3j ka\u017cdemu:<\/p>\n\n<h3 class=\"wp-block-heading\">\ud83d\udd07 Szanowanie ciszy<\/h3>\n\n<p>Prosimy o zachowanie spokojnej atmosfery i unikanie ha\u0142asu.<\/p>\n\n<h3 class=\"wp-block-heading\">\ud83e\uddf9 Czysto\u015b\u0107<\/h3>\n\n<p>Prosimy o pozostawienie przestrzeni czystej po u\u017cyciu.<\/p>\n\n<h3 class=\"wp-block-heading\">\ud83e\udd1d Dzielenie si\u0119<\/h3>\n\n<p>Ta przestrze\u0144 jest wsp\u00f3lna: prosimy o uprzejmo\u015b\u0107 wobec innych podr\u00f3\u017cnych.<\/p>\n\n<h3 class=\"wp-block-heading\">\ud83d\udead Odpowiedzialne u\u017cytkowanie<\/h3>\n\n<p>Prosimy o szanowanie udost\u0119pnionych mebli i sprz\u0119tu.<\/p>\n\n<h3 class=\"wp-block-heading\">\ud83e\uddd2 Dzieci<\/h3>\n\n<p>Dzieci musz\u0105 znajdowa\u0107 si\u0119 <strong>pod nadzorem osoby doros\u0142ej<\/strong>.<\/p>\n\n<h3 class=\"wp-block-heading\">\u2696\ufe0f Odpowiedzialno\u015b\u0107<\/h3>\n\n<p>Korzystanie z tej przestrzeni odbywa si\u0119 na odpowiedzialno\u015b\u0107 u\u017cytkownik\u00f3w.<\/p>\n\n<hr class=\"wp-block-separator has-alpha-channel-opacity\"\/>\n\n<h2 class=\"wp-block-heading\">\ud83d\udca1 Dodatkowe informacje<\/h2>\n\n<ul class=\"wp-block-list\">\n<li>Przestrze\u0144 zarezerwowana dla go\u015bci posiad\u0142o\u015bci<\/li>\n\n\n\n<li>Dost\u0119pna przez ca\u0142y dzie\u0144<\/li>\n\n\n\n<li>Idealna do uzupe\u0142nienia do\u015bwiadczenia wellness (jacuzzi, joga, relaks)<\/li>\n\n\n\n<li>Dostosowane do u\u017cytku indywidualnego lub w ma\u0142ych grupach<\/li>\n<\/ul>\n\n<hr class=\"wp-block-separator has-alpha-channel-opacity\"\/>\n\n<h2 class=\"wp-block-heading\">\u2728 Duch miejsca<\/h2>\n\n<p>Strefa relaksu pod pergol\u0105 uciele\u015bnia sztuk\u0119 \u017cycia Domaine Baccia Donna: r\u00f3wnowag\u0119 mi\u0119dzy spokojem, natur\u0105 i wsp\u00f3lnot\u0105 \ud83c\udf3f<\/p>\n\n<p>To miejsce, gdzie mo\u017cna zwolni\u0107, spotka\u0107 si\u0119 i gdzie ka\u017cda chwila staje si\u0119 chwil\u0105 relaksu w sercu Lazurowego Wybrze\u017ca.<\/p>\n","protected":false},"excerpt":{"rendered":"<p>Domaine Baccia Donna W sercu posiad\u0142o\u015bci Domaine Baccia Donna, strefa relaksu pod pergol\u0105 to miejsce stworzone do wypoczynku, spotka\u0144 towarzyskich i wsp\u00f3lnego sp\u0119dzania czasu. Chroniona przed s\u0142o\u0144cem i otwarta na zewn\u0105trz, oferuje przyjemne otoczenie do relaksu o ka\u017cdej porze dnia. W ciep\u0142ej i koj\u0105cej atmosferze, przestrze\u0144 ta jest idealna, aby cieszy\u0107 si\u0119 spokojem posiad\u0142o\u015bci, czyta\u0107, [&hellip;]<\/p>\n","protected":false},"author":1,"featured_media":0,"parent":0,"menu_order":0,"comment_status":"closed","ping_status":"closed","template":"","meta":{"inline_featured_image":false,"footnotes":""},"class_list":["post-3295","page","type-page","status-publish","hentry"],"_links":{"self":[{"href":"https:\/\/bacciadonna.com\/pl\/wp-json\/wp\/v2\/pages\/3295","targetHints":{"allow":["GET"]}}],"collection":[{"href":"https:\/\/bacciadonna.com\/pl\/wp-json\/wp\/v2\/pages"}],"about":[{"href":"https:\/\/bacciadonna.com\/pl\/wp-json\/wp\/v2\/types\/page"}],"author":[{"embeddable":true,"href":"https:\/\/bacciadonna.com\/pl\/wp-json\/wp\/v2\/users\/1"}],"replies":[{"embeddable":true,"href":"https:\/\/bacciadonna.com\/pl\/wp-json\/wp\/v2\/comments?post=3295"}],"version-history":[{"count":1,"href":"https:\/\/bacciadonna.com\/pl\/wp-json\/wp\/v2\/pages\/3295\/revisions"}],"predecessor-version":[{"id":3296,"href":"https:\/\/bacciadonna.com\/pl\/wp-json\/wp\/v2\/pages\/3295\/revisions\/3296"}],"wp:attachment":[{"href":"https:\/\/bacciadonna.com\/pl\/wp-json\/wp\/v2\/media?parent=3295"}],"curies":[{"name":"wp","href":"https:\/\/api.w.org\/{rel}","templated":true}]}}