{"id":3292,"date":"2026-03-28T20:18:24","date_gmt":"2026-03-28T19:18:24","guid":{"rendered":"https:\/\/bacciadonna.com\/przestrzen-pilates-jogi\/"},"modified":"2026-03-29T20:58:21","modified_gmt":"2026-03-29T19:58:21","slug":"przestrzen-pilates-jogi","status":"publish","type":"page","link":"https:\/\/bacciadonna.com\/pl\/przestrzen-pilates-jogi\/","title":{"rendered":"Przestrze\u0144 Pilates &amp; Jogi"},"content":{"rendered":"\n<h2 class=\"wp-block-heading\">Domaine Baccia Donna<\/h2>\n\n<p>Przestrze\u0144 Pilates &amp; Jogi w Domaine Baccia Donna to miejsce po\u015bwi\u0119cone dobremu samopoczuciu, relaksowi i \u0142agodnej aktywno\u015bci fizycznej. Pozwala Pa\u0144stwu \u0107wiczy\u0107 w spokojnym otoczeniu, sprzyjaj\u0105cym koncentracji i odpr\u0119\u017ceniu, w sercu Lazurowego Wybrze\u017ca. <\/p>\n\n<p>Dost\u0119pna dla go\u015bci posiad\u0142o\u015bci, przestrze\u0144 ta zosta\u0142a zaprojektowana, aby zapewni\u0107 chwil\u0119 wytchnienia, czy to na sesj\u0119 jogi, Pilatesu, rozci\u0105gania czy medytacji.<\/p>\n\n<div class=\"wp-block-getwid-images-stack is-style-rounded is-layout-zeta\"><div class=\"wp-block-getwid-images-stack__wrapper\"><div class=\"wp-block-getwid-images-stack__chunk\"><div class=\"wp-block-getwid-images-stack__media-wrapper\"><div class=\"wp-block-getwid-images-stack__media-inner-wrapper\"><img loading=\"lazy\" decoding=\"async\" width=\"2560\" height=\"1709\" class=\"wp-block-getwid-images-stack__media wp-image-2292\" src=\"https:\/\/bacciadonna.com\/wp-content\/uploads\/2026\/03\/woman-doing-yoga-outdoors-scaled.jpg\" data-id=\"2292\" data-link=\"https:\/\/bacciadonna.com\/%f0%9f%8e%af-terrain-de-petanque-domaine-baccia-donna\/woman-doing-yoga-outdoors\/\" srcset=\"https:\/\/bacciadonna.com\/wp-content\/uploads\/2026\/03\/woman-doing-yoga-outdoors-scaled.jpg 2560w, https:\/\/bacciadonna.com\/wp-content\/uploads\/2026\/03\/woman-doing-yoga-outdoors-300x200.jpg 300w, https:\/\/bacciadonna.com\/wp-content\/uploads\/2026\/03\/woman-doing-yoga-outdoors-1024x684.jpg 1024w, https:\/\/bacciadonna.com\/wp-content\/uploads\/2026\/03\/woman-doing-yoga-outdoors-768x513.jpg 768w, https:\/\/bacciadonna.com\/wp-content\/uploads\/2026\/03\/woman-doing-yoga-outdoors-1536x1025.jpg 1536w, https:\/\/bacciadonna.com\/wp-content\/uploads\/2026\/03\/woman-doing-yoga-outdoors-2048x1367.jpg 2048w, https:\/\/bacciadonna.com\/wp-content\/uploads\/2026\/03\/woman-doing-yoga-outdoors-1170x781.jpg 1170w, https:\/\/bacciadonna.com\/wp-content\/uploads\/2026\/03\/woman-doing-yoga-outdoors-600x401.jpg 600w\" sizes=\"auto, (max-width: 2560px) 100vw, 2560px\" \/><\/div><\/div><div class=\"wp-block-getwid-images-stack__media-wrapper\"><div class=\"wp-block-getwid-images-stack__media-inner-wrapper\"><img loading=\"lazy\" decoding=\"async\" width=\"1709\" height=\"2560\" class=\"wp-block-getwid-images-stack__media wp-image-2291\" src=\"https:\/\/bacciadonna.com\/wp-content\/uploads\/2026\/03\/relaxed-girl-practicing-yoga-outdoor-scaled.jpg\" data-id=\"2291\" data-link=\"https:\/\/bacciadonna.com\/%f0%9f%8e%af-terrain-de-petanque-domaine-baccia-donna\/relaxed-girl-practicing-yoga-outdoor\/\" srcset=\"https:\/\/bacciadonna.com\/wp-content\/uploads\/2026\/03\/relaxed-girl-practicing-yoga-outdoor-scaled.jpg 1709w, https:\/\/bacciadonna.com\/wp-content\/uploads\/2026\/03\/relaxed-girl-practicing-yoga-outdoor-200x300.jpg 200w, https:\/\/bacciadonna.com\/wp-content\/uploads\/2026\/03\/relaxed-girl-practicing-yoga-outdoor-684x1024.jpg 684w, https:\/\/bacciadonna.com\/wp-content\/uploads\/2026\/03\/relaxed-girl-practicing-yoga-outdoor-768x1150.jpg 768w, https:\/\/bacciadonna.com\/wp-content\/uploads\/2026\/03\/relaxed-girl-practicing-yoga-outdoor-1025x1536.jpg 1025w, https:\/\/bacciadonna.com\/wp-content\/uploads\/2026\/03\/relaxed-girl-practicing-yoga-outdoor-1367x2048.jpg 1367w\" sizes=\"auto, (max-width: 1709px) 100vw, 1709px\" \/><\/div><\/div><div class=\"wp-block-getwid-images-stack__media-wrapper\"><div class=\"wp-block-getwid-images-stack__media-inner-wrapper\"><img loading=\"lazy\" decoding=\"async\" width=\"537\" height=\"350\" class=\"wp-block-getwid-images-stack__media wp-image-1909\" src=\"https:\/\/bacciadonna.com\/wp-content\/uploads\/2026\/03\/yoga-pilate.jpg\" data-id=\"1909\" data-link=\"https:\/\/bacciadonna.com\/yoga-pilate-2\/\" srcset=\"https:\/\/bacciadonna.com\/wp-content\/uploads\/2026\/03\/yoga-pilate.jpg 537w, https:\/\/bacciadonna.com\/wp-content\/uploads\/2026\/03\/yoga-pilate-300x196.jpg 300w, https:\/\/bacciadonna.com\/wp-content\/uploads\/2026\/03\/yoga-pilate-140x90.jpg 140w\" sizes=\"auto, (max-width: 537px) 100vw, 537px\" \/><\/div><\/div><\/div><div class=\"wp-block-getwid-images-stack__chunk\"><div class=\"wp-block-getwid-images-stack__media-wrapper\"><div class=\"wp-block-getwid-images-stack__media-inner-wrapper\"><img loading=\"lazy\" decoding=\"async\" width=\"2560\" height=\"2560\" class=\"wp-block-getwid-images-stack__media wp-image-2294\" src=\"https:\/\/bacciadonna.com\/wp-content\/uploads\/2026\/03\/young-woman-doing-yoga-morning-scaled.jpg\" data-id=\"2294\" data-link=\"https:\/\/bacciadonna.com\/%f0%9f%8e%af-terrain-de-petanque-domaine-baccia-donna\/young-woman-doing-yoga-morning\/\" srcset=\"https:\/\/bacciadonna.com\/wp-content\/uploads\/2026\/03\/young-woman-doing-yoga-morning-scaled.jpg 2560w, https:\/\/bacciadonna.com\/wp-content\/uploads\/2026\/03\/young-woman-doing-yoga-morning-300x300.jpg 300w, https:\/\/bacciadonna.com\/wp-content\/uploads\/2026\/03\/young-woman-doing-yoga-morning-1024x1024.jpg 1024w, https:\/\/bacciadonna.com\/wp-content\/uploads\/2026\/03\/young-woman-doing-yoga-morning-150x150.jpg 150w, https:\/\/bacciadonna.com\/wp-content\/uploads\/2026\/03\/young-woman-doing-yoga-morning-768x768.jpg 768w, https:\/\/bacciadonna.com\/wp-content\/uploads\/2026\/03\/young-woman-doing-yoga-morning-1536x1536.jpg 1536w, https:\/\/bacciadonna.com\/wp-content\/uploads\/2026\/03\/young-woman-doing-yoga-morning-2048x2048.jpg 2048w, https:\/\/bacciadonna.com\/wp-content\/uploads\/2026\/03\/young-woman-doing-yoga-morning-1170x1170.jpg 1170w, https:\/\/bacciadonna.com\/wp-content\/uploads\/2026\/03\/young-woman-doing-yoga-morning-992x992.jpg 992w, https:\/\/bacciadonna.com\/wp-content\/uploads\/2026\/03\/young-woman-doing-yoga-morning-600x600.jpg 600w, https:\/\/bacciadonna.com\/wp-content\/uploads\/2026\/03\/young-woman-doing-yoga-morning-100x100.jpg 100w\" sizes=\"auto, (max-width: 2560px) 100vw, 2560px\" \/><\/div><\/div><\/div><\/div><\/div>\n\n<h2 class=\"wp-block-heading\">\ud83e\uddd8 Korzystanie z przestrzeni<\/h2>\n\n<p>Ta przestrze\u0144 jest idealna do:<\/p>\n\n<ul class=\"wp-block-list\">\n<li>\ud83e\uddd8\u200d\u2640\ufe0f Joga (pozycje, oddech, relaks)<\/li>\n\n\n\n<li>\ud83e\udd38 Pilates<\/li>\n\n\n\n<li>\ud83e\uddcd Rozci\u0105ganie i \u0142agodna mobilno\u015b\u0107<\/li>\n\n\n\n<li>\ud83e\uddd8 Medytacja i \u0107wiczenia oddechowe<\/li>\n<\/ul>\n\n<p>Korzystanie jest swobodne i nieobj\u0119te nadzorem.<\/p>\n\n<hr class=\"wp-block-separator has-alpha-channel-opacity\"\/>\n\n<h2 class=\"wp-block-heading\">\u26a0\ufe0f Zasady u\u017cytkowania<\/h2>\n\n<p>Aby zapewni\u0107 przyjemne \u015brodowisko dla wszystkich, prosimy o przestrzeganie nast\u0119puj\u0105cych zasad:<\/p>\n\n<h3 class=\"wp-block-heading\">\ud83d\udd07 Spok\u00f3j i cisza<\/h3>\n\n<p>Poniewa\u017c przestrze\u0144 jest przeznaczona do dbania o dobre samopoczucie, prosimy o zachowanie spokojnej i cichej atmosfery.<\/p>\n\n<h3 class=\"wp-block-heading\">\ud83e\uddf9 Czysto\u015b\u0107<\/h3>\n\n<p>Prosimy o pozostawienie przestrzeni czystej po u\u017cyciu i od\u0142o\u017cenie sprz\u0119tu na swoje miejsce.<\/p>\n\n<h3 class=\"wp-block-heading\">\ud83e\uddf4 Szacunek dla sprz\u0119tu<\/h3>\n\n<p>Udost\u0119pniony sprz\u0119t powinien by\u0107 u\u017cywany z ostro\u017cno\u015bci\u0105 i szacunkiem przez wszystkich u\u017cytkownik\u00f3w.<\/p>\n\n<h3 class=\"wp-block-heading\">\ud83e\udd1d Dzielenie si\u0119<\/h3>\n\n<p>W przypadku jednoczesnego korzystania, prosimy o uprzejmo\u015b\u0107 i dzielenie si\u0119 przestrzeni\u0105.<\/p>\n\n<h3 class=\"wp-block-heading\">\ud83e\uddd2 Dzieci<\/h3>\n\n<p>Dzieci musz\u0105 znajdowa\u0107 si\u0119 <strong>pod nadzorem osoby doros\u0142ej<\/strong> i korzysta\u0107 z przestrzeni w odpowiedni spos\u00f3b.<\/p>\n\n<h3 class=\"wp-block-heading\">\u2696\ufe0f Odpowiedzialno\u015b\u0107<\/h3>\n\n<p>Korzystanie z przestrzeni odbywa si\u0119 na odpowiedzialno\u015b\u0107 u\u017cytkownik\u00f3w.<\/p>\n\n<hr class=\"wp-block-separator has-alpha-channel-opacity\"\/>\n\n<h2 class=\"wp-block-heading\">\ud83d\udca1 Przydatne informacje<\/h2>\n\n<ul class=\"wp-block-list\">\n<li>Przestrze\u0144 zarezerwowana dla go\u015bci posiad\u0142o\u015bci<\/li>\n\n\n\n<li>Swobodna praktyka, bez nadzoru<\/li>\n\n\n\n<li>Prosimy o poszanowanie spokoju miejsca i innych mieszka\u0144c\u00f3w<\/li>\n\n\n\n<li>Dostosowane do u\u017cytku indywidualnego lub w ma\u0142ych grupach<\/li>\n<\/ul>\n\n<hr class=\"wp-block-separator has-alpha-channel-opacity\"\/>\n\n<h2 class=\"wp-block-heading\">\u2728 Przestrze\u0144 dedykowana Pa\u0144stwa dobremu samopoczuciu<\/h2>\n\n<p>Przestrze\u0144 Pilates &amp; Jogi zosta\u0142a zaprojektowana, aby zapewni\u0107 Pa\u0144stwu chwil\u0119 relaksu i wyciszenia, w spokojnym i przyjemnym otoczeniu \ud83c\udf3f<\/p>\n\n<p>Niezale\u017cnie od tego, czy chodzi o \u0142agodne rozpocz\u0119cie dnia, czy o roz\u0142adowanie napi\u0119\u0107, ta przestrze\u0144 doskonale wpisuje si\u0119 w Pa\u0144stwa do\u015bwiadczenie w Domaine Baccia Donna.<\/p>\n\n<h2 class=\"wp-block-heading\">\ud83e\uddd8 Dost\u0119pny sprz\u0119t<\/h2>\n\n<p>Ca\u0142y niezb\u0119dny sprz\u0119t do praktyki Pilatesu i Jogi jest do Pa\u0144stwa dyspozycji:<\/p>\n\n<ul class=\"wp-block-list\">\n<li>\ud83e\uddd8 Maty do jogi<\/li>\n\n\n\n<li>\ud83e\uddf4 Bloki do jogi (piankowe)<\/li>\n\n\n\n<li>\ud83e\udea2 Paski \/ ta\u015bmy<\/li>\n\n\n\n<li>\ud83d\udecb\ufe0f Poduszki do medytacji (bolstery \/ zafusy)<\/li>\n\n\n\n<li>\ud83e\uddfa Koce relaksacyjne<\/li>\n\n\n\n<li>\ud83c\udfd0 Pi\u0142ki do Pilatesu (w zale\u017cno\u015bci od dost\u0119pno\u015bci)<\/li>\n\n\n\n<li>\ud83e\udeb5 Rolki \/ akcesoria do rozci\u0105gania (w zale\u017cno\u015bci od dost\u0119pno\u015bci)<\/li>\n<\/ul>\n\n<p>\ud83d\udc49 Prosimy o ostro\u017cne korzystanie ze sprz\u0119tu i odk\u0142adanie go na miejsce po u\u017cyciu, aby ka\u017cdy m\u00f3g\u0142 z niego korzysta\u0107 w dobrych warunkach.<\/p>\n","protected":false},"excerpt":{"rendered":"<p>Domaine Baccia Donna Przestrze\u0144 Pilates &amp; Jogi w Domaine Baccia Donna to miejsce po\u015bwi\u0119cone dobremu samopoczuciu, relaksowi i \u0142agodnej aktywno\u015bci fizycznej. Pozwala Pa\u0144stwu \u0107wiczy\u0107 w spokojnym otoczeniu, sprzyjaj\u0105cym koncentracji i odpr\u0119\u017ceniu, w sercu Lazurowego Wybrze\u017ca. Dost\u0119pna dla go\u015bci posiad\u0142o\u015bci, przestrze\u0144 ta zosta\u0142a zaprojektowana, aby zapewni\u0107 chwil\u0119 wytchnienia, czy to na sesj\u0119 jogi, Pilatesu, rozci\u0105gania czy [&hellip;]<\/p>\n","protected":false},"author":1,"featured_media":0,"parent":0,"menu_order":0,"comment_status":"closed","ping_status":"closed","template":"","meta":{"inline_featured_image":false,"footnotes":""},"class_list":["post-3292","page","type-page","status-publish","hentry"],"_links":{"self":[{"href":"https:\/\/bacciadonna.com\/pl\/wp-json\/wp\/v2\/pages\/3292","targetHints":{"allow":["GET"]}}],"collection":[{"href":"https:\/\/bacciadonna.com\/pl\/wp-json\/wp\/v2\/pages"}],"about":[{"href":"https:\/\/bacciadonna.com\/pl\/wp-json\/wp\/v2\/types\/page"}],"author":[{"embeddable":true,"href":"https:\/\/bacciadonna.com\/pl\/wp-json\/wp\/v2\/users\/1"}],"replies":[{"embeddable":true,"href":"https:\/\/bacciadonna.com\/pl\/wp-json\/wp\/v2\/comments?post=3292"}],"version-history":[{"count":1,"href":"https:\/\/bacciadonna.com\/pl\/wp-json\/wp\/v2\/pages\/3292\/revisions"}],"predecessor-version":[{"id":3294,"href":"https:\/\/bacciadonna.com\/pl\/wp-json\/wp\/v2\/pages\/3292\/revisions\/3294"}],"wp:attachment":[{"href":"https:\/\/bacciadonna.com\/pl\/wp-json\/wp\/v2\/media?parent=3292"}],"curies":[{"name":"wp","href":"https:\/\/api.w.org\/{rel}","templated":true}]}}