{"id":3280,"date":"2026-03-28T18:03:25","date_gmt":"2026-03-28T17:03:25","guid":{"rendered":"https:\/\/bacciadonna.com\/jacuzzi-zewnetrzne-domaine-baccia-donna-w-poblizu-nicei-i-monako\/"},"modified":"2026-03-29T20:58:20","modified_gmt":"2026-03-29T19:58:20","slug":"jacuzzi-zewnetrzne-domaine-baccia-donna-w-poblizu-nicei-i-monako","status":"publish","type":"page","link":"https:\/\/bacciadonna.com\/pl\/jacuzzi-zewnetrzne-domaine-baccia-donna-w-poblizu-nicei-i-monako\/","title":{"rendered":"Jacuzzi zewn\u0119trzne \u2013 Domaine Baccia Donna w pobli\u017cu Nicei i Monako"},"content":{"rendered":"\n<p>\ud83c\udf3f <strong>Wyj\u0105tkowa strefa wellness w sercu Lazurowego Wybrze\u017ca<\/strong><\/p>\n\n<p>W ramach Domaine Baccia Donna zapraszamy do korzystania z <strong>wysokiej klasy 8-osobowego jacuzzi zewn\u0119trznego<\/strong>, zaprojektowanego, aby zapewni\u0107 prawdziwe chwile odpr\u0119\u017cenia w spokojnym, zielonym i kameralnym otoczeniu, zaledwie kilka minut od Nicei i Monako.<\/p>\n\n<p>\u2728 Wyj\u0105tkowe do\u015bwiadczenie relaksu<\/p>\n\n<div class=\"wp-block-getwid-images-stack\"><div class=\"wp-block-getwid-images-stack__wrapper\"><div class=\"wp-block-getwid-images-stack__chunk\"><div class=\"wp-block-getwid-images-stack__media-wrapper\"><div class=\"wp-block-getwid-images-stack__media-inner-wrapper\"><img loading=\"lazy\" decoding=\"async\" width=\"1920\" height=\"2560\" class=\"wp-block-getwid-images-stack__media wp-image-2239\" src=\"https:\/\/bacciadonna.com\/wp-content\/uploads\/2019\/06\/IMG_0928-scaled.jpeg\" data-id=\"2239\" data-link=\"https:\/\/bacciadonna.com\/%f0%9f%8d%bd%ef%b8%8f-les-meilleurs-restaurants-autour-de-la-trinite-nice-et-monaco\/img_0928\/\"><\/div><\/div><div class=\"wp-block-getwid-images-stack__media-wrapper\"><div class=\"wp-block-getwid-images-stack__media-inner-wrapper\"><img loading=\"lazy\" decoding=\"async\" width=\"2560\" height=\"1440\" class=\"wp-block-getwid-images-stack__media wp-image-1990\" src=\"https:\/\/bacciadonna.com\/wp-content\/uploads\/2026\/03\/IMG_0448-scaled.jpeg\" data-id=\"1990\" data-link=\"https:\/\/bacciadonna.com\/accueil\/activites-au-domaine\/img_0448\/\" srcset=\"https:\/\/bacciadonna.com\/wp-content\/uploads\/2026\/03\/IMG_0448-scaled.jpeg 2560w, https:\/\/bacciadonna.com\/wp-content\/uploads\/2026\/03\/IMG_0448-300x169.jpeg 300w, https:\/\/bacciadonna.com\/wp-content\/uploads\/2026\/03\/IMG_0448-1024x576.jpeg 1024w, https:\/\/bacciadonna.com\/wp-content\/uploads\/2026\/03\/IMG_0448-768x432.jpeg 768w, https:\/\/bacciadonna.com\/wp-content\/uploads\/2026\/03\/IMG_0448-1536x864.jpeg 1536w, https:\/\/bacciadonna.com\/wp-content\/uploads\/2026\/03\/IMG_0448-2048x1152.jpeg 2048w, https:\/\/bacciadonna.com\/wp-content\/uploads\/2026\/03\/IMG_0448-1170x658.jpeg 1170w, https:\/\/bacciadonna.com\/wp-content\/uploads\/2026\/03\/IMG_0448-600x338.jpeg 600w\" sizes=\"auto, (max-width: 2560px) 100vw, 2560px\" \/><\/div><\/div><div class=\"wp-block-getwid-images-stack__media-wrapper\"><div class=\"wp-block-getwid-images-stack__media-inner-wrapper\"><img loading=\"lazy\" decoding=\"async\" width=\"2560\" height=\"1440\" class=\"wp-block-getwid-images-stack__media wp-image-1992\" src=\"https:\/\/bacciadonna.com\/wp-content\/uploads\/2026\/03\/IMG_0450-scaled.jpeg\" data-id=\"1992\" data-link=\"https:\/\/bacciadonna.com\/accueil\/img_0450\/\" srcset=\"https:\/\/bacciadonna.com\/wp-content\/uploads\/2026\/03\/IMG_0450-scaled.jpeg 2560w, https:\/\/bacciadonna.com\/wp-content\/uploads\/2026\/03\/IMG_0450-300x169.jpeg 300w, https:\/\/bacciadonna.com\/wp-content\/uploads\/2026\/03\/IMG_0450-1024x576.jpeg 1024w, https:\/\/bacciadonna.com\/wp-content\/uploads\/2026\/03\/IMG_0450-768x432.jpeg 768w, https:\/\/bacciadonna.com\/wp-content\/uploads\/2026\/03\/IMG_0450-1536x864.jpeg 1536w, https:\/\/bacciadonna.com\/wp-content\/uploads\/2026\/03\/IMG_0450-2048x1152.jpeg 2048w, https:\/\/bacciadonna.com\/wp-content\/uploads\/2026\/03\/IMG_0450-1170x658.jpeg 1170w, https:\/\/bacciadonna.com\/wp-content\/uploads\/2026\/03\/IMG_0450-600x338.jpeg 600w\" sizes=\"auto, (max-width: 2560px) 100vw, 2560px\" \/><\/div><\/div><\/div><div class=\"wp-block-getwid-images-stack__chunk\"><div class=\"wp-block-getwid-images-stack__media-wrapper\"><div class=\"wp-block-getwid-images-stack__media-inner-wrapper\"><img loading=\"lazy\" decoding=\"async\" width=\"1920\" height=\"2560\" class=\"wp-block-getwid-images-stack__media wp-image-1858\" src=\"https:\/\/bacciadonna.com\/wp-content\/uploads\/2026\/03\/IMG_0920-1-scaled.jpeg\" data-id=\"1858\" data-link=\"https:\/\/bacciadonna.com\/accueil\/activites-au-domaine\/img_0920-2\/\"><\/div><\/div><div class=\"wp-block-getwid-images-stack__media-wrapper\"><div class=\"wp-block-getwid-images-stack__media-inner-wrapper\"><img loading=\"lazy\" decoding=\"async\" width=\"2560\" height=\"1440\" class=\"wp-block-getwid-images-stack__media wp-image-1989\" src=\"https:\/\/bacciadonna.com\/wp-content\/uploads\/2026\/03\/IMG_0434-scaled.jpeg\" data-id=\"1989\" data-link=\"https:\/\/bacciadonna.com\/accueil\/un-domaine-de-charme-aux-portes-de-nice-monaco\/img_0434\/\" srcset=\"https:\/\/bacciadonna.com\/wp-content\/uploads\/2026\/03\/IMG_0434-scaled.jpeg 2560w, https:\/\/bacciadonna.com\/wp-content\/uploads\/2026\/03\/IMG_0434-300x169.jpeg 300w, https:\/\/bacciadonna.com\/wp-content\/uploads\/2026\/03\/IMG_0434-1024x576.jpeg 1024w, https:\/\/bacciadonna.com\/wp-content\/uploads\/2026\/03\/IMG_0434-768x432.jpeg 768w, https:\/\/bacciadonna.com\/wp-content\/uploads\/2026\/03\/IMG_0434-1536x864.jpeg 1536w, https:\/\/bacciadonna.com\/wp-content\/uploads\/2026\/03\/IMG_0434-2048x1152.jpeg 2048w, https:\/\/bacciadonna.com\/wp-content\/uploads\/2026\/03\/IMG_0434-1170x658.jpeg 1170w, https:\/\/bacciadonna.com\/wp-content\/uploads\/2026\/03\/IMG_0434-600x338.jpeg 600w\" sizes=\"auto, (max-width: 2560px) 100vw, 2560px\" \/><\/div><\/div><\/div><\/div><\/div>\n\n<p>Jacuzzi na terenie posiad\u0142o\u015bci jest prawdziwym atutem Pa\u0144stwa pobytu:<\/p>\n\n<p>\u2668\ufe0f Wysokiej klasy jacuzzi <strong>przelewowe<\/strong> 8-osobowe zarezerwowane dla go\u015bci <em>(od kwietnia do pa\u017adziernika \u2013 od 9:00 do 20:00, podgrzewanie na \u017cyczenie)<\/em><br\/>\ud83c\udf3f Zintegrowane z naturalnym i koj\u0105cym otoczeniem<br\/>\ud83c\udf19 Idealna atmosfera zar\u00f3wno w dzie\u0144, jak i wieczorem<br\/>\ud83d\udca7 Podgrzewana woda dla optymalnego komfortu<br\/>\ud83e\uddd8 Idealne na relaks po dniu zwiedzania lub pracy<\/p>\n\n<p>\ud83d\udc49 Niezale\u017cnie od tego, czy s\u0105 Pa\u0144stwo par\u0105, rodzin\u0105 czy grup\u0105 przyjaci\u00f3\u0142, jest to przestrze\u0144 stworzona z my\u015bl\u0105 o odpoczynku i wsp\u00f3lnym sp\u0119dzaniu czasu.<\/p>\n\n<hr class=\"wp-block-separator has-alpha-channel-opacity\"\/>\n\n<h2 class=\"wp-block-heading\">\ud83d\udd52 Dost\u0119p do jacuzzi<\/h2>\n\n<ul class=\"wp-block-list\">\n<li>\ud83d\udcc5 Dost\u0119pne <strong>od kwietnia do pa\u017adziernika<\/strong><\/li>\n\n\n\n<li>\ud83d\udd57 Godziny otwarcia: <strong>9:00\u201320:00<\/strong><\/li>\n\n\n\n<li>\ud83d\udd25 Podgrzewanie na \u017cyczenie (prosimy o wcze\u015bniejsze powiadomienie) *<\/li>\n\n\n\n<li>\ud83d\udc65 Zarezerwowane wy\u0142\u0105cznie dla go\u015bci posiad\u0142o\u015bci<\/li>\n\n\n\n<li>\u26a0\ufe0f Korzystanie z jacuzzi jest zabronione dla dzieci poni\u017cej 12 roku \u017cycia i niewskazane dla kobiet w ci\u0105\u017cy.<\/li>\n\n\n\n<li>\u26a0\ufe0f Dzieci, kt\u00f3rym zezwolono na wst\u0119p, musz\u0105 pozostawa\u0107 pod sta\u0142\u0105 opiek\u0105 osoby doros\u0142ej.<\/li>\n<\/ul>\n\n<hr class=\"wp-block-separator has-alpha-channel-opacity\"\/>\n\n<h2 class=\"wp-block-heading\">\ud83c\udf3f Przestrze\u0144 zintegrowana z posiad\u0142o\u015bci\u0105<\/h2>\n\n<p>Jacuzzi jest cz\u0119\u015bci\u0105 licznych stref relaksu w Domaine Baccia Donna:<\/p>\n\n<p>\ud83d\udecb\ufe0f Salon lounge pod pergol\u0105<br\/>\ud83e\uddd8 Strefa jogi i pilatesu<br\/>\ud83c\udfaf Tor do gry w p\u00e9tanque<br\/>\ud83c\udfd3 St\u00f3\u0142 do ping-ponga<br\/>\ud83c\udf34 Przestrzenie zewn\u0119trzne z le\u017cakami<\/p>\n\n<p>\ud83d\udc49 Ca\u0142o\u015b\u0107 tworzy wyj\u0105tkowe miejsce na pobyt, \u0142\u0105cz\u0105ce komfort, rozrywk\u0119 i relaks.<\/p>\n\n<hr class=\"wp-block-separator has-alpha-channel-opacity\"\/>\n\n<h2 class=\"wp-block-heading\">\ud83c\udf89 Idealne na pobyty i wydarzenia<\/h2>\n\n<p>Jacuzzi jest szczeg\u00f3lnie cenione w ramach:<\/p>\n\n<p>\ud83d\udc8d Romantycznych pobyt\u00f3w<br\/>\ud83d\udc68\u200d\ud83d\udc69\u200d\ud83d\udc67 Wakacji rodzinnych<br\/>\ud83c\udf82 Weekend\u00f3w z przyjaci\u00f3\u0142mi<br\/>\ud83e\udd42 Prywatnych wydarze\u0144 (wesela, urodziny, uroczysto\u015bci)<\/p>\n\n<p>\u2728 Przyczynia si\u0119 ono do stworzenia luksusowej i niezapomnianej atmosfery dla Pa\u0144stwa go\u015bci.<\/p>\n\n<hr class=\"wp-block-separator has-alpha-channel-opacity\"\/>\n\n<h2 class=\"wp-block-heading\">\ud83d\udccd Rzadki atut w pobli\u017cu Nicei i Monako<\/h2>\n\n<p>Ciesz si\u0119 chwil\u0105 relaksu w wyj\u0105tkowym otoczeniu:<\/p>\n\n<p>\ud83c\udfd6\ufe0f Kilka minut od pla\u017c Lazurowego Wybrze\u017ca<br\/>\ud83c\udfb0 Blisko Monako i Nicei<br\/>\ud83c\udf3f W spokojnym i bezpiecznym otoczeniu<br\/>\ud83d\ude97 \u0141atwy dojazd + parking na miejscu<\/p>\n\n<hr class=\"wp-block-separator has-alpha-channel-opacity\"\/>\n\n<h2 class=\"wp-block-heading\">\u2b50 Dlaczego warto wybra\u0107 jacuzzi w Domaine Baccia Donna?<\/h2>\n\n<p>\u2728 Wysokiej klasy 8-osobowe jacuzzi zarezerwowane dla go\u015bci <em>(od kwietnia do pa\u017adziernika \u2013 od 9:00 do 20:00, podgrzewanie na \u017cyczenie)<\/em><br\/>\ud83c\udf3f Naturalne i koj\u0105ce otoczenie<br\/>\ud83e\uddd8 Prawdziwa strefa wellness na miejscu<br\/>\ud83c\udf89 Dost\u0119pne podczas pobytu bez ukrytych dop\u0142at<br\/>\ud83d\udccd Idealna lokalizacja mi\u0119dzy Nice\u0105 a Monako<\/p>\n\n<h2 class=\"wp-block-heading\">\ud83d\udd52 Godziny u\u017cytkowania<\/h2>\n\n<p>Jacuzzi jest dost\u0119pne codziennie w godzinach od <strong>9:00 do 20:00<\/strong>.<\/p>\n\n<p>Uruchamianie odbywa si\u0119 <strong>automatycznie<\/strong> w tych godzinach.<\/p>\n\n<hr class=\"wp-block-separator has-alpha-channel-opacity\"\/>\n\n<h2 class=\"wp-block-heading\">\u2699\ufe0f Obs\u0142uga<\/h2>\n\n<ul class=\"wp-block-list\">\n<li>\ud83c\udf21\ufe0f Regulowana temperatura (zalecana mi\u0119dzy <strong>36\u00b0C a 38\u00b0C<\/strong>)<\/li>\n\n\n\n<li>\ud83d\udca7 Dysze hydromasa\u017cu: przyciski <strong>1 i 2<\/strong><\/li>\n\n\n\n<li>\ud83d\udca1 O\u015bwietlenie LED: przycisk <strong>Light<\/strong><\/li>\n<\/ul>\n\n<hr class=\"wp-block-separator has-alpha-channel-opacity\"\/>\n\n<h2 class=\"wp-block-heading\">\u26a0\ufe0f Zasady u\u017cytkowania<\/h2>\n\n<ul class=\"wp-block-list\">\n<li>\ud83d\udebf Obowi\u0105zkowy prysznic przed skorzystaniem<\/li>\n\n\n\n<li>\ud83d\udeab Zakaz dodawania myd\u0142a, olejk\u00f3w lub innych produkt\u00f3w do jacuzzi<\/li>\n\n\n\n<li>\ud83d\udc65 Maksymalna pojemno\u015b\u0107: <strong>8 os\u00f3b<\/strong><\/li>\n\n\n\n<li>\ud83e\uddd2 Dzieci musz\u0105 znajdowa\u0107 si\u0119 <strong>pod sta\u0142\u0105 opiek\u0105 osoby doros\u0142ej<\/strong><\/li>\n\n\n\n<li>\ud83e\udd30 Korzystanie z jacuzzi niewskazane dla kobiet w ci\u0105\u017cy<\/li>\n\n\n\n<li>\ud83e\ude7a Niewskazane dla os\u00f3b z problemami zdrowotnymi bez konsultacji lekarskiej<\/li>\n\n\n\n<li>\ud83e\udd64 Wy\u0142\u0105cznie plastikowe naczynia (szk\u0142o jest zabronione)<\/li>\n\n\n\n<li>\ud83d\udead Zakaz palenia w jacuzzi i wok\u00f3\u0142 niego<\/li>\n\n\n\n<li>\ud83d\udeab <strong>Podczas korzystania z jacuzzi obowi\u0105zkowy jest str\u00f3j k\u0105pielowy.<\/strong><\/li>\n\n\n\n<li>\ud83d\udeab <strong>Prosimy o udawanie si\u0119 do jacuzzi w butach lub sanda\u0142ach: poruszanie si\u0119 boso jest zabronione ze wzgl\u0119d\u00f3w higienicznych.<\/strong><\/li>\n<\/ul>\n\n<hr class=\"wp-block-separator has-alpha-channel-opacity\"\/>\n\n<h2 class=\"wp-block-heading\">\ud83d\udd10 Dost\u0119p i warunki<\/h2>\n\n<ul class=\"wp-block-list\">\n<li>Zarezerwowane wy\u0142\u0105cznie dla <strong>go\u015bci uj\u0119tych w rezerwacji<\/strong><\/li>\n\n\n\n<li>Korzystanie na w\u0142asn\u0105 odpowiedzialno\u015b\u0107 u\u017cytkownik\u00f3w<\/li>\n\n\n\n<li>Prosimy o poszanowanie miejsca oraz innych mieszka\u0144c\u00f3w posiad\u0142o\u015bci<\/li>\n<\/ul>\n\n<hr class=\"wp-block-separator has-alpha-channel-opacity\"\/>\n\n<h2 class=\"wp-block-heading\">\ud83d\udca1 Warto wiedzie\u0107<\/h2>\n\n<ul class=\"wp-block-list\">\n<li>Przestrzeganie godzin otwarcia pozwala wszystkim go\u015bciom na korzystanie z udogodnie\u0144 w najlepszych warunkach<\/li>\n\n\n\n<li>Prosimy o pozostawienie jacuzzi w czysto\u015bci po u\u017cyciu<\/li>\n\n\n\n<li>W razie w\u0105tpliwo\u015bci lub potrzeb, prosimy o kontakt<\/li>\n<\/ul>\n\n<h3 class=\"wp-block-heading\">\u2668\ufe0f Podgrzewanie na \u017cyczenie<\/h3>\n\n<p>W celu oszcz\u0119dzania energii oraz zagwarantowania optymalnej temperatury wody, prosimy o <strong>zg\u0142aszanie ch\u0119ci podgrzania jacuzzi z co najmniej 2-godzinnym wyprzedzeniem<\/strong>.<\/p>\n\n<p>\ud83d\udce9 Pro\u015bb\u0119 mo\u017cna wys\u0142a\u0107 po prostu SMS-em lub poprzez system wiadomo\u015bci platformy rezerwacyjnej.<\/p>\n","protected":false},"excerpt":{"rendered":"<p>\ud83c\udf3f Wyj\u0105tkowa strefa wellness w sercu Lazurowego Wybrze\u017ca W ramach Domaine Baccia Donna zapraszamy do korzystania z wysokiej klasy 8-osobowego jacuzzi zewn\u0119trznego, zaprojektowanego, aby zapewni\u0107 prawdziwe chwile odpr\u0119\u017cenia w spokojnym, zielonym i kameralnym otoczeniu, zaledwie kilka minut od Nicei i Monako. \u2728 Wyj\u0105tkowe do\u015bwiadczenie relaksu Jacuzzi na terenie posiad\u0142o\u015bci jest prawdziwym atutem Pa\u0144stwa pobytu: \u2668\ufe0f [&hellip;]<\/p>\n","protected":false},"author":1,"featured_media":0,"parent":0,"menu_order":0,"comment_status":"closed","ping_status":"closed","template":"","meta":{"inline_featured_image":false,"footnotes":""},"class_list":["post-3280","page","type-page","status-publish","hentry"],"_links":{"self":[{"href":"https:\/\/bacciadonna.com\/pl\/wp-json\/wp\/v2\/pages\/3280","targetHints":{"allow":["GET"]}}],"collection":[{"href":"https:\/\/bacciadonna.com\/pl\/wp-json\/wp\/v2\/pages"}],"about":[{"href":"https:\/\/bacciadonna.com\/pl\/wp-json\/wp\/v2\/types\/page"}],"author":[{"embeddable":true,"href":"https:\/\/bacciadonna.com\/pl\/wp-json\/wp\/v2\/users\/1"}],"replies":[{"embeddable":true,"href":"https:\/\/bacciadonna.com\/pl\/wp-json\/wp\/v2\/comments?post=3280"}],"version-history":[{"count":1,"href":"https:\/\/bacciadonna.com\/pl\/wp-json\/wp\/v2\/pages\/3280\/revisions"}],"predecessor-version":[{"id":3281,"href":"https:\/\/bacciadonna.com\/pl\/wp-json\/wp\/v2\/pages\/3280\/revisions\/3281"}],"wp:attachment":[{"href":"https:\/\/bacciadonna.com\/pl\/wp-json\/wp\/v2\/media?parent=3280"}],"curies":[{"name":"wp","href":"https:\/\/api.w.org\/{rel}","templated":true}]}}