{"id":3264,"date":"2026-03-26T23:22:27","date_gmt":"2026-03-26T22:22:27","guid":{"rendered":"https:\/\/bacciadonna.com\/opinie-klientow-domaine-baccia-donna\/"},"modified":"2026-03-29T20:58:13","modified_gmt":"2026-03-29T19:58:13","slug":"opinie-klientow-domaine-baccia-donna","status":"publish","type":"page","link":"https:\/\/bacciadonna.com\/pl\/opinie-klientow-domaine-baccia-donna\/","title":{"rendered":"Opinie klient\u00f3w \u2013 Domaine Baccia Donna"},"content":{"rendered":"\n<h3 class=\"wp-block-heading\">\u2b50 5-gwiazdkowe do\u015bwiadczenie w wynajmie noclegu<\/h3>\n\n<p>Witamy na stronie opinii klient\u00f3w <strong>Domaine Baccia Donna<\/strong>, Pa\u0144stwa urokliwego obiektu na wynajem po\u0142o\u017conego w La Trinit\u00e9, u bram Nicei.<\/p>\n\n<p>Nasi go\u015bcie obdarzaj\u0105 nas zaufaniem podczas pobytu na Lazurowym Wybrze\u017cu, a ich opinie s\u0105 najlepszym dowodem jako\u015bci naszego przyj\u0119cia, wyposa\u017cenia oraz wyj\u0105tkowego otoczenia.<\/p>\n\n<p>\ud83d\udc49 Obecnie nasz obiekt cieszy si\u0119 bardzo wysok\u0105 satysfakcj\u0105 klient\u00f3w, z ocenami bliskimi 5\/5<\/p>\n\n<p>\ud83d\udcac Co s\u0105dz\u0105 nasi klienci<\/p>\n<div class=\"mphb_sc_accommodation_reviews-wrapper comments-area mphb-reviews\" data-accommodation-id=\"all\">\t\t<ol class=\"comment-list mphbr-reviews-list mphbr-multicolumn-list mphbr-2-columns-list\">\n\t\t\t\t\t<\/ol><!-- .comment-list -->\n\t\t<\/div>\n<div class=\"wp-block-buttons is-layout-flex wp-block-buttons-is-layout-flex\">\n<div class=\"wp-block-button\"><a class=\"wp-block-button__link wp-element-button\" href=\"https:\/\/bacciadonna.com\/sejourner-a-baccia-donna\/\">Zarezerwuj teraz<\/a><\/div>\n<\/div>\n","protected":false},"excerpt":{"rendered":"<p>\u2b50 5-gwiazdkowe do\u015bwiadczenie w wynajmie noclegu Witamy na stronie opinii klient\u00f3w Domaine Baccia Donna, Pa\u0144stwa urokliwego obiektu na wynajem po\u0142o\u017conego w La Trinit\u00e9, u bram Nicei. Nasi go\u015bcie obdarzaj\u0105 nas zaufaniem podczas pobytu na Lazurowym Wybrze\u017cu, a ich opinie s\u0105 najlepszym dowodem jako\u015bci naszego przyj\u0119cia, wyposa\u017cenia oraz wyj\u0105tkowego otoczenia. \ud83d\udc49 Obecnie nasz obiekt cieszy si\u0119 [&hellip;]<\/p>\n","protected":false},"author":1,"featured_media":0,"parent":0,"menu_order":0,"comment_status":"closed","ping_status":"closed","template":"","meta":{"inline_featured_image":false,"footnotes":""},"class_list":["post-3264","page","type-page","status-publish","hentry"],"_links":{"self":[{"href":"https:\/\/bacciadonna.com\/pl\/wp-json\/wp\/v2\/pages\/3264","targetHints":{"allow":["GET"]}}],"collection":[{"href":"https:\/\/bacciadonna.com\/pl\/wp-json\/wp\/v2\/pages"}],"about":[{"href":"https:\/\/bacciadonna.com\/pl\/wp-json\/wp\/v2\/types\/page"}],"author":[{"embeddable":true,"href":"https:\/\/bacciadonna.com\/pl\/wp-json\/wp\/v2\/users\/1"}],"replies":[{"embeddable":true,"href":"https:\/\/bacciadonna.com\/pl\/wp-json\/wp\/v2\/comments?post=3264"}],"version-history":[{"count":1,"href":"https:\/\/bacciadonna.com\/pl\/wp-json\/wp\/v2\/pages\/3264\/revisions"}],"predecessor-version":[{"id":3265,"href":"https:\/\/bacciadonna.com\/pl\/wp-json\/wp\/v2\/pages\/3264\/revisions\/3265"}],"wp:attachment":[{"href":"https:\/\/bacciadonna.com\/pl\/wp-json\/wp\/v2\/media?parent=3264"}],"curies":[{"name":"wp","href":"https:\/\/api.w.org\/{rel}","templated":true}]}}