{"id":3246,"date":"2026-03-26T13:01:47","date_gmt":"2026-03-26T12:01:47","guid":{"rendered":"https:\/\/bacciadonna.com\/formularz-zamowienia-sniadania-domaine-baccia-donna\/"},"modified":"2026-04-03T13:36:43","modified_gmt":"2026-04-03T12:36:43","slug":"formularz-zamowienia-sniadania-domaine-baccia-donna","status":"publish","type":"page","link":"https:\/\/bacciadonna.com\/pl\/formularz-zamowienia-sniadania-domaine-baccia-donna\/","title":{"rendered":"Formularz zam\u00f3wienia \u015bniadania &#8211; Domaine Baccia Donna"},"content":{"rendered":"\n<div class=\"wp-block-getwid-image-box has-image-left has-text-left has-mobile-layout-column has-mobile-alignment-default\"><div style=\"margin-right:90px\" class=\"wp-block-getwid-image-box__image-container is-position-middle\"><div class=\"wp-block-getwid-image-box__image-wrapper\"><img loading=\"lazy\" decoding=\"async\" width=\"2560\" height=\"1920\" src=\"https:\/\/bacciadonna.com\/wp-content\/uploads\/2026\/03\/IMG_0250-scaled.jpeg\" alt=\"\" class=\"wp-block-getwid-image-box__image wp-image-1784\" srcset=\"https:\/\/bacciadonna.com\/wp-content\/uploads\/2026\/03\/IMG_0250-scaled.jpeg 2560w, https:\/\/bacciadonna.com\/wp-content\/uploads\/2026\/03\/IMG_0250-300x225.jpeg 300w\" sizes=\"auto, (max-width: 2560px) 100vw, 2560px\" \/><\/div><\/div><div class=\"wp-block-getwid-image-box__content\">\n<div class=\"wp-block-getwid-advanced-heading\" style=\"margin-bottom:30px\"><h2 class=\"wp-block-getwid-advanced-heading__content\">Klasyczne \u015aniadanie Francuskie<br><\/h2><\/div>\n\n\n\n<div class=\"wp-block-getwid-price-list\"> <div class=\"wp-block-getwid-price-list__content-wrapper\"><div class=\"wp-block-getwid-price-list__header\"><h5 class=\"wp-block-getwid-price-list__title\">Wielki klasyk po francusku <img loading=\"lazy\" decoding=\"async\" width=\"97\" height=\"15\" class=\"wp-image-892\" style=\"width: 97px;\" src=\"http:\/\/bacciadonna.com\/wp-content\/uploads\/2019\/07\/recommended.png\" alt=\"\"><\/h5><div class=\"wp-block-getwid-price-list__price-line\"><\/div><div class=\"wp-block-getwid-price-list__price-wrapper\"><h5 class=\"wp-block-getwid-price-list__amount\">12 \u20ac \/ osoba<br><\/h5><\/div><\/div><p class=\"wp-block-getwid-price-list__description\">\u2714\ufe0f 1 ma\u015blany croissant lub 1 pain au chocolat<br>\u2714\ufe0f Kawa\u0142ek tradycyjnej bagietki<br>\u2714\ufe0f Mas\u0142o i konfitury<br>\u2714\ufe0f Sok owocowy<br>\u2714\ufe0f Kawa, herbata lub gor\u0105ca czekolada<\/p><\/div><\/div>\n\n\n\n<div style=\"height:20px\" aria-hidden=\"true\" class=\"wp-block-spacer\"><\/div>\n<\/div><\/div>\n\n<div class=\"wp-block-getwid-image-box has-image-right has-text-left has-mobile-layout-column has-mobile-alignment-default\"><div style=\"margin-left:90px\" class=\"wp-block-getwid-image-box__image-container is-position-middle\"><div class=\"wp-block-getwid-image-box__image-wrapper\"><img loading=\"lazy\" decoding=\"async\" width=\"900\" height=\"600\" src=\"https:\/\/bacciadonna.com\/wp-content\/uploads\/2026\/03\/petit-dejeuner-continental.jpg\" alt=\"\" class=\"wp-block-getwid-image-box__image wp-image-2066\" srcset=\"https:\/\/bacciadonna.com\/wp-content\/uploads\/2026\/03\/petit-dejeuner-continental.jpg 900w, https:\/\/bacciadonna.com\/wp-content\/uploads\/2026\/03\/petit-dejeuner-continental-300x200.jpg 300w, https:\/\/bacciadonna.com\/wp-content\/uploads\/2026\/03\/petit-dejeuner-continental-768x512.jpg 768w, https:\/\/bacciadonna.com\/wp-content\/uploads\/2026\/03\/petit-dejeuner-continental-600x400.jpg 600w\" sizes=\"auto, (max-width: 900px) 100vw, 900px\" \/><\/div><\/div><div class=\"wp-block-getwid-image-box__content\">\n<div class=\"wp-block-getwid-advanced-heading\" style=\"margin-bottom:30px\"><h2 class=\"wp-block-getwid-advanced-heading__content\">\u015aniadanie kontynentalne<\/h2><\/div>\n\n\n\n<div class=\"wp-block-getwid-price-list\"> <div class=\"wp-block-getwid-price-list__content-wrapper\"><div class=\"wp-block-getwid-price-list__header\"><h5 class=\"wp-block-getwid-price-list__title\">Idealne, aby dobrze rozpocz\u0105\u0107 dzie\u0144<\/h5><div class=\"wp-block-getwid-price-list__price-line\"><\/div><div class=\"wp-block-getwid-price-list__price-wrapper\"><h5 class=\"wp-block-getwid-price-list__amount\">18 \u20ac \/ osoba<\/h5><\/div><\/div><p class=\"wp-block-getwid-price-list__description\">\u2714\ufe0f 1 ma\u015blany croissant lub 1 pain au chocolat<br>\u2714\ufe0f Kawa\u0142ek tradycyjnej bagietki<br>\u2714\ufe0f Mas\u0142o i konfitury<br>\u2714\ufe0f Ser i w\u0119dliny (szynka, saucisson)<br>\u2714\ufe0f Twaro\u017cek lub jogurt<br>\u2714\ufe0f Sa\u0142atka ze \u015bwie\u017cych owoc\u00f3w (w zale\u017cno\u015bci od sezonu)<br>\u2714\ufe0f Sok owocowy<br>\u2714\ufe0f Kawa, herbata lub gor\u0105ca czekolada<\/p><\/div><\/div>\n\n\n\n<div style=\"height:20px\" aria-hidden=\"true\" class=\"wp-block-spacer\"><\/div>\n<\/div><\/div>\n\n<p style=\"font-size:26px\">Zam\u00f3wienie \u015bniadania \u2013 Domaine Baccia Donna<\/p>\n<style id=\"wpforms-css-vars-2062-block-b423b71c-a5d0-4dcd-b3a9-78699f296444\">\n\t\t\t\t#wpforms-2062.wpforms-block-b423b71c-a5d0-4dcd-b3a9-78699f296444 {\n\t\t\t\t--wpforms-field-size-input-height: 43px;\n--wpforms-field-size-input-spacing: 15px;\n--wpforms-field-size-font-size: 16px;\n--wpforms-field-size-line-height: 19px;\n--wpforms-field-size-padding-h: 14px;\n--wpforms-field-size-checkbox-size: 16px;\n--wpforms-field-size-sublabel-spacing: 5px;\n--wpforms-field-size-icon-size: 1;\n--wpforms-label-size-font-size: 16px;\n--wpforms-label-size-line-height: 19px;\n--wpforms-label-size-sublabel-font-size: 14px;\n--wpforms-label-size-sublabel-line-height: 17px;\n--wpforms-button-size-font-size: 17px;\n--wpforms-button-size-height: 41px;\n--wpforms-button-size-padding-h: 15px;\n--wpforms-button-size-margin-top: 10px;\n\t\t\t}\n\t\t\t<\/style><div class=\"wpforms-container wpforms-container-full wpforms-stripe wpforms-block wpforms-block-b423b71c-a5d0-4dcd-b3a9-78699f296444 wpforms-render-modern\" id=\"wpforms-2062\"><form id=\"wpforms-form-2062\" class=\"wpforms-validate wpforms-form wpforms-ajax-form\" data-formid=\"2062\" method=\"post\" enctype=\"multipart\/form-data\" action=\"\/pl\/wp-json\/wp\/v2\/pages\/3246\" data-token=\"e7588730fb2b6114918242c9ea0390c0\" data-token-time=\"1775421783\"><noscript class=\"wpforms-error-noscript\">Aby wype\u0142ni\u0107 ten formularz, w\u0142\u0105cz obs\u0142ug\u0119 JavaScript w przegl\u0105darce.<\/noscript><div id=\"wpforms-error-noscript\" style=\"display: none;\">Aby wype\u0142ni\u0107 ten formularz, w\u0142\u0105cz obs\u0142ug\u0119 JavaScript w przegl\u0105darce.<\/div><div class=\"wpforms-field-container\"><div id=\"wpforms-2062-field_1-container\" class=\"wpforms-field wpforms-field-name\" data-field-id=\"1\"><label class=\"wpforms-field-label\" for=\"wpforms-2062-field_1\">Imi\u0119 <span class=\"wpforms-required-label\" aria-hidden=\"true\">*<\/span><\/label><input type=\"text\" id=\"wpforms-2062-field_1\" class=\"wpforms-field-medium wpforms-field-required\" name=\"wpforms[fields][1]\" aria-errormessage=\"wpforms-2062-field_1-error\" required><\/div><div id=\"wpforms-2062-field_34-container\" class=\"wpforms-field wpforms-field-select wpforms-field-select-style-modern\" data-field-id=\"34\"><label class=\"wpforms-field-label\" for=\"wpforms-2062-field_34\">Prosz\u0119 wybra\u0107 numer Pa\u0144stwa zakwaterowania. <span class=\"wpforms-required-label\" aria-hidden=\"true\">*<\/span><\/label><select id=\"wpforms-2062-field_34\" class=\"wpforms-field-medium wpforms-field-required choicesjs-select\" data-size-class=\"wpforms-field-row wpforms-field-medium\" data-search-enabled=\"\" name=\"wpforms[fields][34]\" required=\"required\"><option value=\"\" class=\"placeholder\" disabled  selected='selected'>\u2014 Wybierz opcj\u0119 \u2014<\/option><option value=\"001\"  class=\"choice-1 depth-1\"  >001<\/option><option value=\"101\"  class=\"choice-2 depth-1\"  >101<\/option><option value=\"102\"  class=\"choice-3 depth-1\"  >102<\/option><option value=\"202\"  class=\"choice-6 depth-1\"  >202<\/option><option value=\"V1\"  class=\"choice-5 depth-1\"  >V1<\/option><option value=\"V2\"  class=\"choice-4 depth-1\"  >V2<\/option><option value=\"Jeszcze nie wiem\"  class=\"choice-7 depth-1\"  >Jeszcze nie wiem<\/option><\/select><div id=\"wpforms-2062-field_34-description\" class=\"wpforms-field-description\">Jest on wskazany na tabliczce powitalnej przy wej\u015bciu do posiad\u0142o\u015bci oraz na Pa\u0144stwa breloczku.<\/div><\/div>\t\t<div id=\"wpforms-2062-field_2-container\"\n\t\t\tclass=\"wpforms-field wpforms-field-text\"\n\t\t\tdata-field-type=\"text\"\n\t\t\tdata-field-id=\"2\"\n\t\t\t>\n\t\t\t<label class=\"wpforms-field-label\" for=\"wpforms-2062-field_2\" >\u015aniadanie zam\u00f3wienie do<\/label>\n\t\t\t<input type=\"text\" id=\"wpforms-2062-field_2\" class=\"wpforms-field-medium\" name=\"wpforms[fields][2]\" >\n\t\t<\/div>\n\t\t<div id=\"wpforms-2062-field_27-container\" class=\"wpforms-field wpforms-field-payment-single wpforms-payment-quantities-enabled\" data-field-id=\"27\"><label class=\"wpforms-field-label\">Klasyczne \u015aniadanie Francuskie<\/label><div class=\"wpforms-single-item-price-content\"><div class=\"wpforms-single-item-price wpforms-field-small wpforms-payment-price\">Prix\u00a0: <span class=\"wpforms-price\">12,00 &euro;<\/span><\/div><select id=\"wpforms-2062-field_27-quantity\" class=\"wpforms-payment-quantity\" name=\"wpforms[quantities][27]\"><option value=\"0\"  selected='selected' >0<\/option><option value=\"1\"  >1<\/option><option value=\"2\"  >2<\/option><option value=\"3\"  >3<\/option><option value=\"4\"  >4<\/option><option value=\"5\"  >5<\/option><option value=\"6\"  >6<\/option><option value=\"7\"  >7<\/option><option value=\"8\"  >8<\/option><option value=\"9\"  >9<\/option><option value=\"10\"  >10<\/option><\/select><\/div><input type=\"hidden\" id=\"wpforms-2062-field_27\" class=\"wpforms-field-small wpforms-payment-price\" name=\"wpforms[fields][27]\" value=\"12,00 &euro;\" aria-describedby=\"wpforms-2062-field_27-description\"><div id=\"wpforms-2062-field_27-description\" class=\"wpforms-field-description\">Prosz\u0119 wybra\u0107 liczb\u0119 po\u017c\u0105danych \u015bniada\u0144.<\/div><\/div><div id=\"wpforms-2062-field_28-container\" class=\"wpforms-field wpforms-field-payment-single wpforms-payment-quantities-enabled\" data-field-id=\"28\"><label class=\"wpforms-field-label\">\u015aniadanie kontynentalne<\/label><div class=\"wpforms-single-item-price-content\"><div class=\"wpforms-single-item-price wpforms-field-small wpforms-payment-price\">Prix\u00a0: <span class=\"wpforms-price\">18,00 &euro;<\/span><\/div><select id=\"wpforms-2062-field_28-quantity\" class=\"wpforms-payment-quantity\" name=\"wpforms[quantities][28]\"><option value=\"0\"  selected='selected' >0<\/option><option value=\"1\"  >1<\/option><option value=\"2\"  >2<\/option><option value=\"3\"  >3<\/option><option value=\"4\"  >4<\/option><option value=\"5\"  >5<\/option><option value=\"6\"  >6<\/option><option value=\"7\"  >7<\/option><option value=\"8\"  >8<\/option><option value=\"9\"  >9<\/option><option value=\"10\"  >10<\/option><\/select><\/div><input type=\"hidden\" id=\"wpforms-2062-field_28\" class=\"wpforms-field-small wpforms-payment-price\" name=\"wpforms[fields][28]\" value=\"18,00 &euro;\" aria-describedby=\"wpforms-2062-field_28-description\"><div id=\"wpforms-2062-field_28-description\" class=\"wpforms-field-description\">Prosz\u0119 wybra\u0107 liczb\u0119 po\u017c\u0105danych \u015bniada\u0144.<\/div><\/div><div id=\"wpforms-2062-field_20-container\" class=\"wpforms-field wpforms-field-number\" data-field-id=\"20\"><label class=\"wpforms-field-label\" for=\"wpforms-2062-field_20\">Kawa<\/label><input type=\"number\" id=\"wpforms-2062-field_20\" class=\"wpforms-field-small\" name=\"wpforms[fields][20]\" value=\"0\" step=\"any\" aria-errormessage=\"wpforms-2062-field_20-error\" ><\/div><div id=\"wpforms-2062-field_21-container\" class=\"wpforms-field wpforms-field-number\" data-field-id=\"21\"><label class=\"wpforms-field-label\" for=\"wpforms-2062-field_21\">Herbata<\/label><input type=\"number\" id=\"wpforms-2062-field_21\" class=\"wpforms-field-small\" name=\"wpforms[fields][21]\" value=\"0\" step=\"any\" aria-errormessage=\"wpforms-2062-field_21-error\" ><\/div><div id=\"wpforms-2062-field_23-container\" class=\"wpforms-field wpforms-field-number\" data-field-id=\"23\"><label class=\"wpforms-field-label\" for=\"wpforms-2062-field_23\">Gor\u0105ca czekolada<\/label><input type=\"number\" id=\"wpforms-2062-field_23\" class=\"wpforms-field-small\" name=\"wpforms[fields][23]\" value=\"0\" step=\"any\" aria-errormessage=\"wpforms-2062-field_23-error\" ><\/div><div id=\"wpforms-2062-field_6-container\" class=\"wpforms-field wpforms-field-radio\" data-field-id=\"6\"><fieldset><legend class=\"wpforms-field-label\">Preferowana godzina dostawy <span class=\"wpforms-required-label\" aria-hidden=\"true\">*<\/span><\/legend><ul id=\"wpforms-2062-field_6\" class=\"wpforms-field-required\"><li class=\"choice-1 depth-1\"><input type=\"radio\" id=\"wpforms-2062-field_6_1\" name=\"wpforms[fields][6]\" value=\"08:00\" aria-errormessage=\"wpforms-2062-field_6_1-error\" required ><label class=\"wpforms-field-label-inline\" for=\"wpforms-2062-field_6_1\">08:00<\/label><\/li><li class=\"choice-2 depth-1\"><input type=\"radio\" id=\"wpforms-2062-field_6_2\" name=\"wpforms[fields][6]\" value=\"08:30\" aria-errormessage=\"wpforms-2062-field_6_2-error\" required ><label class=\"wpforms-field-label-inline\" for=\"wpforms-2062-field_6_2\">08:30<\/label><\/li><li class=\"choice-3 depth-1\"><input type=\"radio\" id=\"wpforms-2062-field_6_3\" name=\"wpforms[fields][6]\" value=\"09:00\" aria-errormessage=\"wpforms-2062-field_6_3-error\" required ><label class=\"wpforms-field-label-inline\" for=\"wpforms-2062-field_6_3\">09:00<\/label><\/li><li class=\"choice-4 depth-1\"><input type=\"radio\" id=\"wpforms-2062-field_6_4\" name=\"wpforms[fields][6]\" value=\"09:30\" aria-errormessage=\"wpforms-2062-field_6_4-error\" required ><label class=\"wpforms-field-label-inline\" for=\"wpforms-2062-field_6_4\">09:30<\/label><\/li><\/ul><\/fieldset><\/div><div id=\"wpforms-2062-field_31-container\" class=\"wpforms-field wpforms-field-payment-total wpforms-field-medium wpforms-summary-enabled\" data-field-id=\"31\"><label class=\"wpforms-field-label\">Suma <span class=\"wpforms-required-label\" aria-hidden=\"true\">*<\/span><\/label><div class=\"wpforms-order-summary-container\">\n\t<table class=\"wpforms-order-summary-preview\" cellpadding=\"0\" cellspacing=\"0\" width=\"100%\" role=\"presentation\">\n\t\t<caption style=\"display: none;\">Podsumowanie zam\u00f3wienia<\/caption>\n\t\t<thead>\n\t\t\t<tr>\n\t\t\t\t<th class=\"wpforms-order-summary-item-label\" valign=\"top\">Pozycja<\/th>\n\t\t\t\t<th class=\"wpforms-order-summary-item-quantity\" valign=\"top\">\n\t\t\t\t\t<span class=\"wpforms-order-summary-item-quantity-label-full\">Ilo\u015b\u0107<\/span>\n\t\t\t\t\t<span class=\"wpforms-order-summary-item-quantity-label-short\">Liczba<\/span>\n\t\t\t\t<\/th>\n\t\t\t\t<th class=\"wpforms-order-summary-item-price\" valign=\"top\" style=\"width:11ch;\">Suma<\/th>\n\t\t\t<\/tr>\n\t\t<\/thead>\n\t\t<tbody>\n\t\t\t<tr class=\"wpforms-order-summary-placeholder\" style=\"display: table-row;\">\n\t\t\t\t<td colspan=\"3\" valign=\"top\">Nie wybrano produkt\u00f3w.<\/td>\n\t\t\t<\/tr>\n\t\t\t<tr class=\"wpforms-order-summary-field\" data-field=\"27\" style=\"display:none;\"><td class=\"wpforms-order-summary-item-label\" valign=\"top\">Klasyczne \u015aniadanie Francuskie<\/td><td class=\"wpforms-order-summary-item-quantity\" valign=\"top\">0<\/td><td class=\"wpforms-order-summary-item-price\" valign=\"top\" style=\"width:11ch;\">0,00 &euro;<\/td><\/tr><tr class=\"wpforms-order-summary-field\" data-field=\"28\" style=\"display:none;\"><td class=\"wpforms-order-summary-item-label\" valign=\"top\">\u015aniadanie kontynentalne<\/td><td class=\"wpforms-order-summary-item-quantity\" valign=\"top\">0<\/td><td class=\"wpforms-order-summary-item-price\" valign=\"top\" style=\"width:11ch;\">0,00 &euro;<\/td><\/tr><tr class=\"wpforms-order-summary-preview-total\" ><td class=\"wpforms-order-summary-item-label\" valign=\"top\">Suma<\/td><td class=\"wpforms-order-summary-item-quantity\" valign=\"top\"><\/td><td class=\"wpforms-order-summary-item-price\" valign=\"top\" style=\"width:11ch;\">0,00 &euro;<\/td><\/tr>\t\t<\/tbody>\n\t<\/table>\n<\/div>\n<div class=\"wpforms-payment-total\" style=\"display:none\">0,00 &euro;<\/div><input type=\"text\" id=\"wpforms-2062-field_31\" class=\"wpforms-field-medium wpforms-field-required wpforms-payment-total\" data-rule-required-payment=\"1\" name=\"wpforms[fields][31]\" value=\"0\" style=\"position:absolute!important;clip:rect(0,0,0,0)!important;height:1px!important;width:1px!important;border:0!important;overflow:hidden!important;padding:0!important;margin:0!important;\" readonly=\"readonly\"><\/div><div id=\"wpforms-2062-field_3-container\" class=\"wpforms-field wpforms-field-textarea\" data-field-id=\"3\"><label class=\"wpforms-field-label\" for=\"wpforms-2062-field_3\">Potrzebuj\u0105 Pa\u0144stwo szczeg\u00f3lnej uwagi w zwi\u0105zku ze \u015bniadaniem? Prosimy napisa\u0107 do nas tutaj. <\/label><textarea id=\"wpforms-2062-field_3\" class=\"wpforms-field-medium\" name=\"wpforms[fields][3]\" aria-errormessage=\"wpforms-2062-field_3-error\" ><\/textarea><\/div><div id=\"wpforms-2062-field_17-container\" class=\"wpforms-field wpforms-field-checkbox\" data-field-id=\"17\"><fieldset><legend class=\"wpforms-field-label\">Potwierdzam moje zam\u00f3wienie na nast\u0119pny dzie\u0144 oraz poprawno\u015b\u0107 informacji. <span class=\"wpforms-required-label\" aria-hidden=\"true\">*<\/span><\/legend><ul id=\"wpforms-2062-field_17\" class=\"wpforms-field-required\"><li class=\"choice-1 depth-1\"><input type=\"checkbox\" id=\"wpforms-2062-field_17_1\" name=\"wpforms[fields][17][]\" value=\"Potwierdzono\" aria-errormessage=\"wpforms-2062-field_17_1-error\" required ><label class=\"wpforms-field-label-inline\" for=\"wpforms-2062-field_17_1\">Potwierdzono<\/label><\/li><\/ul><\/fieldset><\/div><div id=\"wpforms-2062-field_36-container\" class=\"wpforms-field wpforms-field-stripe-credit-card\" data-field-id=\"36\"><label class=\"wpforms-field-label\">Karta bankowa  <span class=\"wpforms-required-label\" aria-hidden=\"true\">*<\/span><\/label><div class=\"wpforms-field-row wpforms-no-columns wpforms-field-medium \" data-sublabel-position=\"above\" data-link-email=\"\" data-required=\"1\"><div id=\"wpforms-field-stripe-link-element-2062\"><\/div><div id=\"wpforms-field-stripe-payment-element-2062\"><\/div><input type=\"text\" class=\"wpforms-stripe-credit-card-hidden-input\" name=\"wpforms[stripe-credit-card-hidden-input-2062]\" disabled style=\"display: none;\"><\/div><\/div><script>\n\t\t\t\t( function() {\n\t\t\t\t\tconst style = document.createElement( 'style' );\n\t\t\t\t\tstyle.appendChild( document.createTextNode( '#wpforms-2062-field_2-container { position: absolute !important; overflow: hidden !important; display: inline !important; height: 1px !important; width: 1px !important; z-index: -1000 !important; padding: 0 !important; } #wpforms-2062-field_2-container input { visibility: hidden; } #wpforms-conversational-form-page #wpforms-2062-field_2-container label { counter-increment: none; }' ) );\n\t\t\t\t\tdocument.head.appendChild( style );\n\t\t\t\t\tdocument.currentScript?.remove();\n\t\t\t\t} )();\n\t\t\t<\/script><\/div><!-- .wpforms-field-container --><div class=\"wpforms-submit-container\" ><input type=\"hidden\" name=\"wpforms[id]\" value=\"2062\"><input type=\"hidden\" name=\"page_title\" value=\"\"><input type=\"hidden\" name=\"page_url\" value=\"https:\/\/bacciadonna.com\/pl\/wp-json\/wp\/v2\/pages\/3246\"><input type=\"hidden\" name=\"url_referer\" value=\"\"><button type=\"submit\" name=\"wpforms[submit]\" id=\"wpforms-submit-2062\" class=\"wpforms-submit\" data-alt-text=\"Wysy\u0142anie...\" data-submit-text=\"Wy\u015blij\" aria-live=\"assertive\" value=\"wpforms-submit\">Wy\u015blij<\/button><img loading=\"lazy\" decoding=\"async\" src=\"https:\/\/bacciadonna.com\/wp-content\/plugins\/wpforms-lite\/assets\/images\/submit-spin.svg\" class=\"wpforms-submit-spinner\" style=\"display: none;\" width=\"26\" height=\"26\" alt=\"Wczytywanie\"><\/div><\/form><\/div>  <!-- .wpforms-container -->","protected":false},"excerpt":{"rendered":"<p>Zam\u00f3wienie \u015bniadania \u2013 Domaine Baccia Donna<\/p>\n","protected":false},"author":1,"featured_media":0,"parent":0,"menu_order":0,"comment_status":"closed","ping_status":"closed","template":"","meta":{"inline_featured_image":false,"footnotes":""},"class_list":["post-3246","page","type-page","status-publish","hentry"],"_links":{"self":[{"href":"https:\/\/bacciadonna.com\/pl\/wp-json\/wp\/v2\/pages\/3246","targetHints":{"allow":["GET"]}}],"collection":[{"href":"https:\/\/bacciadonna.com\/pl\/wp-json\/wp\/v2\/pages"}],"about":[{"href":"https:\/\/bacciadonna.com\/pl\/wp-json\/wp\/v2\/types\/page"}],"author":[{"embeddable":true,"href":"https:\/\/bacciadonna.com\/pl\/wp-json\/wp\/v2\/users\/1"}],"replies":[{"embeddable":true,"href":"https:\/\/bacciadonna.com\/pl\/wp-json\/wp\/v2\/comments?post=3246"}],"version-history":[{"count":4,"href":"https:\/\/bacciadonna.com\/pl\/wp-json\/wp\/v2\/pages\/3246\/revisions"}],"predecessor-version":[{"id":5036,"href":"https:\/\/bacciadonna.com\/pl\/wp-json\/wp\/v2\/pages\/3246\/revisions\/5036"}],"wp:attachment":[{"href":"https:\/\/bacciadonna.com\/pl\/wp-json\/wp\/v2\/media?parent=3246"}],"curies":[{"name":"wp","href":"https:\/\/api.w.org\/{rel}","templated":true}]}}