{"id":3240,"date":"2026-03-21T21:23:39","date_gmt":"2026-03-21T20:23:39","guid":{"rendered":"https:\/\/bacciadonna.com\/miejsce-na-wesele-blisko-nicei-domaine-baccia-donna\/"},"modified":"2026-03-31T09:57:29","modified_gmt":"2026-03-31T08:57:29","slug":"miejsce-na-wesele-blisko-nicei-domaine-baccia-donna","status":"publish","type":"page","link":"https:\/\/bacciadonna.com\/pl\/domaine-baccia-donna-urokliwy-pobyt-na-lazurowym-wybrzezu\/miejsce-na-wesele-blisko-nicei-domaine-baccia-donna\/","title":{"rendered":"Miejsce na wesele blisko Nicei \u2013 Domaine Baccia Donna"},"content":{"rendered":"\n<p>Wyj\u0105tkowe miejsce na przyj\u0119cia w pobli\u017cu Nicei<br><\/p>\n\n\n\n<p><\/p>\n\n\n\n<!--more Zarezerwowa\u0107 ca\u0142y obiekt-->\n\n\n\n<div class=\"wp-block-getwid-section alignfull alignfull getwid-margin-top-none getwid-margin-bottom-none\"><div class=\"wp-block-getwid-section__wrapper getwid-padding-top-medium getwid-padding-bottom-none getwid-padding-left-medium getwid-padding-right-medium getwid-padding-mobile-left-small getwid-padding-mobile-right-small\"><div class=\"wp-block-getwid-section__inner-wrapper\"><div class=\"wp-block-getwid-section__background-holder\"><div class=\"wp-block-getwid-section__background\"><\/div><div class=\"wp-block-getwid-section__foreground\"><\/div><\/div><div class=\"wp-block-getwid-section__content\"><div class=\"wp-block-getwid-section__inner-content\">\n<div class=\"wp-block-columns has-2-columns is-layout-flex wp-container-core-columns-is-layout-9d6595d7 wp-block-columns-is-layout-flex\">\n<div class=\"wp-block-column is-layout-flow wp-block-column-is-layout-flow\">\n<div class=\"wp-block-getwid-advanced-heading is-style-style-1 has-custom-font-size\" style=\"font-size:12px;margin-bottom:20px\"><p class=\"wp-block-getwid-advanced-heading__content\" style=\"letter-spacing:1px\">Wyj\u0105tkowe miejsce na Pa\u0144stwa wyj\u0105tkowe chwile<\/p><\/div>\n\n\n\n<div class=\"wp-block-getwid-advanced-heading is-style-default\"><h2 class=\"wp-block-getwid-advanced-heading__content\">Witamy w Domaine Baccia Donna<\/h2><\/div>\n<\/div>\n\n\n\n<div class=\"wp-block-column is-layout-flow wp-block-column-is-layout-flow\">\n<p>\u015awi\u0119tujcie Pa\u0144stwo najpi\u0119kniejszy dzie\u0144 swojego \u017cycia w autentycznym i urzekaj\u0105cym otoczeniu, w sercu stuletniego gaju oliwnego w La Trinit\u00e9, zaledwie kilka minut od Nicei i Monako.<\/p>\n\n\n\n<p>Domaine Baccia Donna, pochodz\u0105ca z 1830 roku i ca\u0142kowicie odnowiona posiad\u0142o\u015b\u0107, oferuje wyj\u0105tkowe miejsce, w kt\u00f3rym natura, elegancja i prywatno\u015b\u0107 spotykaj\u0105 si\u0119, aby stworzy\u0107 wesele na miar\u0119 Pa\u0144stwa marze\u0144.<\/p>\n<\/div>\n<\/div>\n\n\n\n<div style=\"height:50px\" aria-hidden=\"true\" class=\"wp-block-spacer\"><\/div>\n\n\n\n<div class=\"wp-block-columns has-2-columns is-layout-flex wp-container-core-columns-is-layout-9d6595d7 wp-block-columns-is-layout-flex\">\n<div class=\"wp-block-column is-layout-flow wp-block-column-is-layout-flow\">\n<figure class=\"wp-block-image size-large\"><img loading=\"lazy\" decoding=\"async\" width=\"1024\" height=\"768\" src=\"https:\/\/bacciadonna.com\/wp-content\/uploads\/2026\/03\/P3430346-1024x768.jpg\" alt=\"\" class=\"wp-image-1510\" srcset=\"https:\/\/bacciadonna.com\/wp-content\/uploads\/2026\/03\/P3430346-1024x768.jpg 1024w, https:\/\/bacciadonna.com\/wp-content\/uploads\/2026\/03\/P3430346-300x225.jpg 300w, https:\/\/bacciadonna.com\/wp-content\/uploads\/2026\/03\/P3430346-768x576.jpg 768w, https:\/\/bacciadonna.com\/wp-content\/uploads\/2026\/03\/P3430346-1536x1152.jpg 1536w, https:\/\/bacciadonna.com\/wp-content\/uploads\/2026\/03\/P3430346-2048x1536.jpg 2048w, https:\/\/bacciadonna.com\/wp-content\/uploads\/2026\/03\/P3430346-1170x878.jpg 1170w, https:\/\/bacciadonna.com\/wp-content\/uploads\/2026\/03\/P3430346-600x450.jpg 600w\" sizes=\"auto, (max-width: 1024px) 100vw, 1024px\" \/><\/figure>\n<\/div>\n\n\n\n<div class=\"wp-block-column is-layout-flow wp-block-column-is-layout-flow\">\n<figure class=\"wp-block-image size-large\"><img loading=\"lazy\" decoding=\"async\" width=\"1024\" height=\"768\" src=\"https:\/\/bacciadonna.com\/wp-content\/uploads\/2026\/03\/P3660369-1024x768.jpg\" alt=\"\" class=\"wp-image-1511\" srcset=\"https:\/\/bacciadonna.com\/wp-content\/uploads\/2026\/03\/P3660369-1024x768.jpg 1024w, https:\/\/bacciadonna.com\/wp-content\/uploads\/2026\/03\/P3660369-300x225.jpg 300w, https:\/\/bacciadonna.com\/wp-content\/uploads\/2026\/03\/P3660369-768x576.jpg 768w, https:\/\/bacciadonna.com\/wp-content\/uploads\/2026\/03\/P3660369-1536x1152.jpg 1536w, https:\/\/bacciadonna.com\/wp-content\/uploads\/2026\/03\/P3660369-2048x1536.jpg 2048w, https:\/\/bacciadonna.com\/wp-content\/uploads\/2026\/03\/P3660369-1170x878.jpg 1170w, https:\/\/bacciadonna.com\/wp-content\/uploads\/2026\/03\/P3660369-600x450.jpg 600w\" sizes=\"auto, (max-width: 1024px) 100vw, 1024px\" \/><\/figure>\n<\/div>\n<\/div>\n<\/div><\/div><\/div><\/div><\/div>\n\n\n\n<p>Wyobra\u017acie sobie Pa\u0144stwo swoj\u0105 ceremoni\u0119 w otoczeniu drzew oliwnych, koktajl o zachodzie s\u0142o\u0144ca i wiecz\u00f3r przy blasku \u015bwiate\u0142 pod eleganck\u0105 pergol\u0105\u2026<\/p>\n\n\n\n<ul class=\"wp-block-list\">\n<li>\ud83c\udf33 Du\u017cy, zalesiony gaj oliwny<\/li>\n\n\n\n<li>\ud83c\udf1e Zagospodarowane przestrzenie zewn\u0119trzne<\/li>\n\n\n\n<li>\ud83e\udd0d Kameralna i ciep\u0142a atmosfera<\/li>\n\n\n\n<li>\ud83c\udf05 Naturalna sceneria mi\u0119dzy morzem a g\u00f3rami<\/li>\n<\/ul>\n\n\n\n<p>\ud83d\udc49 Idealne miejsce na wesele w stylu <strong>rustykalnym, boho lub eleganckim<\/strong>.<\/p>\n\n\n\n<h2 class=\"wp-block-heading\">\ud83d\udc70\u200d\u2640\ufe0f\ud83e\udd35\u200d\u2642\ufe0f Wesele w pe\u0142ni dopasowane do Pa\u0144stwa wizji<br><\/h2>\n\n\n\n<p>Poniewa\u017c ka\u017cda para jest wyj\u0105tkowa, oferujemy Pa\u0144stwu pe\u0142n\u0105 swobod\u0119 organizacji:<\/p>\n\n\n\n<ul class=\"wp-block-list\">\n<li>Ceremonia humanistyczna w plenerze<\/li>\n\n\n\n<li>Przyj\u0119cie powitalne w ogrodzie<\/li>\n\n\n\n<li>Kolacja i zabawa pod pergol\u0105 lub w przygotowanej przestrzeni<\/li>\n\n\n\n<li>Mo\u017cliwo\u015b\u0107 zorganizowania brunchu nast\u0119pnego dnia<\/li>\n<\/ul>\n\n\n\n<p>\ud83d\udc49 Podobnie jak w najpi\u0119kniejszych posiad\u0142o\u015bciach, ka\u017cdy moment mo\u017ce odbywa\u0107 si\u0119 w innej przestrzeni, tworz\u0105c sp\u00f3jne i niezapomniane wra\u017cenie<\/p>\n\n\n\n<h2 class=\"wp-block-heading\">\ud83c\udf89 Pojemno\u015b\u0107 i wynajem posiad\u0142o\u015bci na wy\u0142\u0105czno\u015b\u0107<\/h2>\n\n\n\n<ul class=\"wp-block-list\">\n<li>\ud83d\udc65 Do <strong>100 go\u015bci<\/strong><\/li>\n\n\n\n<li>\ud83c\udfe1 Mo\u017cliwo\u015b\u0107 wynaj\u0119cia ca\u0142ej posiad\u0142o\u015bci na wy\u0142\u0105czno\u015b\u0107<\/li>\n\n\n\n<li>\ud83c\udf19 Wydarzenia jedno- lub kilkudniowe<\/li>\n\n\n\n<li>\ud83d\udc49 Korzystajcie Pa\u0144stwo z miejsca zarezerwowanego wy\u0142\u0105cznie na Pa\u0144stwa wesele, w pe\u0142nej prywatno\u015bci.<\/li>\n<\/ul>\n\n\n\n<div class=\"wp-block-buttons is-layout-flex wp-block-buttons-is-layout-flex\">\n<div class=\"wp-block-button\"><a class=\"wp-block-button__link wp-element-button\" href=\"https:\/\/bacciadonna.com\/pl\/formularz-kontaktowy-wydarzenia\/\">Popro\u015b o wycen\u0119<\/a><\/div>\n<\/div>\n\n\n\n<div class=\"wp-block-getwid-images-stack is-style-rounded is-layout-zeta\"><div class=\"wp-block-getwid-images-stack__wrapper\"><div class=\"wp-block-getwid-images-stack__chunk\"><div class=\"wp-block-getwid-images-stack__media-wrapper\"><div class=\"wp-block-getwid-images-stack__media-inner-wrapper\"><img loading=\"lazy\" decoding=\"async\" width=\"2560\" height=\"1920\" class=\"wp-block-getwid-images-stack__media wp-image-1495\" src=\"https:\/\/bacciadonna.com\/wp-content\/uploads\/2026\/03\/P3510354-scaled.jpg\" data-id=\"1495\" data-link=\"https:\/\/bacciadonna.com\/home\/santorini\/anafi-1-8-2-9\/\" srcset=\"https:\/\/bacciadonna.com\/wp-content\/uploads\/2026\/03\/P3510354-scaled.jpg 2560w, https:\/\/bacciadonna.com\/wp-content\/uploads\/2026\/03\/P3510354-300x225.jpg 300w, https:\/\/bacciadonna.com\/wp-content\/uploads\/2026\/03\/P3510354-1024x768.jpg 1024w, https:\/\/bacciadonna.com\/wp-content\/uploads\/2026\/03\/P3510354-768x576.jpg 768w, https:\/\/bacciadonna.com\/wp-content\/uploads\/2026\/03\/P3510354-1536x1152.jpg 1536w, https:\/\/bacciadonna.com\/wp-content\/uploads\/2026\/03\/P3510354-2048x1536.jpg 2048w\" sizes=\"auto, (max-width: 2560px) 100vw, 2560px\" \/><\/div><\/div><div class=\"wp-block-getwid-images-stack__media-wrapper\"><div class=\"wp-block-getwid-images-stack__media-inner-wrapper\"><img loading=\"lazy\" decoding=\"async\" width=\"2560\" height=\"1920\" class=\"wp-block-getwid-images-stack__media wp-image-1507\" src=\"https:\/\/bacciadonna.com\/wp-content\/uploads\/2026\/03\/P3840387-scaled.jpg\" data-id=\"1507\" data-link=\"https:\/\/bacciadonna.com\/home\/santorini\/anafi-1-8-2-12\/\" srcset=\"https:\/\/bacciadonna.com\/wp-content\/uploads\/2026\/03\/P3840387-scaled.jpg 2560w, https:\/\/bacciadonna.com\/wp-content\/uploads\/2026\/03\/P3840387-300x225.jpg 300w, https:\/\/bacciadonna.com\/wp-content\/uploads\/2026\/03\/P3840387-1024x768.jpg 1024w, https:\/\/bacciadonna.com\/wp-content\/uploads\/2026\/03\/P3840387-768x576.jpg 768w, https:\/\/bacciadonna.com\/wp-content\/uploads\/2026\/03\/P3840387-1536x1152.jpg 1536w, https:\/\/bacciadonna.com\/wp-content\/uploads\/2026\/03\/P3840387-2048x1536.jpg 2048w, https:\/\/bacciadonna.com\/wp-content\/uploads\/2026\/03\/P3840387-1170x878.jpg 1170w, https:\/\/bacciadonna.com\/wp-content\/uploads\/2026\/03\/P3840387-600x450.jpg 600w\" sizes=\"auto, (max-width: 2560px) 100vw, 2560px\" \/><\/div><\/div><div class=\"wp-block-getwid-images-stack__media-wrapper\"><div class=\"wp-block-getwid-images-stack__media-inner-wrapper\"><img loading=\"lazy\" decoding=\"async\" width=\"2560\" height=\"1920\" class=\"wp-block-getwid-images-stack__media wp-image-1506\" src=\"https:\/\/bacciadonna.com\/wp-content\/uploads\/2026\/03\/P3920395-1-scaled.jpg\" data-id=\"1506\" data-link=\"https:\/\/bacciadonna.com\/home\/santorini\/anafi-1-8-2-11\/\" srcset=\"https:\/\/bacciadonna.com\/wp-content\/uploads\/2026\/03\/P3920395-1-scaled.jpg 2560w, https:\/\/bacciadonna.com\/wp-content\/uploads\/2026\/03\/P3920395-1-300x225.jpg 300w, https:\/\/bacciadonna.com\/wp-content\/uploads\/2026\/03\/P3920395-1-1024x768.jpg 1024w, https:\/\/bacciadonna.com\/wp-content\/uploads\/2026\/03\/P3920395-1-768x576.jpg 768w, https:\/\/bacciadonna.com\/wp-content\/uploads\/2026\/03\/P3920395-1-1536x1152.jpg 1536w, https:\/\/bacciadonna.com\/wp-content\/uploads\/2026\/03\/P3920395-1-2048x1536.jpg 2048w, https:\/\/bacciadonna.com\/wp-content\/uploads\/2026\/03\/P3920395-1-1170x878.jpg 1170w, https:\/\/bacciadonna.com\/wp-content\/uploads\/2026\/03\/P3920395-1-600x450.jpg 600w\" sizes=\"auto, (max-width: 2560px) 100vw, 2560px\" \/><\/div><\/div><\/div><\/div><\/div>\n\n\n\n<div class=\"wp-block-buttons is-layout-flex wp-block-buttons-is-layout-flex\">\n<div class=\"wp-block-button\"><a class=\"wp-block-button__link wp-element-button\" href=\"https:\/\/bacciadonna.com\/pl\/formularz-kontaktowy-wydarzenia\/\">Popro\u015b o wycen\u0119<\/a><\/div>\n<\/div>\n\n\n\n<hr class=\"wp-block-separator has-alpha-channel-opacity\"\/>\n\n\n\n<h2 class=\"wp-block-heading\">\ud83c\udfe1 Zakwaterowanie na miejscu \u2013 28 miejsc noclegowych<br><\/h2>\n\n\n\n<p>Zapewnijcie Pa\u0144stwo swoim bliskim mo\u017cliwo\u015b\u0107 noclegu na miejscu:<\/p>\n\n\n\n<ul class=\"wp-block-list\">\n<li>Do <strong>28 miejsc noclegowych rozmieszczonych w kilku apartamentach<\/strong><\/li>\n\n\n\n<li>Ca\u0142kowicie odnowione apartamenty<\/li>\n\n\n\n<li>Klimatyzacja, wyposa\u017cone kuchnie, nowoczesny komfort<\/li>\n\n\n\n<li>Prywatne tarasy<\/li>\n<\/ul>\n\n\n\n<p>\ud83d\udc49 Idealne rozwi\u0105zanie, aby przed\u0142u\u017cy\u0107 \u015bwi\u0119towanie i sp\u0119dzi\u0107 ca\u0142y weekend z go\u015b\u0107mi.<\/p>\n\n\n\n<h2 class=\"wp-block-heading\">\ud83c\udf1e Udogodnienia, kt\u00f3re u\u015bwietni\u0105 Pa\u0144stwa wesele<\/h2>\n\n\n\n<ul class=\"wp-block-list\">\n<li>\ud83d\udec1 Wysokiej klasy jacuzzi (8-osobowe)<\/li>\n\n\n\n<li>\ud83c\udfaf Tor do gry w p\u00e9tanque<\/li>\n\n\n\n<li>\ud83c\udfd3 St\u00f3\u0142 do ping-ponga<\/li>\n\n\n\n<li>\ud83e\uddd8 Strefa wellness (joga, relaks)<\/li>\n\n\n\n<li>\ud83c\udf34 Pergola z przestrzeni\u0105 bankietow\u0105<\/li>\n<\/ul>\n\n\n\n<p>\ud83d\udc49 Idealne do tworzenia radosnych chwil przed, w trakcie i po weselu.<\/p>\n\n\n\n<h2 class=\"wp-block-heading\">\ud83c\udf7d\ufe0f Dowolno\u015b\u0107 organizacji i us\u0142ugi na miar\u0119<\/h2>\n\n\n\n<p>Domaine Baccia Donna pozwala zorganizowa\u0107 wesele, kt\u00f3re odzwierciedla Pa\u0144stwa osobowo\u015b\u0107:<\/p>\n\n\n\n<ul class=\"wp-block-list\">\n<li>W\u0142asny catering lub nasi partnerzy<\/li>\n\n\n\n<li>Spersonalizowana dekoracja<\/li>\n\n\n\n<li>Zewn\u0119trzni us\u0142ugodawcy (DJ, fotograf, wedding planner\u2026)<\/li>\n\n\n\n<li>Mo\u017cliwo\u015b\u0107 wsparcia zgodnie z Pa\u0144stwa potrzebami<\/li>\n<\/ul>\n\n\n\n<p>\ud83d\udc49 Wesele <strong>w 100% konfigurowalne<\/strong>, od najprostszego stylu po najbardziej elegancki.<\/p>\n\n\n\n<h2 class=\"wp-block-heading\">\ud83d\ude97 \u0141atwy dojazd i prywatny parking<\/h2>\n\n\n\n<ul class=\"wp-block-list\">\n<li>Bezp\u0142atny parking na <strong>30 miejsc<\/strong> na terenie posiad\u0142o\u015bci<\/li>\n\n\n\n<li>\u0141atwy dojazd dla wszystkich typ\u00f3w pojazd\u00f3w<\/li>\n<\/ul>\n\n\n\n<p>\ud83d\udc49 Niezb\u0119dny komfort dla Pa\u0144stwa go\u015bci.<\/p>\n\n\n\n<h2 class=\"wp-block-heading\">\ud83d\udccd Idealna lokalizacja na Lazurowym Wybrze\u017cu<\/h2>\n\n\n\n<ul class=\"wp-block-list\">\n<li>15 min od Nicei<\/li>\n\n\n\n<li>25 min od Monako<\/li>\n\n\n\n<li>Blisko pla\u017c i g\u0142\u0119bi l\u0105du<\/li>\n<\/ul>\n\n\n\n<p>Posiad\u0142o\u015b\u0107 \u0142\u0105czy <strong>dost\u0119pno\u015b\u0107 z wyj\u0105tkow\u0105 atmosfer\u0105<\/strong> \u2013 to r\u00f3wnowaga bardzo poszukiwana przy weselach w Prowansji<\/p>\n\n\n\n<h2 class=\"wp-block-heading\">\u2728 Wyj\u0105tkowe miejsce na wyj\u0105tkowy dzie\u0144<\/h2>\n\n\n\n<p>Wyb\u00f3r Domaine Baccia Donna to zapewnienie swojemu weselu:<\/p>\n\n\n\n<ul class=\"wp-block-list\">\n<li>Wyj\u0105tkowej naturalnej scenerii<\/li>\n\n\n\n<li>Prywatnego i kameralnego miejsca<\/li>\n\n\n\n<li>Zakwaterowania na miejscu<\/li>\n\n\n\n<li>Pe\u0142nej swobody organizacji<\/li>\n<\/ul>\n\n\n\n<p>\ud83d\udc49 Wszystko jest na miejscu, aby stworzy\u0107 niezapomniany moment, zgodny z Pa\u0144stwa wizj\u0105.<\/p>\n\n\n\n<h2 class=\"wp-block-heading\">\ud83d\udce9 Zapytanie o wycen\u0119 i wizyt\u0119<\/h2>\n\n\n\n<p>Skontaktujcie si\u0119 Pa\u0144stwo z nami ju\u017c teraz, aby um\u00f3wi\u0107 si\u0119 na wizyt\u0119 w posiad\u0142o\u015bci i wsp\u00f3lnie zaplanowa\u0107 wesele Pa\u0144stwa marze\u0144.<\/p>\n\n\n\n<hr class=\"wp-block-separator has-alpha-channel-opacity\"\/>\n\n\n\n<div class=\"wp-block-buttons is-layout-flex wp-block-buttons-is-layout-flex\">\n<div class=\"wp-block-button\"><a class=\"wp-block-button__link wp-element-button\" href=\"https:\/\/bacciadonna.com\/pl\/formularz-kontaktowy-wydarzenia\/\">zapytaj o wycen\u0119<\/a><\/div>\n<\/div>\n\n\n\n<p><\/p>\n\n\n\n<p><\/p>\n","protected":false},"excerpt":{"rendered":"<p>Kameralne wesela, urodziny, prywatne uroczysto\u015bci w urokliwym budynku z 1830 roku, w sercu dawnego gaju oliwnego.<\/p>\n","protected":false},"author":1,"featured_media":3167,"parent":3940,"menu_order":0,"comment_status":"closed","ping_status":"closed","template":"","meta":{"inline_featured_image":false,"footnotes":""},"class_list":["post-3240","page","type-page","status-publish","has-post-thumbnail","hentry"],"_links":{"self":[{"href":"https:\/\/bacciadonna.com\/pl\/wp-json\/wp\/v2\/pages\/3240","targetHints":{"allow":["GET"]}}],"collection":[{"href":"https:\/\/bacciadonna.com\/pl\/wp-json\/wp\/v2\/pages"}],"about":[{"href":"https:\/\/bacciadonna.com\/pl\/wp-json\/wp\/v2\/types\/page"}],"author":[{"embeddable":true,"href":"https:\/\/bacciadonna.com\/pl\/wp-json\/wp\/v2\/users\/1"}],"replies":[{"embeddable":true,"href":"https:\/\/bacciadonna.com\/pl\/wp-json\/wp\/v2\/comments?post=3240"}],"version-history":[{"count":3,"href":"https:\/\/bacciadonna.com\/pl\/wp-json\/wp\/v2\/pages\/3240\/revisions"}],"predecessor-version":[{"id":4914,"href":"https:\/\/bacciadonna.com\/pl\/wp-json\/wp\/v2\/pages\/3240\/revisions\/4914"}],"up":[{"embeddable":true,"href":"https:\/\/bacciadonna.com\/pl\/wp-json\/wp\/v2\/pages\/3940"}],"wp:featuredmedia":[{"embeddable":true,"href":"https:\/\/bacciadonna.com\/pl\/wp-json\/wp\/v2\/media\/3167"}],"wp:attachment":[{"href":"https:\/\/bacciadonna.com\/pl\/wp-json\/wp\/v2\/media?parent=3240"}],"curies":[{"name":"wp","href":"https:\/\/api.w.org\/{rel}","templated":true}]}}