{"id":3224,"date":"2026-03-10T01:28:04","date_gmt":"2026-03-10T00:28:04","guid":{"rendered":"https:\/\/bacciadonna.com\/przewodnik-powitalny-domaine-baccia-donna\/"},"modified":"2026-03-29T20:58:03","modified_gmt":"2026-03-29T19:58:03","slug":"przewodnik-powitalny-domaine-baccia-donna","status":"publish","type":"page","link":"https:\/\/bacciadonna.com\/pl\/przewodnik-powitalny-domaine-baccia-donna\/","title":{"rendered":"Przewodnik powitalny \u2013 Domaine Baccia Donna"},"content":{"rendered":"\n<p><strong>Witamy w Domaine Baccia Donna.<\/strong><\/p>\n\n<p>Aby uczyni\u0107 Pa\u0144stwa pobyt jak najbardziej przyjemnym, przygotowali\u015bmy ten przewodnik powitalny, kt\u00f3ry zawiera wszystkie przydatne informacje, kt\u00f3rych mog\u0105 Pa\u0144stwo potrzebowa\u0107 podczas pobytu.<\/p>\n\n<p>W tym przewodniku znajd\u0105 Pa\u0144stwo:<\/p>\n\n<ul class=\"wp-block-list\">\n<li>informacje praktyczne dotycz\u0105ce zakwaterowania<\/li>\n\n\n\n<li>regulamin pobytu<\/li>\n\n\n\n<li>pobliskie sklepy i restauracje<\/li>\n\n\n\n<li>atrakcje i miejsca do odkrycia w regionie<\/li>\n\n\n\n<li>przydatne numery kontaktowe<\/li>\n<\/ul>\n\n<p>Zapraszamy do zapoznania si\u0119 z tym przewodnikiem, aby w pe\u0142ni wykorzysta\u0107 sw\u00f3j pobyt.<\/p>\n\n<p><strong>\u017byczymy Pa\u0144stwu wspania\u0142ego pobytu w Domaine Baccia Donna.<\/strong><\/p>\n<div class=\"_df_book df-lite\" id=\"df_1685\"  _slug=\"livret-accueil-baccia-donna-anglais\" data-title=\"livret-accueil-baccia-donna-anglais\" wpoptions=\"true\" thumb=\"https:\/\/bacciadonna.com\/wp-content\/uploads\/2026\/02\/cropped-Logo-baccia-donna-1.png\" thumbtype=\"\" ><\/div><script class=\"df-shortcode-script\" nowprocket type=\"application\/javascript\">window.option_df_1685 = {\"outline\":[],\"autoEnableOutline\":\"false\",\"autoEnableThumbnail\":\"false\",\"overwritePDFOutline\":\"false\",\"direction\":\"1\",\"pageSize\":\"0\",\"source\":\"https:\\\/\\\/bacciadonna.com\\\/wp-content\\\/uploads\\\/2026\\\/03\\\/Livret-accueil-Baccia-Donna-Eng.pdf\",\"wpOptions\":\"true\"}; if(window.DFLIP && window.DFLIP.parseBooks){window.DFLIP.parseBooks();}<\/script>\n","protected":false},"excerpt":{"rendered":"<p>Witamy w Domaine Baccia Donna. Aby uczyni\u0107 Pa\u0144stwa pobyt jak najbardziej przyjemnym, przygotowali\u015bmy ten przewodnik powitalny, kt\u00f3ry zawiera wszystkie przydatne informacje, kt\u00f3rych mog\u0105 Pa\u0144stwo potrzebowa\u0107 podczas pobytu. W tym przewodniku znajd\u0105 Pa\u0144stwo: Zapraszamy do zapoznania si\u0119 z tym przewodnikiem, aby w pe\u0142ni wykorzysta\u0107 sw\u00f3j pobyt. \u017byczymy Pa\u0144stwu wspania\u0142ego pobytu w Domaine Baccia Donna.<\/p>\n","protected":false},"author":1,"featured_media":0,"parent":0,"menu_order":0,"comment_status":"closed","ping_status":"closed","template":"","meta":{"inline_featured_image":false,"footnotes":""},"class_list":["post-3224","page","type-page","status-publish","hentry"],"_links":{"self":[{"href":"https:\/\/bacciadonna.com\/pl\/wp-json\/wp\/v2\/pages\/3224","targetHints":{"allow":["GET"]}}],"collection":[{"href":"https:\/\/bacciadonna.com\/pl\/wp-json\/wp\/v2\/pages"}],"about":[{"href":"https:\/\/bacciadonna.com\/pl\/wp-json\/wp\/v2\/types\/page"}],"author":[{"embeddable":true,"href":"https:\/\/bacciadonna.com\/pl\/wp-json\/wp\/v2\/users\/1"}],"replies":[{"embeddable":true,"href":"https:\/\/bacciadonna.com\/pl\/wp-json\/wp\/v2\/comments?post=3224"}],"version-history":[{"count":1,"href":"https:\/\/bacciadonna.com\/pl\/wp-json\/wp\/v2\/pages\/3224\/revisions"}],"predecessor-version":[{"id":3225,"href":"https:\/\/bacciadonna.com\/pl\/wp-json\/wp\/v2\/pages\/3224\/revisions\/3225"}],"wp:attachment":[{"href":"https:\/\/bacciadonna.com\/pl\/wp-json\/wp\/v2\/media?parent=3224"}],"curies":[{"name":"wp","href":"https:\/\/api.w.org\/{rel}","templated":true}]}}