{"id":3175,"date":"2026-03-10T00:20:36","date_gmt":"2026-03-09T23:20:36","guid":{"rendered":"https:\/\/bacciadonna.com\/przewodnik-dla-gosci-domaine-baccia-donna\/"},"modified":"2026-03-29T20:57:56","modified_gmt":"2026-03-29T19:57:56","slug":"przewodnik-dla-gosci-domaine-baccia-donna","status":"publish","type":"page","link":"https:\/\/bacciadonna.com\/pl\/przewodnik-dla-gosci-domaine-baccia-donna\/","title":{"rendered":"Przewodnik dla go\u015bci \u2013 Domaine Baccia Donna"},"content":{"rendered":"\n<p class=\"has-black-color has-text-color has-link-color wp-elements-cf6a04b5cd5ef78fcc2aa225fd95fa90\">Witamy w Domaine Baccia Donna.<\/p>\n\n<p class=\"has-black-color has-text-color has-link-color wp-elements-b40b21a3e3af877ffb534e6f8942214d\">Aby Pa\u0144stwa pobyt by\u0142 jak najbardziej komfortowy, przygotowali\u015bmy ten przewodnik dla go\u015bci, kt\u00f3ry zawiera wszystkie przydatne informacje na czas pobytu.<\/p>\n\n<p class=\"has-black-color has-text-color has-link-color wp-elements-102ffd7b620bb1e6009d5d938cb843c4\">Znajd\u0105 w nim Pa\u0144stwo w szczeg\u00f3lno\u015bci:<\/p>\n\n<ul class=\"wp-block-list\">\n<li class=\"has-black-color has-text-color has-link-color wp-elements-f26d3fde53fdb6d6270ec9c5899e5c1f\">praktyczne informacje dotycz\u0105ce obiektu<\/li>\n\n\n\n<li class=\"has-black-color has-text-color has-link-color wp-elements-e90b5ed448bfabc63baf9080a0ac523f\">zasady obowi\u0105zuj\u0105ce w obiekcie<\/li>\n\n\n\n<li class=\"has-black-color has-text-color has-link-color wp-elements-7dbc7062c3e62fad0ef814934d6ad6b8\">sklepy i restauracje w pobli\u017cu<\/li>\n\n\n\n<li class=\"has-black-color has-text-color has-link-color wp-elements-aa02825e0c08edda1cd2726ed5057ef7\">atrakcje i miejsca warte odkrycia w regionie<\/li>\n\n\n\n<li class=\"has-black-color has-text-color has-link-color wp-elements-900daf1d65e4ce00214fce7cad362543\">przydatne numery kontaktowe<\/li>\n<\/ul>\n\n<p class=\"has-black-color has-text-color has-link-color wp-elements-bd00b5c31b9db8cc6778b13f0e61465c\">Zach\u0119camy do zapoznania si\u0119 z tym przewodnikiem, aby w pe\u0142ni skorzysta\u0107 z pobytu.<\/p>\n\n<p class=\"has-black-color has-text-color has-link-color wp-elements-42e936801b04b51eba6102cf11541b52\">\u017byczymy Pa\u0144stwu wspania\u0142ego pobytu w Domaine Baccia Donna.<\/p>\n<div class=\"_df_book df-lite\" id=\"df_1681\"  _slug=\"livret-accueil-baccia-donna-fr\" data-title=\"livret-accueil-baccia-donna-fr\" wpoptions=\"true\" thumb=\"https:\/\/bacciadonna.com\/wp-content\/uploads\/2026\/02\/cropped-cropped-Logo-baccia-donna-1.png\" thumbtype=\"\" ><\/div><script class=\"df-shortcode-script\" nowprocket type=\"application\/javascript\">window.option_df_1681 = {\"outline\":[],\"autoEnableOutline\":\"false\",\"autoEnableThumbnail\":\"false\",\"overwritePDFOutline\":\"false\",\"direction\":\"1\",\"pageSize\":\"0\",\"source\":\"https:\\\/\\\/bacciadonna.com\\\/wp-content\\\/uploads\\\/2026\\\/03\\\/Livret-daccueil-baccia-donna-FR.pdf\",\"wpOptions\":\"true\"}; if(window.DFLIP && window.DFLIP.parseBooks){window.DFLIP.parseBooks();}<\/script>\n","protected":false},"excerpt":{"rendered":"<p>Witamy w Domaine Baccia Donna. Aby Pa\u0144stwa pobyt by\u0142 jak najbardziej komfortowy, przygotowali\u015bmy ten przewodnik dla go\u015bci, kt\u00f3ry zawiera wszystkie przydatne informacje na czas pobytu. Znajd\u0105 w nim Pa\u0144stwo w szczeg\u00f3lno\u015bci: Zach\u0119camy do zapoznania si\u0119 z tym przewodnikiem, aby w pe\u0142ni skorzysta\u0107 z pobytu. \u017byczymy Pa\u0144stwu wspania\u0142ego pobytu w Domaine Baccia Donna.<\/p>\n","protected":false},"author":1,"featured_media":0,"parent":0,"menu_order":0,"comment_status":"closed","ping_status":"closed","template":"","meta":{"inline_featured_image":false,"footnotes":""},"class_list":["post-3175","page","type-page","status-publish","hentry"],"_links":{"self":[{"href":"https:\/\/bacciadonna.com\/pl\/wp-json\/wp\/v2\/pages\/3175","targetHints":{"allow":["GET"]}}],"collection":[{"href":"https:\/\/bacciadonna.com\/pl\/wp-json\/wp\/v2\/pages"}],"about":[{"href":"https:\/\/bacciadonna.com\/pl\/wp-json\/wp\/v2\/types\/page"}],"author":[{"embeddable":true,"href":"https:\/\/bacciadonna.com\/pl\/wp-json\/wp\/v2\/users\/1"}],"replies":[{"embeddable":true,"href":"https:\/\/bacciadonna.com\/pl\/wp-json\/wp\/v2\/comments?post=3175"}],"version-history":[{"count":1,"href":"https:\/\/bacciadonna.com\/pl\/wp-json\/wp\/v2\/pages\/3175\/revisions"}],"predecessor-version":[{"id":3177,"href":"https:\/\/bacciadonna.com\/pl\/wp-json\/wp\/v2\/pages\/3175\/revisions\/3177"}],"wp:attachment":[{"href":"https:\/\/bacciadonna.com\/pl\/wp-json\/wp\/v2\/media?parent=3175"}],"curies":[{"name":"wp","href":"https:\/\/api.w.org\/{rel}","templated":true}]}}