{"id":3155,"date":"2026-03-04T08:03:46","date_gmt":"2026-03-04T07:03:46","guid":{"rendered":"https:\/\/bacciadonna.com\/uroczystosci-i-wydarzenia-w-domaine-baccia-donna-w-poblizu-nicei-i-monako\/"},"modified":"2026-03-29T20:57:57","modified_gmt":"2026-03-29T19:57:57","slug":"uroczystosci-i-wydarzenia-w-domaine-baccia-donna-w-poblizu-nicei-i-monako","status":"publish","type":"page","link":"https:\/\/bacciadonna.com\/pl\/uroczystosci-i-wydarzenia-w-domaine-baccia-donna-w-poblizu-nicei-i-monako\/","title":{"rendered":"Uroczysto\u015bci i wydarzenia w Domaine Baccia Donna \u2013 w pobli\u017cu Nicei i Monako"},"content":{"rendered":"\n<p>Wyj\u0105tkowe miejsce w pobli\u017cu Nicei na wszystkie Pa\u0144stwa wa\u017cne chwile<\/p>\n\n<p><\/p>\n\n<div class=\"wp-block-getwid-section alignfull alignfull getwid-margin-top-none getwid-margin-bottom-none\"><div class=\"wp-block-getwid-section__wrapper getwid-padding-top-medium getwid-padding-bottom-none getwid-padding-left-medium getwid-padding-right-medium getwid-padding-mobile-left-small getwid-padding-mobile-right-small\"><div class=\"wp-block-getwid-section__inner-wrapper\"><div class=\"wp-block-getwid-section__background-holder\"><div class=\"wp-block-getwid-section__background\"><\/div><div class=\"wp-block-getwid-section__foreground\"><\/div><\/div><div class=\"wp-block-getwid-section__content\"><div class=\"wp-block-getwid-section__inner-content\">\n<div class=\"wp-block-columns has-2-columns is-layout-flex wp-container-core-columns-is-layout-9d6595d7 wp-block-columns-is-layout-flex\">\n<div class=\"wp-block-column is-layout-flow wp-block-column-is-layout-flow\">\n<div class=\"wp-block-getwid-advanced-heading is-style-style-1 has-custom-font-size\" style=\"font-size:12px;margin-bottom:20px\"><p class=\"wp-block-getwid-advanced-heading__content\" style=\"letter-spacing:1px\">Wyj\u0105tkowe miejsce na Pa\u0144stwa wyj\u0105tkowe chwile<\/p><\/div>\n\n\n\n<div class=\"wp-block-getwid-advanced-heading is-style-default\"><h2 class=\"wp-block-getwid-advanced-heading__content\">Witamy w Domaine Baccia Donna<\/h2><\/div>\n<\/div>\n\n\n\n<div class=\"wp-block-column is-layout-flow wp-block-column-is-layout-flow\">\n<p>W sercu spokojnego gaju oliwnego w La Trinit\u00e9, kilka minut od Nicei i Monako, Domaine Baccia Donna zaprasza na wszelkie wydarzenia prywatne i zawodowe w autentycznym, eleganckim i ca\u0142kowicie odnowionym otoczeniu.<\/p>\n\n\n\n<p>Urodziny, wiecz\u00f3r panie\u0144ski, chrzest, komunia, seminarium czy prywatne przyj\u0119cie\u2026 zapewnijcie Pa\u0144stwo swoim go\u015bciom wyj\u0105tkowe miejsce, w kt\u00f3rym wszystko zosta\u0142o przemy\u015blane, aby tworzy\u0107 niezapomniane wspomnienia.<\/p>\n\n\n\n<p><br\/><\/p>\n\n\n\n<p><\/p>\n<\/div>\n<\/div>\n\n\n\n<div style=\"height:50px\" aria-hidden=\"true\" class=\"wp-block-spacer\"><\/div>\n\n\n\n<div class=\"wp-block-columns has-2-columns is-layout-flex wp-container-core-columns-is-layout-9d6595d7 wp-block-columns-is-layout-flex\">\n<div class=\"wp-block-column is-layout-flow wp-block-column-is-layout-flow\">\n<figure class=\"wp-block-image size-large\"><img loading=\"lazy\" decoding=\"async\" width=\"1024\" height=\"768\" src=\"https:\/\/bacciadonna.com\/wp-content\/uploads\/2026\/03\/P3430346-1024x768.jpg\" alt=\"\" class=\"wp-image-1510\" srcset=\"https:\/\/bacciadonna.com\/wp-content\/uploads\/2026\/03\/P3430346-1024x768.jpg 1024w, https:\/\/bacciadonna.com\/wp-content\/uploads\/2026\/03\/P3430346-300x225.jpg 300w, https:\/\/bacciadonna.com\/wp-content\/uploads\/2026\/03\/P3430346-768x576.jpg 768w, https:\/\/bacciadonna.com\/wp-content\/uploads\/2026\/03\/P3430346-1536x1152.jpg 1536w, https:\/\/bacciadonna.com\/wp-content\/uploads\/2026\/03\/P3430346-2048x1536.jpg 2048w, https:\/\/bacciadonna.com\/wp-content\/uploads\/2026\/03\/P3430346-1170x878.jpg 1170w, https:\/\/bacciadonna.com\/wp-content\/uploads\/2026\/03\/P3430346-600x450.jpg 600w\" sizes=\"auto, (max-width: 1024px) 100vw, 1024px\" \/><\/figure>\n<\/div>\n\n\n\n<div class=\"wp-block-column is-layout-flow wp-block-column-is-layout-flow\">\n<figure class=\"wp-block-image size-large\"><img loading=\"lazy\" decoding=\"async\" width=\"1024\" height=\"768\" src=\"https:\/\/bacciadonna.com\/wp-content\/uploads\/2026\/03\/P3660369-1024x768.jpg\" alt=\"\" class=\"wp-image-1511\" srcset=\"https:\/\/bacciadonna.com\/wp-content\/uploads\/2026\/03\/P3660369-1024x768.jpg 1024w, https:\/\/bacciadonna.com\/wp-content\/uploads\/2026\/03\/P3660369-300x225.jpg 300w, https:\/\/bacciadonna.com\/wp-content\/uploads\/2026\/03\/P3660369-768x576.jpg 768w, https:\/\/bacciadonna.com\/wp-content\/uploads\/2026\/03\/P3660369-1536x1152.jpg 1536w, https:\/\/bacciadonna.com\/wp-content\/uploads\/2026\/03\/P3660369-2048x1536.jpg 2048w, https:\/\/bacciadonna.com\/wp-content\/uploads\/2026\/03\/P3660369-1170x878.jpg 1170w, https:\/\/bacciadonna.com\/wp-content\/uploads\/2026\/03\/P3660369-600x450.jpg 600w\" sizes=\"auto, (max-width: 1024px) 100vw, 1024px\" \/><\/figure>\n<\/div>\n<\/div>\n<\/div><\/div><\/div><\/div><\/div>\n\n<h2 class=\"wp-block-heading\">Dlaczego warto wybra\u0107 Domaine Baccia Donna?<\/h2>\n\n<p>Domaine Baccia Donna jest idealnie przystosowane do:<\/p>\n\n<h3 class=\"wp-block-heading\">\u2705 <strong>Pojemno\u015b\u0107 i komfort<\/strong><\/h3>\n\n<ul class=\"wp-block-list\">\n<li>Pomie\u015bci do <strong>100 go\u015bci<\/strong> na Pa\u0144stwa urodziny lub uroczysto\u015bci<\/li>\n\n\n\n<li>Do <strong>28 miejsc noclegowych rozmieszczonych na terenie ca\u0142ej posiad\u0142o\u015bci<\/strong><\/li>\n\n\n\n<li>Klimatyzacja i wyposa\u017cone kuchnie we wszystkich apartamentach<\/li>\n\n\n\n<li>Prywatne tarasy<\/li>\n\n\n\n<li>Idealne na kilkudniowe wydarzenia lub dla go\u015bci przyje\u017cd\u017caj\u0105cych z daleka.<\/li>\n<\/ul>\n\n<h3 class=\"wp-block-heading\">\u2705 <strong>Wyposa\u017cenie i rekreacja<\/strong><\/h3>\n\n<ul class=\"wp-block-list\">\n<li><strong>8-osobowe jacuzzi zewn\u0119trzne<\/strong> dla relaksu<\/li>\n\n\n\n<li><strong>Salon pod pergol\u0105<\/strong> na spotkania lub organizacj\u0119 koktajlu<\/li>\n\n\n\n<li><strong>Boisko do p\u00e9tanque<\/strong> i aktywno\u015bci na \u015bwie\u017cym powietrzu<\/li>\n\n\n\n<li><strong>Bezp\u0142atny parking na 30 pojazd\u00f3w<\/strong>, wygodny dla Pa\u0144stwa go\u015bci<\/li>\n<\/ul>\n\n<h3 class=\"wp-block-heading\">\u2705 <strong>Blisko\u015b\u0107 i dost\u0119pno\u015b\u0107<\/strong><\/h3>\n\n<ul class=\"wp-block-list\">\n<li>Zaledwie <strong>15 min od Nicei<\/strong> i <strong>30 min od Monako<\/strong><\/li>\n\n\n\n<li>Idealne dla go\u015bci przyje\u017cd\u017caj\u0105cych z ca\u0142ego Lazurowego Wybrze\u017ca<\/li>\n<\/ul>\n\n<h3 class=\"wp-block-heading\">\u2705 <strong>Prywatne i bezpieczne otoczenie<\/strong><\/h3>\n\n<ul class=\"wp-block-list\">\n<li>Posiad\u0142o\u015b\u0107 w ca\u0142o\u015bci zarezerwowana dla Pa\u0144stwa grupy<\/li>\n\n\n\n<li>Swoboda w organizacji przyj\u0119cia bez ogranicze\u0144<\/li>\n<\/ul>\n\n<p>Wspieramy Pa\u0144stwa w organizacji wydarzenia, aby stworzy\u0107 wyj\u0105tkowe i spersonalizowane do\u015bwiadczenie.<\/p>\n\n<div class=\"wp-block-buttons is-layout-flex wp-block-buttons-is-layout-flex\">\n<div class=\"wp-block-button\"><a class=\"wp-block-button__link wp-element-button\" href=\"https:\/\/bacciadonna.com\/formulaire-contact-evenement\/\">zapytaj o wycen\u0119<\/a><\/div>\n<\/div>\n\n<div class=\"wp-block-getwid-images-stack is-style-rounded is-layout-zeta\"><div class=\"wp-block-getwid-images-stack__wrapper\"><div class=\"wp-block-getwid-images-stack__chunk\"><div class=\"wp-block-getwid-images-stack__media-wrapper\"><div class=\"wp-block-getwid-images-stack__media-inner-wrapper\"><img loading=\"lazy\" decoding=\"async\" width=\"1600\" height=\"1200\" class=\"wp-block-getwid-images-stack__media wp-image-2020\" src=\"https:\/\/bacciadonna.com\/wp-content\/uploads\/2026\/03\/9c039684-52bc-4dc3-9caf-c2725de5466b.jpg\" data-id=\"2020\" data-link=\"https:\/\/bacciadonna.com\/celebration-danniversaire-proche-nice-domaine-baccia-donna\/9c039684-52bc-4dc3-9caf-c2725de5466b\/\" srcset=\"https:\/\/bacciadonna.com\/wp-content\/uploads\/2026\/03\/9c039684-52bc-4dc3-9caf-c2725de5466b.jpg 1600w, https:\/\/bacciadonna.com\/wp-content\/uploads\/2026\/03\/9c039684-52bc-4dc3-9caf-c2725de5466b-300x225.jpg 300w, https:\/\/bacciadonna.com\/wp-content\/uploads\/2026\/03\/9c039684-52bc-4dc3-9caf-c2725de5466b-1024x768.jpg 1024w, https:\/\/bacciadonna.com\/wp-content\/uploads\/2026\/03\/9c039684-52bc-4dc3-9caf-c2725de5466b-768x576.jpg 768w, https:\/\/bacciadonna.com\/wp-content\/uploads\/2026\/03\/9c039684-52bc-4dc3-9caf-c2725de5466b-1536x1152.jpg 1536w, https:\/\/bacciadonna.com\/wp-content\/uploads\/2026\/03\/9c039684-52bc-4dc3-9caf-c2725de5466b-1170x878.jpg 1170w, https:\/\/bacciadonna.com\/wp-content\/uploads\/2026\/03\/9c039684-52bc-4dc3-9caf-c2725de5466b-600x450.jpg 600w\" sizes=\"auto, (max-width: 1600px) 100vw, 1600px\" \/><\/div><\/div><div class=\"wp-block-getwid-images-stack__media-wrapper\"><div class=\"wp-block-getwid-images-stack__media-inner-wrapper\"><img loading=\"lazy\" decoding=\"async\" width=\"2560\" height=\"1920\" class=\"wp-block-getwid-images-stack__media wp-image-2025\" src=\"https:\/\/bacciadonna.com\/wp-content\/uploads\/2026\/03\/IMG_2827-scaled.jpeg\" data-id=\"2025\" data-link=\"https:\/\/bacciadonna.com\/celebration-danniversaire-proche-nice-domaine-baccia-donna\/img_2827\/\" srcset=\"https:\/\/bacciadonna.com\/wp-content\/uploads\/2026\/03\/IMG_2827-scaled.jpeg 2560w, https:\/\/bacciadonna.com\/wp-content\/uploads\/2026\/03\/IMG_2827-300x225.jpeg 300w, https:\/\/bacciadonna.com\/wp-content\/uploads\/2026\/03\/IMG_2827-1024x768.jpeg 1024w, https:\/\/bacciadonna.com\/wp-content\/uploads\/2026\/03\/IMG_2827-768x576.jpeg 768w, https:\/\/bacciadonna.com\/wp-content\/uploads\/2026\/03\/IMG_2827-1536x1152.jpeg 1536w, https:\/\/bacciadonna.com\/wp-content\/uploads\/2026\/03\/IMG_2827-2048x1536.jpeg 2048w\" sizes=\"auto, (max-width: 2560px) 100vw, 2560px\" \/><\/div><\/div><div class=\"wp-block-getwid-images-stack__media-wrapper\"><div class=\"wp-block-getwid-images-stack__media-inner-wrapper\"><img loading=\"lazy\" decoding=\"async\" width=\"2560\" height=\"1920\" class=\"wp-block-getwid-images-stack__media wp-image-1507\" src=\"https:\/\/bacciadonna.com\/wp-content\/uploads\/2026\/03\/P3840387-scaled.jpg\" data-id=\"1507\" data-link=\"https:\/\/bacciadonna.com\/accueil\/lieu-de-mariage-proche-nice-domaine-baccia-donna\/anafi-1-8-2-12\/\" srcset=\"https:\/\/bacciadonna.com\/wp-content\/uploads\/2026\/03\/P3840387-scaled.jpg 2560w, https:\/\/bacciadonna.com\/wp-content\/uploads\/2026\/03\/P3840387-300x225.jpg 300w, https:\/\/bacciadonna.com\/wp-content\/uploads\/2026\/03\/P3840387-1024x768.jpg 1024w, https:\/\/bacciadonna.com\/wp-content\/uploads\/2026\/03\/P3840387-768x576.jpg 768w, https:\/\/bacciadonna.com\/wp-content\/uploads\/2026\/03\/P3840387-1536x1152.jpg 1536w, https:\/\/bacciadonna.com\/wp-content\/uploads\/2026\/03\/P3840387-2048x1536.jpg 2048w, https:\/\/bacciadonna.com\/wp-content\/uploads\/2026\/03\/P3840387-1170x878.jpg 1170w, https:\/\/bacciadonna.com\/wp-content\/uploads\/2026\/03\/P3840387-600x450.jpg 600w\" sizes=\"auto, (max-width: 2560px) 100vw, 2560px\" \/><\/div><\/div><\/div><\/div><\/div>\n\n<hr class=\"wp-block-separator has-alpha-channel-opacity\"\/>\n\n<h2 class=\"wp-block-heading\">\ud83c\udf8a Wydarzenia szyte na miar\u0119<\/h2>\n\n<p style=\"font-size:27px\">\ud83c\udf82 Urodziny<\/p>\n\n<p>\u015awi\u0119tujcie Pa\u0144stwo niezapomniany dzie\u0144 lub wiecz\u00f3r w przyjaznym i eleganckim miejscu.<\/p>\n\n<h3 class=\"wp-block-heading\">\ud83d\udc8d Wieczory panie\u0144skie<\/h3>\n\n<p>Weekend w gronie przyjaci\u00f3\u0142ek w kameralnym otoczeniu \u0142\u0105cz\u0105cym relaks i \u015bwi\u0119towanie.<\/p>\n\n<h3 class=\"wp-block-heading\">\ud83d\udc76 Chrzty i komunie<\/h3>\n\n<p>Bezpieczne i spokojne otoczenie na spotkanie z ca\u0142\u0105 rodzin\u0105.<\/p>\n\n<h3 class=\"wp-block-heading\">\ud83d\udcbc Seminaria i wydarzenia biznesowe<\/h3>\n\n<p>Inspiruj\u0105ce otoczenie pozwalaj\u0105ce po\u0142\u0105czy\u0107 prac\u0119, integracj\u0119 i chwile relaksu.<\/p>\n\n<h3 class=\"wp-block-heading\">\ud83c\udf89 Inne uroczysto\u015bci<\/h3>\n\n<p>Prywatne przyj\u0119cia, zjazdy rodzinne, spotkania po latach\u2026 wszystko jest mo\u017cliwe.<\/p>\n\n<h2 class=\"wp-block-heading\">\ud83d\ude97 Prywatny parking \u2013 30 miejsc na terenie posiad\u0142o\u015bci<\/h2>\n\n<p>Skorzystajcie Pa\u0144stwo z \u0142atwego i wygodnego dojazdu:<\/p>\n\n<ul class=\"wp-block-list\">\n<li>\ud83d\ude98 Bezp\u0142atny parking na <strong>30 miejsc<\/strong><\/li>\n\n\n\n<li>Przystosowany dla samochod\u00f3w osobowych, dostawczych i du\u017cych pojazd\u00f3w<\/li>\n<\/ul>\n\n<p>\ud83d\udc49 Prawdziwy komfort dla Pa\u0144stwa go\u015bci.<\/p>\n\n<h2 class=\"wp-block-heading\">\u2728 Jedno miejsce, tysi\u0105c mo\u017cliwo\u015bci<\/h2>\n\n<p>Dzi\u0119ki swojej pojemno\u015bci, zakwaterowaniu na miejscu i wyj\u0105tkowemu otoczeniu przyrody, Domaine Baccia Donna jest idealnym miejscem na organizacj\u0119 wydarzenia wed\u0142ug Pa\u0144stwa wizji.<\/p>\n\n<hr class=\"wp-block-separator has-alpha-channel-opacity\"\/>\n\n<h2 class=\"wp-block-heading\">Formularz kontaktowy<\/h2>\n\n<p><strong>Gotowi na organizacj\u0119 urodzin w Domaine Baccia Donna?<\/strong><br\/>Wype\u0142nijcie Pa\u0144stwo nasz formularz i otrzymajcie <strong>bezp\u0142atn\u0105, spersonalizowan\u0105 wycen\u0119<\/strong>.<\/p>\n\n<p><\/p>\n\n<div class=\"wp-block-buttons is-layout-flex wp-block-buttons-is-layout-flex\">\n<div class=\"wp-block-button\"><a class=\"wp-block-button__link wp-element-button\" href=\"https:\/\/bacciadonna.com\/formulaire-contact-evenement\/\">Popro\u015b o wycen\u0119<\/a><\/div>\n<\/div>\n\n<h2 class=\"wp-block-heading\">\ud83d\udccd Idealna lokalizacja blisko Nicei i Monako<\/h2>\n\n<p>Nasze miejsce na wesele w pobli\u017cu Nicei jest \u0142atwo dost\u0119pne:<\/p>\n\n<ul class=\"wp-block-list\">\n<li>Kilka minut od centrum Nicei<\/li>\n\n\n\n<li>Blisko Monako<\/li>\n\n\n\n<li>\u0141atwy dojazd samochodem<\/li>\n\n\n\n<li>Autobusy do s\u0105siednich miast<\/li>\n\n\n\n<li>Sklepy i restauracje w pobli\u017cu<\/li>\n\n\n\n<li>W pobli\u017cu Sanktuarium de Laghet<\/li>\n<\/ul>\n\n<p>Domaine Baccia Donna \u0142\u0105czy spok\u00f3j, natur\u0119 i blisko\u015b\u0107 du\u017cych miast Lazurowego Wybrze\u017ca.<\/p>\n\n<hr class=\"wp-block-separator has-alpha-channel-opacity\"\/>\n\n<h2 class=\"wp-block-heading\">Porady dotycz\u0105ce Pa\u0144stwa urodzin<\/h2>\n\n<ul class=\"wp-block-list\">\n<li>Skorzystajcie Pa\u0144stwo z <strong>jacuzzi<\/strong>, aby zrelaksowa\u0107 si\u0119 przed posi\u0142kiem lub po nim <\/li>\n\n\n\n<li>Zorganizujcie Pa\u0144stwo <strong>gr\u0119 w p\u00e9tanque lub ping-ponga<\/strong>, aby zapewni\u0107 rozrywk\u0119 swoim go\u015bciom <\/li>\n\n\n\n<li>Wykorzystajcie Pa\u0144stwo <strong>salon pod pergol\u0105<\/strong> na koktajl lub tort urodzinowy <\/li>\n\n\n\n<li>Pami\u0119tajcie Pa\u0144stwo o <strong>rezerwacji posiad\u0142o\u015bci z wyprzedzeniem<\/strong>, szczeg\u00f3lnie w przypadku weekend\u00f3w lub okres\u00f3w letnich<\/li>\n<\/ul>\n\n<p><\/p>\n\n<hr class=\"wp-block-separator has-alpha-channel-opacity\"\/>\n\n<h3 class=\"wp-block-heading\">Zorganizujmy wsp\u00f3lnie Pa\u0144stwa wydarzenie<\/h3>\n\n<p>Nie zostawiajcie Pa\u0144stwo swoich urodzin przypadkowi!<br\/><strong>Zarezerwujcie Pa\u0144stwo termin ju\u017c teraz i cieszcie si\u0119 wyj\u0105tkowym otoczeniem, kt\u00f3re mo\u017ce pomie\u015bci\u0107 do 100 os\u00f3b, z parkingiem i miejscami noclegowymi dla 28 go\u015bci.<\/strong><\/p>\n\n<p><\/p>\n\n<div class=\"wp-block-buttons is-layout-flex wp-block-buttons-is-layout-flex\">\n<div class=\"wp-block-button\"><a class=\"wp-block-button__link wp-element-button\" href=\"https:\/\/bacciadonna.com\/formulaire-contact-evenement\/\">Popro\u015b o wycen\u0119<\/a><\/div>\n<\/div>\n\n<p><\/p>\n","protected":false},"excerpt":{"rendered":"<p>Kameralne i towarzyskie urodziny w naszej historycznej prowansalskiej posiad\u0142o\u015bci, zaledwie kilka minut od Nicei i Monako.<\/p>\n","protected":false},"author":1,"featured_media":3165,"parent":0,"menu_order":0,"comment_status":"closed","ping_status":"closed","template":"","meta":{"inline_featured_image":false,"footnotes":""},"class_list":["post-3155","page","type-page","status-publish","has-post-thumbnail","hentry"],"_links":{"self":[{"href":"https:\/\/bacciadonna.com\/pl\/wp-json\/wp\/v2\/pages\/3155","targetHints":{"allow":["GET"]}}],"collection":[{"href":"https:\/\/bacciadonna.com\/pl\/wp-json\/wp\/v2\/pages"}],"about":[{"href":"https:\/\/bacciadonna.com\/pl\/wp-json\/wp\/v2\/types\/page"}],"author":[{"embeddable":true,"href":"https:\/\/bacciadonna.com\/pl\/wp-json\/wp\/v2\/users\/1"}],"replies":[{"embeddable":true,"href":"https:\/\/bacciadonna.com\/pl\/wp-json\/wp\/v2\/comments?post=3155"}],"version-history":[{"count":1,"href":"https:\/\/bacciadonna.com\/pl\/wp-json\/wp\/v2\/pages\/3155\/revisions"}],"predecessor-version":[{"id":3176,"href":"https:\/\/bacciadonna.com\/pl\/wp-json\/wp\/v2\/pages\/3155\/revisions\/3176"}],"wp:featuredmedia":[{"embeddable":true,"href":"https:\/\/bacciadonna.com\/pl\/wp-json\/wp\/v2\/media\/3165"}],"wp:attachment":[{"href":"https:\/\/bacciadonna.com\/pl\/wp-json\/wp\/v2\/media?parent=3155"}],"curies":[{"name":"wp","href":"https:\/\/api.w.org\/{rel}","templated":true}]}}