{"id":3064,"date":"2026-03-28T19:30:55","date_gmt":"2026-03-28T18:30:55","guid":{"rendered":"https:\/\/bacciadonna.com\/%f0%9f%8e%af-boisko-do-petanque-domaine-baccia-donna\/"},"modified":"2026-03-29T20:59:31","modified_gmt":"2026-03-29T19:59:31","slug":"%f0%9f%8e%af-boisko-do-petanque-domaine-baccia-donna","status":"publish","type":"page","link":"https:\/\/bacciadonna.com\/pl\/%f0%9f%8e%af-boisko-do-petanque-domaine-baccia-donna\/","title":{"rendered":"\ud83c\udfaf Boisko do p\u00e9tanque \u2013 Domaine Baccia Donna"},"content":{"rendered":"\n<p>Domaine Baccia Donna<\/p>\n\n<p>Boisko do p\u00e9tanque w Domaine Baccia Donna to przestrze\u0144 na \u015bwie\u017cym powietrzu, przeznaczona do relaksu, gry i wsp\u00f3lnego sp\u0119dzania czasu. W spokojnej, s\u0142onecznej atmosferze oferuje idealne warunki, aby mi\u0142o sp\u0119dzi\u0107 czas z przyjaci\u00f3\u0142mi, rodzin\u0105 lub innymi podr\u00f3\u017cnymi. <\/p>\n\n<p>Po\u0142o\u017cona w sercu posiad\u0142o\u015bci przestrze\u0144 jest og\u00f3lnodost\u0119pna i pozwala w pe\u0142ni cieszy\u0107 si\u0119 \u015br\u00f3dziemnomorskim stylem \u017cycia.<\/p>\n\n<div class=\"wp-block-getwid-images-stack is-style-rounded is-layout-zeta\"><div class=\"wp-block-getwid-images-stack__wrapper\"><div class=\"wp-block-getwid-images-stack__chunk\"><div class=\"wp-block-getwid-images-stack__media-wrapper\"><div class=\"wp-block-getwid-images-stack__media-inner-wrapper\"><img loading=\"lazy\" decoding=\"async\" width=\"2560\" height=\"1920\" class=\"wp-block-getwid-images-stack__media wp-image-2280\" src=\"https:\/\/bacciadonna.com\/wp-content\/uploads\/2026\/03\/IMG_9629-scaled.jpg\" data-id=\"2280\" data-link=\"https:\/\/bacciadonna.com\/%f0%9f%8e%af-terrain-de-petanque-domaine-baccia-donna\/img_9629\/\" srcset=\"https:\/\/bacciadonna.com\/wp-content\/uploads\/2026\/03\/IMG_9629-scaled.jpg 2560w, https:\/\/bacciadonna.com\/wp-content\/uploads\/2026\/03\/IMG_9629-300x225.jpg 300w, https:\/\/bacciadonna.com\/wp-content\/uploads\/2026\/03\/IMG_9629-1024x768.jpg 1024w, https:\/\/bacciadonna.com\/wp-content\/uploads\/2026\/03\/IMG_9629-768x576.jpg 768w, https:\/\/bacciadonna.com\/wp-content\/uploads\/2026\/03\/IMG_9629-1536x1152.jpg 1536w, https:\/\/bacciadonna.com\/wp-content\/uploads\/2026\/03\/IMG_9629-2048x1536.jpg 2048w, https:\/\/bacciadonna.com\/wp-content\/uploads\/2026\/03\/IMG_9629-1170x878.jpg 1170w, https:\/\/bacciadonna.com\/wp-content\/uploads\/2026\/03\/IMG_9629-600x450.jpg 600w\" sizes=\"auto, (max-width: 2560px) 100vw, 2560px\" \/><\/div><\/div><div class=\"wp-block-getwid-images-stack__media-wrapper\"><div class=\"wp-block-getwid-images-stack__media-inner-wrapper\"><img loading=\"lazy\" decoding=\"async\" width=\"2560\" height=\"1920\" class=\"wp-block-getwid-images-stack__media wp-image-2282\" src=\"https:\/\/bacciadonna.com\/wp-content\/uploads\/2026\/03\/IMG_6583-scaled.jpg\" data-id=\"2282\" data-link=\"https:\/\/bacciadonna.com\/%f0%9f%8e%af-terrain-de-petanque-domaine-baccia-donna\/img_6583\/\" srcset=\"https:\/\/bacciadonna.com\/wp-content\/uploads\/2026\/03\/IMG_6583-scaled.jpg 2560w, https:\/\/bacciadonna.com\/wp-content\/uploads\/2026\/03\/IMG_6583-300x225.jpg 300w, https:\/\/bacciadonna.com\/wp-content\/uploads\/2026\/03\/IMG_6583-1024x768.jpg 1024w, https:\/\/bacciadonna.com\/wp-content\/uploads\/2026\/03\/IMG_6583-768x576.jpg 768w, https:\/\/bacciadonna.com\/wp-content\/uploads\/2026\/03\/IMG_6583-1536x1152.jpg 1536w, https:\/\/bacciadonna.com\/wp-content\/uploads\/2026\/03\/IMG_6583-2048x1536.jpg 2048w, https:\/\/bacciadonna.com\/wp-content\/uploads\/2026\/03\/IMG_6583-1170x878.jpg 1170w, https:\/\/bacciadonna.com\/wp-content\/uploads\/2026\/03\/IMG_6583-600x450.jpg 600w\" sizes=\"auto, (max-width: 2560px) 100vw, 2560px\" \/><\/div><\/div><div class=\"wp-block-getwid-images-stack__media-wrapper\"><div class=\"wp-block-getwid-images-stack__media-inner-wrapper\"><img loading=\"lazy\" decoding=\"async\" width=\"2560\" height=\"1920\" class=\"wp-block-getwid-images-stack__media wp-image-2283\" src=\"https:\/\/bacciadonna.com\/wp-content\/uploads\/2026\/03\/IMG_6584-scaled.jpg\" data-id=\"2283\" data-link=\"https:\/\/bacciadonna.com\/%f0%9f%8e%af-terrain-de-petanque-domaine-baccia-donna\/img_6584\/\" srcset=\"https:\/\/bacciadonna.com\/wp-content\/uploads\/2026\/03\/IMG_6584-scaled.jpg 2560w, https:\/\/bacciadonna.com\/wp-content\/uploads\/2026\/03\/IMG_6584-300x225.jpg 300w, https:\/\/bacciadonna.com\/wp-content\/uploads\/2026\/03\/IMG_6584-1024x768.jpg 1024w, https:\/\/bacciadonna.com\/wp-content\/uploads\/2026\/03\/IMG_6584-768x576.jpg 768w, https:\/\/bacciadonna.com\/wp-content\/uploads\/2026\/03\/IMG_6584-1536x1152.jpg 1536w, https:\/\/bacciadonna.com\/wp-content\/uploads\/2026\/03\/IMG_6584-2048x1536.jpg 2048w, https:\/\/bacciadonna.com\/wp-content\/uploads\/2026\/03\/IMG_6584-1170x878.jpg 1170w, https:\/\/bacciadonna.com\/wp-content\/uploads\/2026\/03\/IMG_6584-600x450.jpg 600w\" sizes=\"auto, (max-width: 2560px) 100vw, 2560px\" \/><\/div><\/div><\/div><div class=\"wp-block-getwid-images-stack__chunk\"><div class=\"wp-block-getwid-images-stack__media-wrapper\"><div class=\"wp-block-getwid-images-stack__media-inner-wrapper\"><img loading=\"lazy\" decoding=\"async\" width=\"1920\" height=\"1097\" class=\"wp-block-getwid-images-stack__media wp-image-1910\" src=\"https:\/\/bacciadonna.com\/wp-content\/uploads\/2026\/03\/IMG-8993-scaled-e1739370740273.jpg\" data-id=\"1910\" data-link=\"https:\/\/bacciadonna.com\/img-8993-scaled-e1739370740273-2\/\" srcset=\"https:\/\/bacciadonna.com\/wp-content\/uploads\/2026\/03\/IMG-8993-scaled-e1739370740273.jpg 1920w, https:\/\/bacciadonna.com\/wp-content\/uploads\/2026\/03\/IMG-8993-scaled-e1739370740273-300x171.jpg 300w, https:\/\/bacciadonna.com\/wp-content\/uploads\/2026\/03\/IMG-8993-scaled-e1739370740273-1024x585.jpg 1024w, https:\/\/bacciadonna.com\/wp-content\/uploads\/2026\/03\/IMG-8993-scaled-e1739370740273-768x439.jpg 768w, https:\/\/bacciadonna.com\/wp-content\/uploads\/2026\/03\/IMG-8993-scaled-e1739370740273-1536x878.jpg 1536w, https:\/\/bacciadonna.com\/wp-content\/uploads\/2026\/03\/IMG-8993-scaled-e1739370740273-1170x668.jpg 1170w, https:\/\/bacciadonna.com\/wp-content\/uploads\/2026\/03\/IMG-8993-scaled-e1739370740273-600x343.jpg 600w\" sizes=\"auto, (max-width: 1920px) 100vw, 1920px\" \/><\/div><\/div><\/div><\/div><\/div>\n\n<h2 class=\"wp-block-heading\">\ud83d\udd52 Godziny korzystania<\/h2>\n\n<p>Boisko do p\u00e9tanque jest dost\u0119pne codziennie w godzinach <strong>8:00\u201322:00<\/strong>.<\/p>\n\n<p>Prosimy o przestrzeganie tych godzin, aby zachowa\u0107 spok\u00f3j na terenie posiad\u0142o\u015bci, zw\u0142aszcza wieczorem.<\/p>\n\n<hr class=\"wp-block-separator has-alpha-channel-opacity\"\/>\n\n<h2 class=\"wp-block-heading\">\ud83c\udfaf Zasady gry (uproszczone przypomnienie)<\/h2>\n\n<h3 class=\"wp-block-heading\">Cel<\/h3>\n\n<p>Celem gry w p\u00e9tanque jest rzucanie kulami jak najbli\u017cej <strong>cochonnet<\/strong>, czyli ma\u0142ej kuli b\u0119d\u0105cej celem.<\/p>\n\n<h3 class=\"wp-block-heading\">Przebieg rozgrywki<\/h3>\n\n<ul class=\"wp-block-list\">\n<li>Rozgrywka rozpoczyna si\u0119 od rzutu cochonnet w wyznaczonej strefie<\/li>\n\n\n\n<li>Nast\u0119pnie gracze lub dru\u017cyny graj\u0105 na zmian\u0119<\/li>\n\n\n\n<li>Ka\u017cdy gracz rzuca swoje kule, staraj\u0105c si\u0119 zbli\u017cy\u0107 jak najbardziej do cochonnet<\/li>\n<\/ul>\n\n<h3 class=\"wp-block-heading\">Liczenie punkt\u00f3w<\/h3>\n\n<ul class=\"wp-block-list\">\n<li>Na koniec ka\u017cdej rundy punkty zdobywa wy\u0142\u0105cznie dru\u017cyna, kt\u00f3rej kule znajduj\u0105 si\u0119 najbli\u017cej cochonnet<\/li>\n\n\n\n<li>Ka\u017cda kula po\u0142o\u017cona lepiej ni\u017c kula przeciwnika liczy si\u0119 jako <strong>1 punkt<\/strong><\/li>\n\n\n\n<li>Gra zazwyczaj toczy si\u0119 do osi\u0105gni\u0119cia <strong>13 punkt\u00f3w<\/strong><\/li>\n<\/ul>\n\n<hr class=\"wp-block-separator has-alpha-channel-opacity\"\/>\n\n<h2 class=\"wp-block-heading\">\u26a0\ufe0f Zasady bezpiecze\u0144stwa i w\u0142a\u015bciwego korzystania<\/h2>\n\n<p>Aby zapewni\u0107 wszystkim komfortowe korzystanie, prosimy o przestrzeganie poni\u017cszych zasad:<\/p>\n\n<h3 class=\"wp-block-heading\">\ud83d\udd07 Poszanowanie ciszy<\/h3>\n\n<p>Boisko znajduje si\u0119 na terenie obiektu o charakterze mieszkalnym. Prosimy unika\u0107 nadmiernego ha\u0142asu i ograniczy\u0107 g\u0142o\u015bno\u015b\u0107, aby zachowa\u0107 spok\u00f3j w tym miejscu. <\/p>\n\n<h3 class=\"wp-block-heading\">\ud83c\udfaf Korzystanie z boiska<\/h3>\n\n<p>Kule nale\u017cy rzuca\u0107 wy\u0142\u0105cznie w obr\u0119bie wyznaczonego boiska. Ka\u017cdy rzut poza stref\u0119 mo\u017ce stanowi\u0107 zagro\u017cenie dla os\u00f3b i mienia. <\/p>\n\n<h3 class=\"wp-block-heading\">\ud83e\uddf9 Czysto\u015b\u0107<\/h3>\n\n<p>Prosimy zadba\u0107 o pozostawienie boiska w czysto\u015bci po zako\u0144czeniu gry. Prosimy zabra\u0107 swoje \u015bmieci i szanowa\u0107 otoczenie posiad\u0142o\u015bci. <\/p>\n\n<h3 class=\"wp-block-heading\">\ud83e\udd1d Wsp\u00f3\u0142dzielenie i \u017cyczliwa atmosfera<\/h3>\n\n<p>W przypadku wi\u0119kszego ob\u0142o\u017cenia prosimy o uprzejmo\u015b\u0107 i umo\u017cliwienie innym go\u015bciom korzystania z boiska na zmian\u0119.<\/p>\n\n<h3 class=\"wp-block-heading\">\ud83e\uddd2 Dzieci<\/h3>\n\n<p>Dzieci s\u0105 mile widziane, jednak musz\u0105 pozostawa\u0107 <strong>pod sta\u0142ym nadzorem osoby doros\u0142ej<\/strong>, aby zapewni\u0107 im bezpiecze\u0144stwo.<\/p>\n\n<h3 class=\"wp-block-heading\">\u2696\ufe0f Odpowiedzialno\u015b\u0107<\/h3>\n\n<p>Korzystanie z boiska do p\u00e9tanque odbywa si\u0119 na odpowiedzialno\u015b\u0107 u\u017cytkownik\u00f3w. Obiekt nie ponosi odpowiedzialno\u015bci w razie wypadku wynikaj\u0105cego z niew\u0142a\u015bciwego u\u017cytkowania. <\/p>\n\n<hr class=\"wp-block-separator has-alpha-channel-opacity\"\/>\n\n<h2 class=\"wp-block-heading\">\ud83d\udca1 Informacje dodatkowe<\/h2>\n\n<ul class=\"wp-block-list\">\n<li>Boisko jest zarezerwowane dla go\u015bci przebywaj\u0105cych w Domaine Baccia Donna<\/li>\n\n\n\n<li>Jest to wsp\u00f3lna przestrze\u0144 relaksu, sprzyjaj\u0105ca kontaktom i mi\u0142ym chwilom<\/li>\n\n\n\n<li>Prosimy o poszanowanie innych go\u015bci obiektu oraz obowi\u0105zuj\u0105cych zasad<\/li>\n<\/ul>\n\n<hr class=\"wp-block-separator has-alpha-channel-opacity\"\/>\n\n<h2 class=\"wp-block-heading\">\u2728 Przyjazna przestrze\u0144 w sercu posiad\u0142o\u015bci<\/h2>\n\n<p>P\u00e9tanque to co\u015b wi\u0119cej ni\u017c zwyk\u0142e boisko do gry \u2014 to cz\u0119\u015b\u0107 do\u015bwiadczenia pobytu w Domaine Baccia Donna. To chwila wsp\u00f3lnego sp\u0119dzania czasu, relaksu i prostoty, w typowo \u015br\u00f3dziemnomorskim otoczeniu, mi\u0119dzy natur\u0105, s\u0142o\u0144cem i przyjazn\u0105 atmosfer\u0105 \ud83c\udf3f <\/p>\n\n<p><\/p>\n","protected":false},"excerpt":{"rendered":"<p>Domaine Baccia Donna Boisko do p\u00e9tanque w Domaine Baccia Donna to przestrze\u0144 na \u015bwie\u017cym powietrzu, przeznaczona do relaksu, gry i wsp\u00f3lnego sp\u0119dzania czasu. W spokojnej, s\u0142onecznej atmosferze oferuje idealne warunki, aby mi\u0142o sp\u0119dzi\u0107 czas z przyjaci\u00f3\u0142mi, rodzin\u0105 lub innymi podr\u00f3\u017cnymi. Po\u0142o\u017cona w sercu posiad\u0142o\u015bci przestrze\u0144 jest og\u00f3lnodost\u0119pna i pozwala w pe\u0142ni cieszy\u0107 si\u0119 \u015br\u00f3dziemnomorskim stylem [&hellip;]<\/p>\n","protected":false},"author":1,"featured_media":0,"parent":0,"menu_order":0,"comment_status":"closed","ping_status":"closed","template":"","meta":{"inline_featured_image":false,"footnotes":""},"class_list":["post-3064","page","type-page","status-publish","hentry"],"_links":{"self":[{"href":"https:\/\/bacciadonna.com\/pl\/wp-json\/wp\/v2\/pages\/3064","targetHints":{"allow":["GET"]}}],"collection":[{"href":"https:\/\/bacciadonna.com\/pl\/wp-json\/wp\/v2\/pages"}],"about":[{"href":"https:\/\/bacciadonna.com\/pl\/wp-json\/wp\/v2\/types\/page"}],"author":[{"embeddable":true,"href":"https:\/\/bacciadonna.com\/pl\/wp-json\/wp\/v2\/users\/1"}],"replies":[{"embeddable":true,"href":"https:\/\/bacciadonna.com\/pl\/wp-json\/wp\/v2\/comments?post=3064"}],"version-history":[{"count":2,"href":"https:\/\/bacciadonna.com\/pl\/wp-json\/wp\/v2\/pages\/3064\/revisions"}],"predecessor-version":[{"id":3418,"href":"https:\/\/bacciadonna.com\/pl\/wp-json\/wp\/v2\/pages\/3064\/revisions\/3418"}],"wp:attachment":[{"href":"https:\/\/bacciadonna.com\/pl\/wp-json\/wp\/v2\/media?parent=3064"}],"curies":[{"name":"wp","href":"https:\/\/api.w.org\/{rel}","templated":true}]}}