{"id":3415,"date":"2026-03-21T21:23:39","date_gmt":"2026-03-21T20:23:39","guid":{"rendered":"https:\/\/bacciadonna.com\/location-per-matrimoni-vicino-a-nizza-domaine-baccia-donna\/"},"modified":"2026-03-31T09:56:22","modified_gmt":"2026-03-31T08:56:22","slug":"location-per-matrimoni-vicino-a-nizza-domaine-baccia-donna","status":"publish","type":"page","link":"https:\/\/bacciadonna.com\/it\/domaine-baccia-donna-soggiorno-di-charme-in-costa-azzurra\/location-per-matrimoni-vicino-a-nizza-domaine-baccia-donna\/","title":{"rendered":"Location per matrimoni vicino a Nizza \u2013 Domaine Baccia Donna"},"content":{"rendered":"\n<p>Una location per eventi eccezionale vicino a Nizza<br><\/p>\n\n\n\n<p><\/p>\n\n\n\n<!--more Affittare l\u2019intera propriet\u00e0-->\n\n\n\n<div class=\"wp-block-getwid-section alignfull alignfull getwid-margin-top-none getwid-margin-bottom-none\"><div class=\"wp-block-getwid-section__wrapper getwid-padding-top-medium getwid-padding-bottom-none getwid-padding-left-medium getwid-padding-right-medium getwid-padding-mobile-left-small getwid-padding-mobile-right-small\"><div class=\"wp-block-getwid-section__inner-wrapper\"><div class=\"wp-block-getwid-section__background-holder\"><div class=\"wp-block-getwid-section__background\"><\/div><div class=\"wp-block-getwid-section__foreground\"><\/div><\/div><div class=\"wp-block-getwid-section__content\"><div class=\"wp-block-getwid-section__inner-content\">\n<div class=\"wp-block-columns has-2-columns is-layout-flex wp-container-core-columns-is-layout-9d6595d7 wp-block-columns-is-layout-flex\">\n<div class=\"wp-block-column is-layout-flow wp-block-column-is-layout-flow\">\n<div class=\"wp-block-getwid-advanced-heading is-style-style-1 has-custom-font-size\" style=\"font-size:12px;margin-bottom:20px\"><p class=\"wp-block-getwid-advanced-heading__content\" style=\"letter-spacing:1px\">Un luogo d\u2019eccezione per i tuoi momenti d\u2019eccezione<\/p><\/div>\n\n\n\n<div class=\"wp-block-getwid-advanced-heading is-style-default\"><h2 class=\"wp-block-getwid-advanced-heading__content\">Benvenuti al Domaine Baccia Donna<\/h2><\/div>\n<\/div>\n\n\n\n<div class=\"wp-block-column is-layout-flow wp-block-column-is-layout-flow\">\n<p>Celebrate il giorno pi\u00f9 bello della vostra vita in un ambiente autentico e incantevole, nel cuore di un uliveto secolare a La Trinit\u00e9, a pochi minuti da Nizza e Monaco.<\/p>\n\n\n\n<p>Il Domaine Baccia Donna, risalente al 1830 e completamente ristrutturato, vi offre un luogo unico dove natura, eleganza e intimit\u00e0 si incontrano per creare un matrimonio a vostra immagine.<\/p>\n<\/div>\n<\/div>\n\n\n\n<div style=\"height:50px\" aria-hidden=\"true\" class=\"wp-block-spacer\"><\/div>\n\n\n\n<div class=\"wp-block-columns has-2-columns is-layout-flex wp-container-core-columns-is-layout-9d6595d7 wp-block-columns-is-layout-flex\">\n<div class=\"wp-block-column is-layout-flow wp-block-column-is-layout-flow\">\n<figure class=\"wp-block-image size-large\"><img loading=\"lazy\" decoding=\"async\" width=\"1024\" height=\"768\" src=\"https:\/\/bacciadonna.com\/wp-content\/uploads\/2026\/03\/P3430346-1024x768.jpg\" alt=\"\" class=\"wp-image-1510\" srcset=\"https:\/\/bacciadonna.com\/wp-content\/uploads\/2026\/03\/P3430346-1024x768.jpg 1024w, https:\/\/bacciadonna.com\/wp-content\/uploads\/2026\/03\/P3430346-300x225.jpg 300w, https:\/\/bacciadonna.com\/wp-content\/uploads\/2026\/03\/P3430346-768x576.jpg 768w, https:\/\/bacciadonna.com\/wp-content\/uploads\/2026\/03\/P3430346-1536x1152.jpg 1536w, https:\/\/bacciadonna.com\/wp-content\/uploads\/2026\/03\/P3430346-2048x1536.jpg 2048w, https:\/\/bacciadonna.com\/wp-content\/uploads\/2026\/03\/P3430346-1170x878.jpg 1170w, https:\/\/bacciadonna.com\/wp-content\/uploads\/2026\/03\/P3430346-600x450.jpg 600w\" sizes=\"auto, (max-width: 1024px) 100vw, 1024px\" \/><\/figure>\n<\/div>\n\n\n\n<div class=\"wp-block-column is-layout-flow wp-block-column-is-layout-flow\">\n<figure class=\"wp-block-image size-large\"><img loading=\"lazy\" decoding=\"async\" width=\"1024\" height=\"768\" src=\"https:\/\/bacciadonna.com\/wp-content\/uploads\/2026\/03\/P3660369-1024x768.jpg\" alt=\"\" class=\"wp-image-1511\" srcset=\"https:\/\/bacciadonna.com\/wp-content\/uploads\/2026\/03\/P3660369-1024x768.jpg 1024w, https:\/\/bacciadonna.com\/wp-content\/uploads\/2026\/03\/P3660369-300x225.jpg 300w, https:\/\/bacciadonna.com\/wp-content\/uploads\/2026\/03\/P3660369-768x576.jpg 768w, https:\/\/bacciadonna.com\/wp-content\/uploads\/2026\/03\/P3660369-1536x1152.jpg 1536w, https:\/\/bacciadonna.com\/wp-content\/uploads\/2026\/03\/P3660369-2048x1536.jpg 2048w, https:\/\/bacciadonna.com\/wp-content\/uploads\/2026\/03\/P3660369-1170x878.jpg 1170w, https:\/\/bacciadonna.com\/wp-content\/uploads\/2026\/03\/P3660369-600x450.jpg 600w\" sizes=\"auto, (max-width: 1024px) 100vw, 1024px\" \/><\/figure>\n<\/div>\n<\/div>\n<\/div><\/div><\/div><\/div><\/div>\n\n\n\n<p>Immaginate la vostra cerimonia circondati da ulivi, un cocktail al tramonto e una serata sotto le luci di un&#8217;elegante pergola\u2026<\/p>\n\n\n\n<ul class=\"wp-block-list\">\n<li>\ud83c\udf33 Grande uliveto alberato<\/li>\n\n\n\n<li>\ud83c\udf1e Spazi esterni attrezzati<\/li>\n\n\n\n<li>\ud83e\udd0d Atmosfera intima e accogliente<\/li>\n\n\n\n<li>\ud83c\udf05 Contesto naturale tra mare e montagna<\/li>\n<\/ul>\n\n\n\n<p>\ud83d\udc49 Una location ideale per un matrimonio <strong>campestre, boh\u00e9mien o elegante<\/strong>.<\/p>\n\n\n\n<h2 class=\"wp-block-heading\">\ud83d\udc70\u200d\u2640\ufe0f\ud83e\udd35\u200d\u2642\ufe0f Un matrimonio interamente a vostra immagine<br><\/h2>\n\n\n\n<p>Poich\u00e9 ogni coppia \u00e8 unica, vi offriamo totale libert\u00e0 di organizzazione:<\/p>\n\n\n\n<ul class=\"wp-block-list\">\n<li>Cerimonia laica all&#8217;aperto<\/li>\n\n\n\n<li>Vino d&#8217;onore in giardino<\/li>\n\n\n\n<li>Cena e serata sotto la pergola o in uno spazio attrezzato<\/li>\n\n\n\n<li>Brunch del giorno dopo possibile<\/li>\n<\/ul>\n\n\n\n<p>\ud83d\udc49 Come nei pi\u00f9 bei domini, ogni momento pu\u00f2 essere vissuto in uno spazio diverso per creare un&#8217;esperienza fluida e memorabile<\/p>\n\n\n\n<h2 class=\"wp-block-heading\">\ud83c\udf89 Capienza &amp; privatizzazione del dominio<\/h2>\n\n\n\n<ul class=\"wp-block-list\">\n<li>\ud83d\udc65 Fino a <strong>100 invitati<\/strong><\/li>\n\n\n\n<li>\ud83c\udfe1 Dominio interamente privatizzabile<\/li>\n\n\n\n<li>\ud83c\udf19 Eventi di uno o pi\u00f9 giorni<\/li>\n\n\n\n<li>\ud83d\udc49 Godetevi una location esclusivamente riservata al vostro matrimonio, in totale intimit\u00e0.<\/li>\n<\/ul>\n\n\n\n<div class=\"wp-block-buttons is-layout-flex wp-block-buttons-is-layout-flex\">\n<div class=\"wp-block-button\"><a class=\"wp-block-button__link wp-element-button\" href=\"https:\/\/bacciadonna.com\/it\/modulo-di-contatto-per-eventi\/\">Richiedi il tuo preventivo<\/a><\/div>\n<\/div>\n\n\n\n<div class=\"wp-block-getwid-images-stack is-style-rounded is-layout-zeta\"><div class=\"wp-block-getwid-images-stack__wrapper\"><div class=\"wp-block-getwid-images-stack__chunk\"><div class=\"wp-block-getwid-images-stack__media-wrapper\"><div class=\"wp-block-getwid-images-stack__media-inner-wrapper\"><img loading=\"lazy\" decoding=\"async\" width=\"2560\" height=\"1920\" class=\"wp-block-getwid-images-stack__media wp-image-1495\" src=\"https:\/\/bacciadonna.com\/wp-content\/uploads\/2026\/03\/P3510354-scaled.jpg\" data-id=\"1495\" data-link=\"https:\/\/bacciadonna.com\/home\/santorini\/anafi-1-8-2-9\/\" srcset=\"https:\/\/bacciadonna.com\/wp-content\/uploads\/2026\/03\/P3510354-scaled.jpg 2560w, https:\/\/bacciadonna.com\/wp-content\/uploads\/2026\/03\/P3510354-300x225.jpg 300w, https:\/\/bacciadonna.com\/wp-content\/uploads\/2026\/03\/P3510354-1024x768.jpg 1024w, https:\/\/bacciadonna.com\/wp-content\/uploads\/2026\/03\/P3510354-768x576.jpg 768w, https:\/\/bacciadonna.com\/wp-content\/uploads\/2026\/03\/P3510354-1536x1152.jpg 1536w, https:\/\/bacciadonna.com\/wp-content\/uploads\/2026\/03\/P3510354-2048x1536.jpg 2048w\" sizes=\"auto, (max-width: 2560px) 100vw, 2560px\" \/><\/div><\/div><div class=\"wp-block-getwid-images-stack__media-wrapper\"><div class=\"wp-block-getwid-images-stack__media-inner-wrapper\"><img loading=\"lazy\" decoding=\"async\" width=\"2560\" height=\"1920\" class=\"wp-block-getwid-images-stack__media wp-image-1507\" src=\"https:\/\/bacciadonna.com\/wp-content\/uploads\/2026\/03\/P3840387-scaled.jpg\" data-id=\"1507\" data-link=\"https:\/\/bacciadonna.com\/home\/santorini\/anafi-1-8-2-12\/\" srcset=\"https:\/\/bacciadonna.com\/wp-content\/uploads\/2026\/03\/P3840387-scaled.jpg 2560w, https:\/\/bacciadonna.com\/wp-content\/uploads\/2026\/03\/P3840387-300x225.jpg 300w, https:\/\/bacciadonna.com\/wp-content\/uploads\/2026\/03\/P3840387-1024x768.jpg 1024w, https:\/\/bacciadonna.com\/wp-content\/uploads\/2026\/03\/P3840387-768x576.jpg 768w, https:\/\/bacciadonna.com\/wp-content\/uploads\/2026\/03\/P3840387-1536x1152.jpg 1536w, https:\/\/bacciadonna.com\/wp-content\/uploads\/2026\/03\/P3840387-2048x1536.jpg 2048w, https:\/\/bacciadonna.com\/wp-content\/uploads\/2026\/03\/P3840387-1170x878.jpg 1170w, https:\/\/bacciadonna.com\/wp-content\/uploads\/2026\/03\/P3840387-600x450.jpg 600w\" sizes=\"auto, (max-width: 2560px) 100vw, 2560px\" \/><\/div><\/div><div class=\"wp-block-getwid-images-stack__media-wrapper\"><div class=\"wp-block-getwid-images-stack__media-inner-wrapper\"><img loading=\"lazy\" decoding=\"async\" width=\"2560\" height=\"1920\" class=\"wp-block-getwid-images-stack__media wp-image-1506\" src=\"https:\/\/bacciadonna.com\/wp-content\/uploads\/2026\/03\/P3920395-1-scaled.jpg\" data-id=\"1506\" data-link=\"https:\/\/bacciadonna.com\/home\/santorini\/anafi-1-8-2-11\/\" srcset=\"https:\/\/bacciadonna.com\/wp-content\/uploads\/2026\/03\/P3920395-1-scaled.jpg 2560w, https:\/\/bacciadonna.com\/wp-content\/uploads\/2026\/03\/P3920395-1-300x225.jpg 300w, https:\/\/bacciadonna.com\/wp-content\/uploads\/2026\/03\/P3920395-1-1024x768.jpg 1024w, https:\/\/bacciadonna.com\/wp-content\/uploads\/2026\/03\/P3920395-1-768x576.jpg 768w, https:\/\/bacciadonna.com\/wp-content\/uploads\/2026\/03\/P3920395-1-1536x1152.jpg 1536w, https:\/\/bacciadonna.com\/wp-content\/uploads\/2026\/03\/P3920395-1-2048x1536.jpg 2048w, https:\/\/bacciadonna.com\/wp-content\/uploads\/2026\/03\/P3920395-1-1170x878.jpg 1170w, https:\/\/bacciadonna.com\/wp-content\/uploads\/2026\/03\/P3920395-1-600x450.jpg 600w\" sizes=\"auto, (max-width: 2560px) 100vw, 2560px\" \/><\/div><\/div><\/div><\/div><\/div>\n\n\n\n<div class=\"wp-block-buttons is-layout-flex wp-block-buttons-is-layout-flex\">\n<div class=\"wp-block-button\"><a class=\"wp-block-button__link wp-element-button\" href=\"https:\/\/bacciadonna.com\/it\/modulo-di-contatto-per-eventi\/\">Richiedi il tuo preventivo<\/a><\/div>\n<\/div>\n\n\n\n<hr class=\"wp-block-separator has-alpha-channel-opacity\"\/>\n\n\n\n<h2 class=\"wp-block-heading\">\ud83c\udfe1 Alloggio in loco \u2013 28 posti letto<br><\/h2>\n\n\n\n<p>Offrite ai vostri cari la possibilit\u00e0 di soggiornare in loco:<\/p>\n\n\n\n<ul class=\"wp-block-list\">\n<li>Fino a <strong>28 posti letto distribuiti in diversi alloggi<\/strong><\/li>\n\n\n\n<li>Appartamenti completamente ristrutturati<\/li>\n\n\n\n<li>Aria condizionata, cucine attrezzate, comfort moderno<\/li>\n\n\n\n<li>Terrazze private<\/li>\n<\/ul>\n\n\n\n<p>\ud83d\udc49 Ideale per prolungare la festa e condividere un weekend completo con i vostri invitati.<\/p>\n\n\n\n<h2 class=\"wp-block-heading\">\ud83c\udf1e Attrezzature per sublimare il vostro matrimonio<\/h2>\n\n\n\n<ul class=\"wp-block-list\">\n<li>\ud83d\udec1 Jacuzzi di alta gamma (8 persone)<\/li>\n\n\n\n<li>\ud83c\udfaf Campo da bocce<\/li>\n\n\n\n<li>\ud83c\udfd3 Tavolo da ping-pong<\/li>\n\n\n\n<li>\ud83e\uddd8 Spazio benessere (yoga, relax)<\/li>\n\n\n\n<li>\ud83c\udf34 Pergola con area ricevimento<\/li>\n<\/ul>\n\n\n\n<p>\ud83d\udc49 Perfetto per creare momenti conviviali prima, durante e dopo il matrimonio.<\/p>\n\n\n\n<h2 class=\"wp-block-heading\">\ud83c\udf7d\ufe0f Organizzazione libera &amp; servizi su misura<\/h2>\n\n\n\n<p>Il Domaine Baccia Donna vi permette di organizzare un matrimonio che vi rispecchi:<\/p>\n\n\n\n<ul class=\"wp-block-list\">\n<li>Catering libero o partner<\/li>\n\n\n\n<li>Decorazione personalizzata<\/li>\n\n\n\n<li>Fornitori esterni (DJ, fotografo, wedding planner\u2026)<\/li>\n\n\n\n<li>Supporto possibile in base alle vostre esigenze<\/li>\n<\/ul>\n\n\n\n<p>\ud83d\udc49 Un matrimonio <strong>100% personalizzabile<\/strong>, dallo stile pi\u00f9 semplice al pi\u00f9 elegante.<\/p>\n\n\n\n<h2 class=\"wp-block-heading\">\ud83d\ude97 Accesso facile &amp; parcheggio privato<\/h2>\n\n\n\n<ul class=\"wp-block-list\">\n<li>Parcheggio gratuito di <strong>30 posti<\/strong> nel dominio<\/li>\n\n\n\n<li>Accesso facile per tutti i tipi di veicoli<\/li>\n<\/ul>\n\n\n\n<p>\ud83d\udc49 Un comfort essenziale per i vostri invitati.<\/p>\n\n\n\n<h2 class=\"wp-block-heading\">\ud83d\udccd Una posizione ideale sulla Costa Azzurra<\/h2>\n\n\n\n<ul class=\"wp-block-list\">\n<li>A 15 min da Nizza<\/li>\n\n\n\n<li>A 25 min da Monaco<\/li>\n\n\n\n<li>Vicino alle spiagge e all&#8217;entroterra<\/li>\n<\/ul>\n\n\n\n<p>Il dominio unisce <strong>accessibilit\u00e0 e cambio di scenario<\/strong>, un equilibrio molto ricercato per i matrimoni in Provenza<\/p>\n\n\n\n<h2 class=\"wp-block-heading\">\u2728 Un luogo unico per un giorno unico<\/h2>\n\n\n\n<p>Scegliere il Domaine Baccia Donna significa offrire al vostro matrimonio:<\/p>\n\n\n\n<ul class=\"wp-block-list\">\n<li>Un ambiente naturale eccezionale<\/li>\n\n\n\n<li>Un luogo privato e intimo<\/li>\n\n\n\n<li>Alloggi in loco<\/li>\n\n\n\n<li>Totale libert\u00e0 di organizzazione<\/li>\n<\/ul>\n\n\n\n<p>\ud83d\udc49 Tutto \u00e8 riunito per creare un momento indimenticabile, a vostra immagine.<\/p>\n\n\n\n<h2 class=\"wp-block-heading\">\ud83d\udce9 Richiesta di preventivo &amp; visita<\/h2>\n\n\n\n<p>Contattateci subito per organizzare una visita del dominio e immaginare insieme il matrimonio dei vostri sogni.<\/p>\n\n\n\n<hr class=\"wp-block-separator has-alpha-channel-opacity\"\/>\n\n\n\n<div class=\"wp-block-buttons is-layout-flex wp-block-buttons-is-layout-flex\">\n<div class=\"wp-block-button\"><a class=\"wp-block-button__link wp-element-button\" href=\"https:\/\/bacciadonna.com\/it\/modulo-di-contatto-per-eventi\/\">richiedi il tuo preventivo<\/a><\/div>\n<\/div>\n\n\n\n<p><\/p>\n\n\n\n<p><\/p>\n","protected":false},"excerpt":{"rendered":"<p>Matrimoni intimi, anniversari, celebrazioni private in un&#8217;affascinante dimora risalente al 1830, nel cuore di un antico uliveto.<\/p>\n","protected":false},"author":1,"featured_media":3191,"parent":3945,"menu_order":0,"comment_status":"closed","ping_status":"closed","template":"","meta":{"inline_featured_image":false,"footnotes":""},"class_list":["post-3415","page","type-page","status-publish","has-post-thumbnail","hentry"],"_links":{"self":[{"href":"https:\/\/bacciadonna.com\/it\/wp-json\/wp\/v2\/pages\/3415","targetHints":{"allow":["GET"]}}],"collection":[{"href":"https:\/\/bacciadonna.com\/it\/wp-json\/wp\/v2\/pages"}],"about":[{"href":"https:\/\/bacciadonna.com\/it\/wp-json\/wp\/v2\/types\/page"}],"author":[{"embeddable":true,"href":"https:\/\/bacciadonna.com\/it\/wp-json\/wp\/v2\/users\/1"}],"replies":[{"embeddable":true,"href":"https:\/\/bacciadonna.com\/it\/wp-json\/wp\/v2\/comments?post=3415"}],"version-history":[{"count":3,"href":"https:\/\/bacciadonna.com\/it\/wp-json\/wp\/v2\/pages\/3415\/revisions"}],"predecessor-version":[{"id":4913,"href":"https:\/\/bacciadonna.com\/it\/wp-json\/wp\/v2\/pages\/3415\/revisions\/4913"}],"up":[{"embeddable":true,"href":"https:\/\/bacciadonna.com\/it\/wp-json\/wp\/v2\/pages\/3945"}],"wp:featuredmedia":[{"embeddable":true,"href":"https:\/\/bacciadonna.com\/it\/wp-json\/wp\/v2\/media\/3191"}],"wp:attachment":[{"href":"https:\/\/bacciadonna.com\/it\/wp-json\/wp\/v2\/media?parent=3415"}],"curies":[{"name":"wp","href":"https:\/\/api.w.org\/{rel}","templated":true}]}}