{"id":3297,"date":"2026-03-28T20:49:18","date_gmt":"2026-03-28T19:49:18","guid":{"rendered":"https:\/\/bacciadonna.com\/area-relax-sotto-il-pergolato\/"},"modified":"2026-03-29T20:58:29","modified_gmt":"2026-03-29T19:58:29","slug":"area-relax-sotto-il-pergolato","status":"publish","type":"page","link":"https:\/\/bacciadonna.com\/it\/area-relax-sotto-il-pergolato\/","title":{"rendered":"Area relax sotto il pergolato"},"content":{"rendered":"\n<h2 class=\"wp-block-heading\">Domaine Baccia Donna<\/h2>\n\n<p>Nel cuore del Domaine Baccia Donna, l&#8217;area relax sotto il pergolato \u00e8 un luogo dedicato al riposo, alla convivialit\u00e0 e ai momenti di condivisione. Protetta dal sole e aperta sull&#8217;esterno, offre un ambiente piacevole per rilassarsi in qualsiasi momento della giornata. <\/p>\n\n<p>In un&#8217;atmosfera calda e rilassante, questo spazio \u00e8 ideale per godersi la tranquillit\u00e0 del domaine, leggere, chiacchierare o semplicemente rilassarsi tra un&#8217;attivit\u00e0 e l&#8217;altra.<\/p>\n\n<div class=\"wp-block-getwid-images-stack is-style-rounded is-layout-zeta\"><div class=\"wp-block-getwid-images-stack__wrapper\"><div class=\"wp-block-getwid-images-stack__chunk\"><div class=\"wp-block-getwid-images-stack__media-wrapper\"><div class=\"wp-block-getwid-images-stack__media-inner-wrapper\"><img loading=\"lazy\" decoding=\"async\" width=\"2560\" height=\"1920\" class=\"wp-block-getwid-images-stack__media wp-image-1509\" src=\"https:\/\/bacciadonna.com\/wp-content\/uploads\/2026\/03\/P3440347-scaled.jpg\" data-id=\"1509\" data-link=\"https:\/\/bacciadonna.com\/accueil\/lieu-de-mariage-proche-nice-domaine-baccia-donna\/anafi-1-8-2-13\/\" srcset=\"https:\/\/bacciadonna.com\/wp-content\/uploads\/2026\/03\/P3440347-scaled.jpg 2560w, https:\/\/bacciadonna.com\/wp-content\/uploads\/2026\/03\/P3440347-300x225.jpg 300w, https:\/\/bacciadonna.com\/wp-content\/uploads\/2026\/03\/P3440347-1024x768.jpg 1024w, https:\/\/bacciadonna.com\/wp-content\/uploads\/2026\/03\/P3440347-768x576.jpg 768w, https:\/\/bacciadonna.com\/wp-content\/uploads\/2026\/03\/P3440347-1536x1152.jpg 1536w, https:\/\/bacciadonna.com\/wp-content\/uploads\/2026\/03\/P3440347-2048x1536.jpg 2048w\" sizes=\"auto, (max-width: 2560px) 100vw, 2560px\" \/><\/div><\/div><div class=\"wp-block-getwid-images-stack__media-wrapper\"><div class=\"wp-block-getwid-images-stack__media-inner-wrapper\"><img loading=\"lazy\" decoding=\"async\" width=\"2560\" height=\"1920\" class=\"wp-block-getwid-images-stack__media wp-image-1457\" src=\"https:\/\/bacciadonna.com\/wp-content\/uploads\/2026\/03\/P3560359-scaled.jpg\" data-id=\"1457\" data-link=\"https:\/\/bacciadonna.com\/activites-au-domaine\/anafi-1-8-2-8\/\" srcset=\"https:\/\/bacciadonna.com\/wp-content\/uploads\/2026\/03\/P3560359-scaled.jpg 2560w, https:\/\/bacciadonna.com\/wp-content\/uploads\/2026\/03\/P3560359-300x225.jpg 300w, https:\/\/bacciadonna.com\/wp-content\/uploads\/2026\/03\/P3560359-1024x768.jpg 1024w, https:\/\/bacciadonna.com\/wp-content\/uploads\/2026\/03\/P3560359-768x576.jpg 768w, https:\/\/bacciadonna.com\/wp-content\/uploads\/2026\/03\/P3560359-1536x1152.jpg 1536w, https:\/\/bacciadonna.com\/wp-content\/uploads\/2026\/03\/P3560359-2048x1536.jpg 2048w, https:\/\/bacciadonna.com\/wp-content\/uploads\/2026\/03\/P3560359-1170x878.jpg 1170w, https:\/\/bacciadonna.com\/wp-content\/uploads\/2026\/03\/P3560359-600x450.jpg 600w\" sizes=\"auto, (max-width: 2560px) 100vw, 2560px\" \/><\/div><\/div><div class=\"wp-block-getwid-images-stack__media-wrapper\"><div class=\"wp-block-getwid-images-stack__media-inner-wrapper\"><img loading=\"lazy\" decoding=\"async\" width=\"2560\" height=\"1920\" class=\"wp-block-getwid-images-stack__media wp-image-1403\" src=\"https:\/\/bacciadonna.com\/wp-content\/uploads\/2026\/03\/P4070410-scaled.jpg\" data-id=\"1403\" data-link=\"https:\/\/bacciadonna.com\/accueil\/activites-au-domaine\/anafi-1-8-2-3\/\" srcset=\"https:\/\/bacciadonna.com\/wp-content\/uploads\/2026\/03\/P4070410-scaled.jpg 2560w, https:\/\/bacciadonna.com\/wp-content\/uploads\/2026\/03\/P4070410-300x225.jpg 300w, https:\/\/bacciadonna.com\/wp-content\/uploads\/2026\/03\/P4070410-1024x768.jpg 1024w, https:\/\/bacciadonna.com\/wp-content\/uploads\/2026\/03\/P4070410-768x576.jpg 768w, https:\/\/bacciadonna.com\/wp-content\/uploads\/2026\/03\/P4070410-1536x1152.jpg 1536w, https:\/\/bacciadonna.com\/wp-content\/uploads\/2026\/03\/P4070410-2048x1536.jpg 2048w\" sizes=\"auto, (max-width: 2560px) 100vw, 2560px\" \/><\/div><\/div><\/div><div class=\"wp-block-getwid-images-stack__chunk\"><div class=\"wp-block-getwid-images-stack__media-wrapper\"><div class=\"wp-block-getwid-images-stack__media-inner-wrapper\"><img loading=\"lazy\" decoding=\"async\" width=\"2560\" height=\"1920\" class=\"wp-block-getwid-images-stack__media wp-image-1405\" src=\"https:\/\/bacciadonna.com\/wp-content\/uploads\/2026\/03\/IMG_6282-scaled.jpg\" data-id=\"1405\" data-link=\"https:\/\/bacciadonna.com\/accueil\/activites-au-domaine\/img_6282\/\" srcset=\"https:\/\/bacciadonna.com\/wp-content\/uploads\/2026\/03\/IMG_6282-scaled.jpg 2560w, https:\/\/bacciadonna.com\/wp-content\/uploads\/2026\/03\/IMG_6282-300x225.jpg 300w, https:\/\/bacciadonna.com\/wp-content\/uploads\/2026\/03\/IMG_6282-1024x768.jpg 1024w, https:\/\/bacciadonna.com\/wp-content\/uploads\/2026\/03\/IMG_6282-768x576.jpg 768w, https:\/\/bacciadonna.com\/wp-content\/uploads\/2026\/03\/IMG_6282-1536x1152.jpg 1536w, https:\/\/bacciadonna.com\/wp-content\/uploads\/2026\/03\/IMG_6282-2048x1536.jpg 2048w, https:\/\/bacciadonna.com\/wp-content\/uploads\/2026\/03\/IMG_6282-1170x878.jpg 1170w, https:\/\/bacciadonna.com\/wp-content\/uploads\/2026\/03\/IMG_6282-600x450.jpg 600w\" sizes=\"auto, (max-width: 2560px) 100vw, 2560px\" \/><\/div><\/div><\/div><\/div><\/div>\n\n<h2 class=\"wp-block-heading\">\ud83c\udf3f Un salotto all&#8217;aperto nel cuore del domaine<\/h2>\n\n<p>Il pergolato \u00e8 stato allestito come un vero e proprio spazio lounge:<\/p>\n\n<ul class=\"wp-block-list\">\n<li>\ud83d\udecb\ufe0f Divani e sedute confortevoli<\/li>\n\n\n\n<li>\ud83c\udf34 Spazio ombreggiato e ventilato naturalmente<\/li>\n\n\n\n<li>\ud83c\udf3f Vista sugli esterni del domaine<\/li>\n\n\n\n<li>\u2600\ufe0f Atmosfera calda e rilassata<\/li>\n<\/ul>\n\n<p>\ud83d\udc49 Un luogo ideale per leggere, conversare, riposarsi o semplicemente godersi la tranquillit\u00e0 circostante.<\/p>\n\n<hr class=\"wp-block-separator has-alpha-channel-opacity\"\/>\n\n<h2 class=\"wp-block-heading\">\u2600\ufe0f Uno spazio da vivere in ogni momento della giornata<\/h2>\n\n<p>L&#8217;area relax si adatta a tutti i tuoi momenti della giornata:<\/p>\n\n<ul class=\"wp-block-list\">\n<li>\u2615 <strong>La mattina<\/strong>: godersi un caff\u00e8 in tranquillit\u00e0<\/li>\n\n\n\n<li>\ud83c\udf3f <strong>Durante il giorno<\/strong>: riposarsi all&#8217;ombra, leggere o fare una pausa<\/li>\n\n\n\n<li>\ud83e\udd42 <strong>A fine giornata<\/strong>: condividere un momento conviviale tra amici o in famiglia<\/li>\n\n\n\n<li>\ud83c\udf19 <strong>La sera<\/strong>: godersi un&#8217;atmosfera dolce e rilassante<\/li>\n<\/ul>\n\n<hr class=\"wp-block-separator has-alpha-channel-opacity\"\/>\n\n<h2 class=\"wp-block-heading\">\ud83e\udd1d Un luogo di convivialit\u00e0 e condivisione<\/h2>\n\n<p>Questo spazio \u00e8 pensato per favorire gli scambi rispettando l&#8217;intimit\u00e0 di ciascuno.<br\/>Pu\u00f2 essere utilizzato per:<\/p>\n\n<ul class=\"wp-block-list\">\n<li>Momenti di relax in solitaria<\/li>\n\n\n\n<li>Scambi tra viaggiatori<\/li>\n\n\n\n<li>Momenti tranquilli in famiglia<\/li>\n\n\n\n<li>Pausa tra le attivit\u00e0 del domaine<\/li>\n<\/ul>\n\n<hr class=\"wp-block-separator has-alpha-channel-opacity\"\/>\n\n<h2 class=\"wp-block-heading\">\ud83d\udd52 Accesso libero<\/h2>\n\n<p>Lo spazio sotto il pergolato \u00e8 liberamente accessibile a tutti i viaggiatori del domaine.<\/p>\n\n<p>Ti preghiamo di rispettare i luoghi e gli altri ospiti per preservare un&#8217;atmosfera piacevole per tutti.<\/p>\n\n<hr class=\"wp-block-separator has-alpha-channel-opacity\"\/>\n\n<h2 class=\"wp-block-heading\">\u26a0\ufe0f Regole di utilizzo<\/h2>\n\n<p>Per garantire il comfort e la tranquillit\u00e0 di tutti:<\/p>\n\n<h3 class=\"wp-block-heading\">\ud83d\udd07 Rispetto della quiete<\/h3>\n\n<p>Ti preghiamo di mantenere un&#8217;atmosfera tranquilla ed evitare rumori molesti.<\/p>\n\n<h3 class=\"wp-block-heading\">\ud83e\uddf9 Pulizia<\/h3>\n\n<p>Ti preghiamo di lasciare lo spazio pulito dopo l&#8217;uso.<\/p>\n\n<h3 class=\"wp-block-heading\">\ud83e\udd1d Condivisione<\/h3>\n\n<p>Questo spazio \u00e8 comune: ti preghiamo di essere cortese con gli altri viaggiatori.<\/p>\n\n<h3 class=\"wp-block-heading\">\ud83d\udead Utilizzo responsabile<\/h3>\n\n<p>Ti preghiamo di rispettare i mobili e le attrezzature messe a disposizione.<\/p>\n\n<h3 class=\"wp-block-heading\">\ud83e\uddd2 Bambini<\/h3>\n\n<p>I bambini devono essere <strong>sotto la sorveglianza di un adulto<\/strong>.<\/p>\n\n<h3 class=\"wp-block-heading\">\u2696\ufe0f Responsabilit\u00e0<\/h3>\n\n<p>L&#8217;utilizzo di questo spazio avviene sotto la responsabilit\u00e0 degli utenti.<\/p>\n\n<hr class=\"wp-block-separator has-alpha-channel-opacity\"\/>\n\n<h2 class=\"wp-block-heading\">\ud83d\udca1 Informazioni aggiuntive<\/h2>\n\n<ul class=\"wp-block-list\">\n<li>Spazio riservato ai viaggiatori del domaine<\/li>\n\n\n\n<li>Accessibile durante tutta la giornata<\/li>\n\n\n\n<li>Perfetto per completare la tua esperienza benessere (jacuzzi, yoga, relax)<\/li>\n\n\n\n<li>Adatto a un utilizzo individuale o in piccoli gruppi<\/li>\n<\/ul>\n\n<hr class=\"wp-block-separator has-alpha-channel-opacity\"\/>\n\n<h2 class=\"wp-block-heading\">\u2728 Lo spirito del luogo<\/h2>\n\n<p>L&#8217;area relax sotto il pergolato incarna l&#8217;arte di vivere del Domaine Baccia Donna: un equilibrio tra calma, natura e convivialit\u00e0 \ud83c\udf3f<\/p>\n\n<p>\u00c8 un luogo dove ci si prende il proprio tempo, dove ci si ritrova e dove ogni momento diventa una parentesi di relax nel cuore della Costa Azzurra.<\/p>\n","protected":false},"excerpt":{"rendered":"<p>Domaine Baccia Donna Nel cuore del Domaine Baccia Donna, l&#8217;area relax sotto il pergolato \u00e8 un luogo dedicato al riposo, alla convivialit\u00e0 e ai momenti di condivisione. Protetta dal sole e aperta sull&#8217;esterno, offre un ambiente piacevole per rilassarsi in qualsiasi momento della giornata. In un&#8217;atmosfera calda e rilassante, questo spazio \u00e8 ideale per godersi [&hellip;]<\/p>\n","protected":false},"author":1,"featured_media":0,"parent":0,"menu_order":0,"comment_status":"closed","ping_status":"closed","template":"","meta":{"inline_featured_image":false,"footnotes":""},"class_list":["post-3297","page","type-page","status-publish","hentry"],"_links":{"self":[{"href":"https:\/\/bacciadonna.com\/it\/wp-json\/wp\/v2\/pages\/3297","targetHints":{"allow":["GET"]}}],"collection":[{"href":"https:\/\/bacciadonna.com\/it\/wp-json\/wp\/v2\/pages"}],"about":[{"href":"https:\/\/bacciadonna.com\/it\/wp-json\/wp\/v2\/types\/page"}],"author":[{"embeddable":true,"href":"https:\/\/bacciadonna.com\/it\/wp-json\/wp\/v2\/users\/1"}],"replies":[{"embeddable":true,"href":"https:\/\/bacciadonna.com\/it\/wp-json\/wp\/v2\/comments?post=3297"}],"version-history":[{"count":1,"href":"https:\/\/bacciadonna.com\/it\/wp-json\/wp\/v2\/pages\/3297\/revisions"}],"predecessor-version":[{"id":3302,"href":"https:\/\/bacciadonna.com\/it\/wp-json\/wp\/v2\/pages\/3297\/revisions\/3302"}],"wp:attachment":[{"href":"https:\/\/bacciadonna.com\/it\/wp-json\/wp\/v2\/media?parent=3297"}],"curies":[{"name":"wp","href":"https:\/\/api.w.org\/{rel}","templated":true}]}}