{"id":3282,"date":"2026-03-28T19:30:55","date_gmt":"2026-03-28T18:30:55","guid":{"rendered":"https:\/\/bacciadonna.com\/%f0%9f%8e%af-petanque-platz-domaine-baccia-donna\/"},"modified":"2026-03-29T20:58:21","modified_gmt":"2026-03-29T19:58:21","slug":"%f0%9f%8e%af-petanque-platz-domaine-baccia-donna","status":"publish","type":"page","link":"https:\/\/bacciadonna.com\/de\/%f0%9f%8e%af-petanque-platz-domaine-baccia-donna\/","title":{"rendered":"\ud83c\udfaf P\u00e9tanque-Platz \u2013 Domaine Baccia Donna"},"content":{"rendered":"\n<p>Domaine Baccia Donna<\/p>\n\n<p>Der P\u00e9tanque-Platz des Domaine Baccia Donna ist ein Au\u00dfenbereich, der der Entspannung, dem Spiel und der Geselligkeit gewidmet ist. In einer ruhigen und sonnigen Atmosph\u00e4re bietet er einen idealen Rahmen, um eine angenehme Zeit mit Freunden, Familie oder anderen Reisenden zu verbringen. <\/p>\n\n<p>Im Herzen des Anwesens gelegen, ist dieser Bereich frei zug\u00e4nglich und erm\u00f6glicht es, den mediterranen Lebensstil in vollen Z\u00fcgen zu genie\u00dfen.<\/p>\n\n<div class=\"wp-block-getwid-images-stack is-style-rounded is-layout-zeta\"><div class=\"wp-block-getwid-images-stack__wrapper\"><div class=\"wp-block-getwid-images-stack__chunk\"><div class=\"wp-block-getwid-images-stack__media-wrapper\"><div class=\"wp-block-getwid-images-stack__media-inner-wrapper\"><img loading=\"lazy\" decoding=\"async\" width=\"2560\" height=\"1920\" class=\"wp-block-getwid-images-stack__media wp-image-2280\" src=\"https:\/\/bacciadonna.com\/wp-content\/uploads\/2026\/03\/IMG_9629-scaled.jpg\" data-id=\"2280\" data-link=\"https:\/\/bacciadonna.com\/%f0%9f%8e%af-terrain-de-petanque-domaine-baccia-donna\/img_9629\/\" srcset=\"https:\/\/bacciadonna.com\/wp-content\/uploads\/2026\/03\/IMG_9629-scaled.jpg 2560w, https:\/\/bacciadonna.com\/wp-content\/uploads\/2026\/03\/IMG_9629-300x225.jpg 300w, https:\/\/bacciadonna.com\/wp-content\/uploads\/2026\/03\/IMG_9629-1024x768.jpg 1024w, https:\/\/bacciadonna.com\/wp-content\/uploads\/2026\/03\/IMG_9629-768x576.jpg 768w, https:\/\/bacciadonna.com\/wp-content\/uploads\/2026\/03\/IMG_9629-1536x1152.jpg 1536w, https:\/\/bacciadonna.com\/wp-content\/uploads\/2026\/03\/IMG_9629-2048x1536.jpg 2048w, https:\/\/bacciadonna.com\/wp-content\/uploads\/2026\/03\/IMG_9629-1170x878.jpg 1170w, https:\/\/bacciadonna.com\/wp-content\/uploads\/2026\/03\/IMG_9629-600x450.jpg 600w\" sizes=\"auto, (max-width: 2560px) 100vw, 2560px\" \/><\/div><\/div><div class=\"wp-block-getwid-images-stack__media-wrapper\"><div class=\"wp-block-getwid-images-stack__media-inner-wrapper\"><img loading=\"lazy\" decoding=\"async\" width=\"2560\" height=\"1920\" class=\"wp-block-getwid-images-stack__media wp-image-2282\" src=\"https:\/\/bacciadonna.com\/wp-content\/uploads\/2026\/03\/IMG_6583-scaled.jpg\" data-id=\"2282\" data-link=\"https:\/\/bacciadonna.com\/%f0%9f%8e%af-terrain-de-petanque-domaine-baccia-donna\/img_6583\/\" srcset=\"https:\/\/bacciadonna.com\/wp-content\/uploads\/2026\/03\/IMG_6583-scaled.jpg 2560w, https:\/\/bacciadonna.com\/wp-content\/uploads\/2026\/03\/IMG_6583-300x225.jpg 300w, https:\/\/bacciadonna.com\/wp-content\/uploads\/2026\/03\/IMG_6583-1024x768.jpg 1024w, https:\/\/bacciadonna.com\/wp-content\/uploads\/2026\/03\/IMG_6583-768x576.jpg 768w, https:\/\/bacciadonna.com\/wp-content\/uploads\/2026\/03\/IMG_6583-1536x1152.jpg 1536w, https:\/\/bacciadonna.com\/wp-content\/uploads\/2026\/03\/IMG_6583-2048x1536.jpg 2048w, https:\/\/bacciadonna.com\/wp-content\/uploads\/2026\/03\/IMG_6583-1170x878.jpg 1170w, https:\/\/bacciadonna.com\/wp-content\/uploads\/2026\/03\/IMG_6583-600x450.jpg 600w\" sizes=\"auto, (max-width: 2560px) 100vw, 2560px\" \/><\/div><\/div><div class=\"wp-block-getwid-images-stack__media-wrapper\"><div class=\"wp-block-getwid-images-stack__media-inner-wrapper\"><img loading=\"lazy\" decoding=\"async\" width=\"2560\" height=\"1920\" class=\"wp-block-getwid-images-stack__media wp-image-2283\" src=\"https:\/\/bacciadonna.com\/wp-content\/uploads\/2026\/03\/IMG_6584-scaled.jpg\" data-id=\"2283\" data-link=\"https:\/\/bacciadonna.com\/%f0%9f%8e%af-terrain-de-petanque-domaine-baccia-donna\/img_6584\/\" srcset=\"https:\/\/bacciadonna.com\/wp-content\/uploads\/2026\/03\/IMG_6584-scaled.jpg 2560w, https:\/\/bacciadonna.com\/wp-content\/uploads\/2026\/03\/IMG_6584-300x225.jpg 300w, https:\/\/bacciadonna.com\/wp-content\/uploads\/2026\/03\/IMG_6584-1024x768.jpg 1024w, https:\/\/bacciadonna.com\/wp-content\/uploads\/2026\/03\/IMG_6584-768x576.jpg 768w, https:\/\/bacciadonna.com\/wp-content\/uploads\/2026\/03\/IMG_6584-1536x1152.jpg 1536w, https:\/\/bacciadonna.com\/wp-content\/uploads\/2026\/03\/IMG_6584-2048x1536.jpg 2048w, https:\/\/bacciadonna.com\/wp-content\/uploads\/2026\/03\/IMG_6584-1170x878.jpg 1170w, https:\/\/bacciadonna.com\/wp-content\/uploads\/2026\/03\/IMG_6584-600x450.jpg 600w\" sizes=\"auto, (max-width: 2560px) 100vw, 2560px\" \/><\/div><\/div><\/div><div class=\"wp-block-getwid-images-stack__chunk\"><div class=\"wp-block-getwid-images-stack__media-wrapper\"><div class=\"wp-block-getwid-images-stack__media-inner-wrapper\"><img loading=\"lazy\" decoding=\"async\" width=\"1920\" height=\"1097\" class=\"wp-block-getwid-images-stack__media wp-image-1910\" src=\"https:\/\/bacciadonna.com\/wp-content\/uploads\/2026\/03\/IMG-8993-scaled-e1739370740273.jpg\" data-id=\"1910\" data-link=\"https:\/\/bacciadonna.com\/img-8993-scaled-e1739370740273-2\/\" srcset=\"https:\/\/bacciadonna.com\/wp-content\/uploads\/2026\/03\/IMG-8993-scaled-e1739370740273.jpg 1920w, https:\/\/bacciadonna.com\/wp-content\/uploads\/2026\/03\/IMG-8993-scaled-e1739370740273-300x171.jpg 300w, https:\/\/bacciadonna.com\/wp-content\/uploads\/2026\/03\/IMG-8993-scaled-e1739370740273-1024x585.jpg 1024w, https:\/\/bacciadonna.com\/wp-content\/uploads\/2026\/03\/IMG-8993-scaled-e1739370740273-768x439.jpg 768w, https:\/\/bacciadonna.com\/wp-content\/uploads\/2026\/03\/IMG-8993-scaled-e1739370740273-1536x878.jpg 1536w, https:\/\/bacciadonna.com\/wp-content\/uploads\/2026\/03\/IMG-8993-scaled-e1739370740273-1170x668.jpg 1170w, https:\/\/bacciadonna.com\/wp-content\/uploads\/2026\/03\/IMG-8993-scaled-e1739370740273-600x343.jpg 600w\" sizes=\"auto, (max-width: 1920px) 100vw, 1920px\" \/><\/div><\/div><\/div><\/div><\/div>\n\n<h2 class=\"wp-block-heading\">\ud83d\udd52 Nutzungszeiten<\/h2>\n\n<p>Der P\u00e9tanque-Platz ist t\u00e4glich von <strong>8:00 bis 22:00 Uhr<\/strong> zug\u00e4nglich.<\/p>\n\n<p>Bitte respektieren Sie diese Zeiten, um die Ruhe des Anwesens, insbesondere am Abend, zu wahren.<\/p>\n\n<hr class=\"wp-block-separator has-alpha-channel-opacity\"\/>\n\n<h2 class=\"wp-block-heading\">\ud83c\udfaf Spielregeln (vereinfachte Erinnerung)<\/h2>\n\n<h3 class=\"wp-block-heading\">Ziel<\/h3>\n\n<p>Das Ziel beim P\u00e9tanque ist es, die eigenen Kugeln so nah wie m\u00f6glich an das <strong>Cochonnet<\/strong> (die kleine Zielkugel) zu werfen.<\/p>\n\n<h3 class=\"wp-block-heading\">Ablauf eines Spiels<\/h3>\n\n<ul class=\"wp-block-list\">\n<li>Ein Spiel beginnt mit dem Werfen des Cochonnet in einen definierten Bereich<\/li>\n\n\n\n<li>Die Spieler oder Teams werfen dann abwechselnd<\/li>\n\n\n\n<li>Jeder Spieler wirft seine Kugeln und versucht, so nah wie m\u00f6glich an das Cochonnet zu kommen<\/li>\n<\/ul>\n\n<h3 class=\"wp-block-heading\">Punktez\u00e4hlung<\/h3>\n\n<ul class=\"wp-block-list\">\n<li>Am Ende jeder Runde erzielt nur das Team Punkte, dessen Kugeln dem Cochonnet am n\u00e4chsten liegen<\/li>\n\n\n\n<li>Jede Kugel, die besser platziert ist als die des Gegners, z\u00e4hlt <strong>1 Punkt<\/strong><\/li>\n\n\n\n<li>Das Spiel wird in der Regel fortgesetzt, bis <strong>13 Punkte<\/strong> erreicht sind<\/li>\n<\/ul>\n\n<hr class=\"wp-block-separator has-alpha-channel-opacity\"\/>\n\n<h2 class=\"wp-block-heading\">\u26a0\ufe0f Sicherheits- und Nutzungsregeln<\/h2>\n\n<p>Um eine angenehme Nutzung f\u00fcr alle zu gew\u00e4hrleisten, bitten wir Sie, die folgenden Anweisungen zu beachten:<\/p>\n\n<h3 class=\"wp-block-heading\">\ud83d\udd07 Ruhe bewahren<\/h3>\n\n<p>Der Platz befindet sich in einem Wohngebiet. Bitte vermeiden Sie \u00fcberm\u00e4\u00dfigen L\u00e4rm und begrenzen Sie die Lautst\u00e4rke, um die Ruhe des Ortes zu wahren. <\/p>\n\n<h3 class=\"wp-block-heading\">\ud83c\udfaf Nutzung des Platzes<\/h3>\n\n<p>Die Kugeln d\u00fcrfen nur innerhalb des daf\u00fcr vorgesehenen Bereichs geworfen werden. Jeder Wurf au\u00dferhalb des Bereichs kann ein Risiko f\u00fcr Personen und Eigentum darstellen. <\/p>\n\n<h3 class=\"wp-block-heading\">\ud83e\uddf9 Sauberkeit<\/h3>\n\n<p>Bitte achten Sie darauf, den Platz nach Ihrer Nutzung sauber zu verlassen. Sammeln Sie Ihren M\u00fcll ein und respektieren Sie die Umgebung des Anwesens. <\/p>\n\n<h3 class=\"wp-block-heading\">\ud83e\udd1d Teilen und Geselligkeit<\/h3>\n\n<p>Bei hohem Andrang bitten wir Sie, h\u00f6flich zu sein und anderen Reisenden abwechselnd den Zugang zum Platz zu erm\u00f6glichen.<\/p>\n\n<h3 class=\"wp-block-heading\">\ud83e\uddd2 Kinder<\/h3>\n\n<p>Kinder sind willkommen, m\u00fcssen aber <strong>st\u00e4ndig von einem Erwachsenen beaufsichtigt werden<\/strong>, um ihre Sicherheit zu gew\u00e4hrleisten.<\/p>\n\n<h3 class=\"wp-block-heading\">\u2696\ufe0f Haftung<\/h3>\n\n<p>Die Nutzung des P\u00e9tanque-Platzes erfolgt auf eigene Verantwortung der Nutzer. Das Anwesen kann im Falle eines Unfalls, der auf unsachgem\u00e4\u00dfe Nutzung zur\u00fcckzuf\u00fchren ist, nicht haftbar gemacht werden. <\/p>\n\n<hr class=\"wp-block-separator has-alpha-channel-opacity\"\/>\n\n<h2 class=\"wp-block-heading\">\ud83d\udca1 Weitere Informationen<\/h2>\n\n<ul class=\"wp-block-list\">\n<li>Der Platz ist den G\u00e4sten des Domaine Baccia Donna vorbehalten<\/li>\n\n\n\n<li>Es handelt sich um einen gemeinsamen Entspannungsbereich, der den Austausch und gesellige Momente f\u00f6rdert<\/li>\n\n\n\n<li>Bitte respektieren Sie die anderen Bewohner des Anwesens sowie die geltenden Regeln<\/li>\n<\/ul>\n\n<hr class=\"wp-block-separator has-alpha-channel-opacity\"\/>\n\n<h2 class=\"wp-block-heading\">\u2728 Ein geselliger Ort im Herzen des Anwesens<\/h2>\n\n<p>Mehr als nur ein Spielplatz, P\u00e9tanque ist Teil des Aufenthaltserlebnisses im Domaine Baccia Donna. Es verk\u00f6rpert einen Moment des Teilens, der Entspannung und der Einfachheit, in einem typisch mediterranen Ambiente, zwischen Natur, Sonne und Geselligkeit \ud83c\udf3f <\/p>\n\n<p><\/p>\n","protected":false},"excerpt":{"rendered":"<p>Domaine Baccia Donna Der P\u00e9tanque-Platz des Domaine Baccia Donna ist ein Au\u00dfenbereich, der der Entspannung, dem Spiel und der Geselligkeit gewidmet ist. In einer ruhigen und sonnigen Atmosph\u00e4re bietet er einen idealen Rahmen, um eine angenehme Zeit mit Freunden, Familie oder anderen Reisenden zu verbringen. Im Herzen des Anwesens gelegen, ist dieser Bereich frei zug\u00e4nglich [&hellip;]<\/p>\n","protected":false},"author":1,"featured_media":0,"parent":0,"menu_order":0,"comment_status":"closed","ping_status":"closed","template":"","meta":{"inline_featured_image":false,"footnotes":""},"class_list":["post-3282","page","type-page","status-publish","hentry"],"_links":{"self":[{"href":"https:\/\/bacciadonna.com\/de\/wp-json\/wp\/v2\/pages\/3282","targetHints":{"allow":["GET"]}}],"collection":[{"href":"https:\/\/bacciadonna.com\/de\/wp-json\/wp\/v2\/pages"}],"about":[{"href":"https:\/\/bacciadonna.com\/de\/wp-json\/wp\/v2\/types\/page"}],"author":[{"embeddable":true,"href":"https:\/\/bacciadonna.com\/de\/wp-json\/wp\/v2\/users\/1"}],"replies":[{"embeddable":true,"href":"https:\/\/bacciadonna.com\/de\/wp-json\/wp\/v2\/comments?post=3282"}],"version-history":[{"count":1,"href":"https:\/\/bacciadonna.com\/de\/wp-json\/wp\/v2\/pages\/3282\/revisions"}],"predecessor-version":[{"id":3290,"href":"https:\/\/bacciadonna.com\/de\/wp-json\/wp\/v2\/pages\/3282\/revisions\/3290"}],"wp:attachment":[{"href":"https:\/\/bacciadonna.com\/de\/wp-json\/wp\/v2\/media?parent=3282"}],"curies":[{"name":"wp","href":"https:\/\/api.w.org\/{rel}","templated":true}]}}