{"id":3273,"date":"2026-03-26T23:22:27","date_gmt":"2026-03-26T22:22:27","guid":{"rendered":"https:\/\/bacciadonna.com\/kundenbewertungen-domaine-baccia-donna\/"},"modified":"2026-03-29T20:58:20","modified_gmt":"2026-03-29T19:58:20","slug":"kundenbewertungen-domaine-baccia-donna","status":"publish","type":"page","link":"https:\/\/bacciadonna.com\/de\/kundenbewertungen-domaine-baccia-donna\/","title":{"rendered":"Kundenbewertungen \u2013 Domaine Baccia Donna"},"content":{"rendered":"\n<h3 class=\"wp-block-heading\">\u2b50 Ein 5-Sterne-Erlebnis bei der Unterkunftsmiete<\/h3>\n\n<p>Willkommen auf der Seite mit Kundenbewertungen des <strong>Domaine Baccia Donna<\/strong>, Ihrer charmanten Ferienunterkunft in La Trinit\u00e9, vor den Toren von Nizza.<\/p>\n\n<p>Unsere G\u00e4ste vertrauen uns f\u00fcr ihren Aufenthalt an der C\u00f4te d\u2019Azur, und ihr Feedback ist der beste Beweis f\u00fcr die Qualit\u00e4t unseres Empfangs, unserer Ausstattung und unseres au\u00dfergew\u00f6hnlichen Ambientes.<\/p>\n\n<p>\ud83d\udc49 Heute profitiert unsere Unterkunft von einer ausgezeichneten Kundenzufriedenheit, mit Bewertungen nahe 5\/5<\/p>\n\n<p>\ud83d\udcac Was unsere Kunden sagen<\/p>\n<div class=\"mphb_sc_accommodation_reviews-wrapper comments-area mphb-reviews\" data-accommodation-id=\"all\">\t\t<ol class=\"comment-list mphbr-reviews-list mphbr-multicolumn-list mphbr-2-columns-list\">\n\t\t\t\t\t<\/ol><!-- .comment-list -->\n\t\t<\/div>\n<div class=\"wp-block-buttons is-layout-flex wp-block-buttons-is-layout-flex\">\n<div class=\"wp-block-button\"><a class=\"wp-block-button__link wp-element-button\" href=\"https:\/\/bacciadonna.com\/sejourner-a-baccia-donna\/\">Jetzt buchen<\/a><\/div>\n<\/div>\n","protected":false},"excerpt":{"rendered":"<p>\u2b50 Ein 5-Sterne-Erlebnis bei der Unterkunftsmiete Willkommen auf der Seite mit Kundenbewertungen des Domaine Baccia Donna, Ihrer charmanten Ferienunterkunft in La Trinit\u00e9, vor den Toren von Nizza. Unsere G\u00e4ste vertrauen uns f\u00fcr ihren Aufenthalt an der C\u00f4te d\u2019Azur, und ihr Feedback ist der beste Beweis f\u00fcr die Qualit\u00e4t unseres Empfangs, unserer Ausstattung und unseres au\u00dfergew\u00f6hnlichen [&hellip;]<\/p>\n","protected":false},"author":1,"featured_media":0,"parent":0,"menu_order":0,"comment_status":"closed","ping_status":"closed","template":"","meta":{"inline_featured_image":false,"footnotes":""},"class_list":["post-3273","page","type-page","status-publish","hentry"],"_links":{"self":[{"href":"https:\/\/bacciadonna.com\/de\/wp-json\/wp\/v2\/pages\/3273","targetHints":{"allow":["GET"]}}],"collection":[{"href":"https:\/\/bacciadonna.com\/de\/wp-json\/wp\/v2\/pages"}],"about":[{"href":"https:\/\/bacciadonna.com\/de\/wp-json\/wp\/v2\/types\/page"}],"author":[{"embeddable":true,"href":"https:\/\/bacciadonna.com\/de\/wp-json\/wp\/v2\/users\/1"}],"replies":[{"embeddable":true,"href":"https:\/\/bacciadonna.com\/de\/wp-json\/wp\/v2\/comments?post=3273"}],"version-history":[{"count":1,"href":"https:\/\/bacciadonna.com\/de\/wp-json\/wp\/v2\/pages\/3273\/revisions"}],"predecessor-version":[{"id":3275,"href":"https:\/\/bacciadonna.com\/de\/wp-json\/wp\/v2\/pages\/3273\/revisions\/3275"}],"wp:attachment":[{"href":"https:\/\/bacciadonna.com\/de\/wp-json\/wp\/v2\/media?parent=3273"}],"curies":[{"name":"wp","href":"https:\/\/api.w.org\/{rel}","templated":true}]}}