{"id":3271,"date":"2026-03-28T18:03:25","date_gmt":"2026-03-28T17:03:25","guid":{"rendered":"https:\/\/bacciadonna.com\/aussen-jacuzzi-domaine-baccia-donna-bei-nizza-monaco\/"},"modified":"2026-03-29T20:58:21","modified_gmt":"2026-03-29T19:58:21","slug":"aussen-jacuzzi-domaine-baccia-donna-bei-nizza-monaco","status":"publish","type":"page","link":"https:\/\/bacciadonna.com\/de\/aussen-jacuzzi-domaine-baccia-donna-bei-nizza-monaco\/","title":{"rendered":"Au\u00dfen-Jacuzzi \u2013 Domaine Baccia Donna bei Nizza &amp; Monaco"},"content":{"rendered":"\n<p>\ud83c\udf3f <strong>Ein einzigartiger Wellnessbereich im Herzen der C\u00f4te d\u2019Azur<\/strong><\/p>\n\n<p>Im Domaine Baccia Donna genie\u00dfen Sie einen <strong>hochwertigen Au\u00dfen-Jacuzzi f\u00fcr 8 Personen<\/strong>, der einen echten Moment der Entspannung in einer ruhigen, gr\u00fcnen und intimen Umgebung bietet, nur wenige Minuten von Nizza und Monaco entfernt.<\/p>\n\n<p>\u2728 Ein einzigartiges Entspannungserlebnis<\/p>\n\n<div class=\"wp-block-getwid-images-stack\"><div class=\"wp-block-getwid-images-stack__wrapper\"><div class=\"wp-block-getwid-images-stack__chunk\"><div class=\"wp-block-getwid-images-stack__media-wrapper\"><div class=\"wp-block-getwid-images-stack__media-inner-wrapper\"><img loading=\"lazy\" decoding=\"async\" width=\"1920\" height=\"2560\" class=\"wp-block-getwid-images-stack__media wp-image-2239\" src=\"https:\/\/bacciadonna.com\/wp-content\/uploads\/2019\/06\/IMG_0928-scaled.jpeg\" data-id=\"2239\" data-link=\"https:\/\/bacciadonna.com\/%f0%9f%8d%bd%ef%b8%8f-les-meilleurs-restaurants-autour-de-la-trinite-nice-et-monaco\/img_0928\/\"><\/div><\/div><div class=\"wp-block-getwid-images-stack__media-wrapper\"><div class=\"wp-block-getwid-images-stack__media-inner-wrapper\"><img loading=\"lazy\" decoding=\"async\" width=\"2560\" height=\"1440\" class=\"wp-block-getwid-images-stack__media wp-image-1990\" src=\"https:\/\/bacciadonna.com\/wp-content\/uploads\/2026\/03\/IMG_0448-scaled.jpeg\" data-id=\"1990\" data-link=\"https:\/\/bacciadonna.com\/accueil\/activites-au-domaine\/img_0448\/\" srcset=\"https:\/\/bacciadonna.com\/wp-content\/uploads\/2026\/03\/IMG_0448-scaled.jpeg 2560w, https:\/\/bacciadonna.com\/wp-content\/uploads\/2026\/03\/IMG_0448-300x169.jpeg 300w, https:\/\/bacciadonna.com\/wp-content\/uploads\/2026\/03\/IMG_0448-1024x576.jpeg 1024w, https:\/\/bacciadonna.com\/wp-content\/uploads\/2026\/03\/IMG_0448-768x432.jpeg 768w, https:\/\/bacciadonna.com\/wp-content\/uploads\/2026\/03\/IMG_0448-1536x864.jpeg 1536w, https:\/\/bacciadonna.com\/wp-content\/uploads\/2026\/03\/IMG_0448-2048x1152.jpeg 2048w, https:\/\/bacciadonna.com\/wp-content\/uploads\/2026\/03\/IMG_0448-1170x658.jpeg 1170w, https:\/\/bacciadonna.com\/wp-content\/uploads\/2026\/03\/IMG_0448-600x338.jpeg 600w\" sizes=\"auto, (max-width: 2560px) 100vw, 2560px\" \/><\/div><\/div><div class=\"wp-block-getwid-images-stack__media-wrapper\"><div class=\"wp-block-getwid-images-stack__media-inner-wrapper\"><img loading=\"lazy\" decoding=\"async\" width=\"2560\" height=\"1440\" class=\"wp-block-getwid-images-stack__media wp-image-1992\" src=\"https:\/\/bacciadonna.com\/wp-content\/uploads\/2026\/03\/IMG_0450-scaled.jpeg\" data-id=\"1992\" data-link=\"https:\/\/bacciadonna.com\/accueil\/img_0450\/\" srcset=\"https:\/\/bacciadonna.com\/wp-content\/uploads\/2026\/03\/IMG_0450-scaled.jpeg 2560w, https:\/\/bacciadonna.com\/wp-content\/uploads\/2026\/03\/IMG_0450-300x169.jpeg 300w, https:\/\/bacciadonna.com\/wp-content\/uploads\/2026\/03\/IMG_0450-1024x576.jpeg 1024w, https:\/\/bacciadonna.com\/wp-content\/uploads\/2026\/03\/IMG_0450-768x432.jpeg 768w, https:\/\/bacciadonna.com\/wp-content\/uploads\/2026\/03\/IMG_0450-1536x864.jpeg 1536w, https:\/\/bacciadonna.com\/wp-content\/uploads\/2026\/03\/IMG_0450-2048x1152.jpeg 2048w, https:\/\/bacciadonna.com\/wp-content\/uploads\/2026\/03\/IMG_0450-1170x658.jpeg 1170w, https:\/\/bacciadonna.com\/wp-content\/uploads\/2026\/03\/IMG_0450-600x338.jpeg 600w\" sizes=\"auto, (max-width: 2560px) 100vw, 2560px\" \/><\/div><\/div><\/div><div class=\"wp-block-getwid-images-stack__chunk\"><div class=\"wp-block-getwid-images-stack__media-wrapper\"><div class=\"wp-block-getwid-images-stack__media-inner-wrapper\"><img loading=\"lazy\" decoding=\"async\" width=\"1920\" height=\"2560\" class=\"wp-block-getwid-images-stack__media wp-image-1858\" src=\"https:\/\/bacciadonna.com\/wp-content\/uploads\/2026\/03\/IMG_0920-1-scaled.jpeg\" data-id=\"1858\" data-link=\"https:\/\/bacciadonna.com\/accueil\/activites-au-domaine\/img_0920-2\/\"><\/div><\/div><div class=\"wp-block-getwid-images-stack__media-wrapper\"><div class=\"wp-block-getwid-images-stack__media-inner-wrapper\"><img loading=\"lazy\" decoding=\"async\" width=\"2560\" height=\"1440\" class=\"wp-block-getwid-images-stack__media wp-image-1989\" src=\"https:\/\/bacciadonna.com\/wp-content\/uploads\/2026\/03\/IMG_0434-scaled.jpeg\" data-id=\"1989\" data-link=\"https:\/\/bacciadonna.com\/accueil\/un-domaine-de-charme-aux-portes-de-nice-monaco\/img_0434\/\" srcset=\"https:\/\/bacciadonna.com\/wp-content\/uploads\/2026\/03\/IMG_0434-scaled.jpeg 2560w, https:\/\/bacciadonna.com\/wp-content\/uploads\/2026\/03\/IMG_0434-300x169.jpeg 300w, https:\/\/bacciadonna.com\/wp-content\/uploads\/2026\/03\/IMG_0434-1024x576.jpeg 1024w, https:\/\/bacciadonna.com\/wp-content\/uploads\/2026\/03\/IMG_0434-768x432.jpeg 768w, https:\/\/bacciadonna.com\/wp-content\/uploads\/2026\/03\/IMG_0434-1536x864.jpeg 1536w, https:\/\/bacciadonna.com\/wp-content\/uploads\/2026\/03\/IMG_0434-2048x1152.jpeg 2048w, https:\/\/bacciadonna.com\/wp-content\/uploads\/2026\/03\/IMG_0434-1170x658.jpeg 1170w, https:\/\/bacciadonna.com\/wp-content\/uploads\/2026\/03\/IMG_0434-600x338.jpeg 600w\" sizes=\"auto, (max-width: 2560px) 100vw, 2560px\" \/><\/div><\/div><\/div><\/div><\/div>\n\n<p>Der Jacuzzi des Anwesens ist ein echtes Highlight f\u00fcr Ihren Aufenthalt:<\/p>\n\n<p>\u2668\ufe0f Hochwertiger <strong>Infinity-Jacuzzi<\/strong> f\u00fcr 8 Personen, exklusiv f\u00fcr G\u00e4ste <em>(April bis Oktober \u2013 9:00 bis 20:00 Uhr, Beheizung auf Anfrage)<\/em><br\/>\ud83c\udf3f Eingebettet in eine nat\u00fcrliche und beruhigende Umgebung<br\/>\ud83c\udf19 Ideale Atmosph\u00e4re tags\u00fcber und abends<br\/>\ud83d\udca7 Beheiztes Wasser f\u00fcr optimalen Komfort<br\/>\ud83e\uddd8 Perfekt zum Entspannen nach einem Tag voller Besichtigungen oder Arbeit<\/p>\n\n<p>\ud83d\udc49 Ob zu zweit, mit der Familie oder mit Freunden, dieser Bereich ist f\u00fcr Entspannung und gemeinsame Momente konzipiert.<\/p>\n\n<hr class=\"wp-block-separator has-alpha-channel-opacity\"\/>\n\n<h2 class=\"wp-block-heading\">\ud83d\udd52 Zugang zum Jacuzzi<\/h2>\n\n<ul class=\"wp-block-list\">\n<li>\ud83d\udcc5 Zug\u00e4nglich <strong>April bis Oktober<\/strong><\/li>\n\n\n\n<li>\ud83d\udd57 \u00d6ffnungszeiten: <strong>9:00 bis 20:00 Uhr<\/strong><\/li>\n\n\n\n<li>\ud83d\udd25 Beheizung auf Anfrage (bitte im Voraus informieren) *<\/li>\n\n\n\n<li>\ud83d\udc65 Exklusiv f\u00fcr G\u00e4ste des Anwesens<\/li>\n\n\n\n<li>\u26a0\ufe0f Jacuzzi f\u00fcr Kinder unter 12 Jahren verboten und f\u00fcr Schwangere nicht empfohlen.<\/li>\n\n\n\n<li>\u26a0\ufe0f Zugelassene Kinder m\u00fcssen unter Aufsicht eines Erwachsenen bleiben.<\/li>\n<\/ul>\n\n<hr class=\"wp-block-separator has-alpha-channel-opacity\"\/>\n\n<h2 class=\"wp-block-heading\">\ud83c\udf3f Ein in das Anwesen integrierter Bereich<\/h2>\n\n<p>Der Jacuzzi ist einer der vielen Entspannungsbereiche im Domaine Baccia Donna:<\/p>\n\n<p>\ud83d\udecb\ufe0f Lounge unter der Pergola<br\/>\ud83e\uddd8 Yoga- &amp; Pilates-Bereich<br\/>\ud83c\udfaf Bouleplatz<br\/>\ud83c\udfd3 Tischtennisplatte<br\/>\ud83c\udf34 Au\u00dfenbereiche mit Liegest\u00fchlen<\/p>\n\n<p>\ud83d\udc49 Zusammen bildet dies einen einzigartigen Aufenthaltsort, der Komfort, Freizeit und Entspannung vereint.<\/p>\n\n<hr class=\"wp-block-separator has-alpha-channel-opacity\"\/>\n\n<h2 class=\"wp-block-heading\">\ud83c\udf89 Ideal f\u00fcr Ihre Aufenthalte und Veranstaltungen<\/h2>\n\n<p>Der Jacuzzi wird besonders gesch\u00e4tzt im Rahmen von:<\/p>\n\n<p>\ud83d\udc8d Romantischen Aufenthalten<br\/>\ud83d\udc68\u200d\ud83d\udc69\u200d\ud83d\udc67 Familienurlauben<br\/>\ud83c\udf82 Wochenenden mit Freunden<br\/>\ud83e\udd42 Privaten Veranstaltungen (Hochzeiten, Geburtstage, Feiern)<\/p>\n\n<p>\u2728 Er tr\u00e4gt dazu bei, eine erstklassige und unvergessliche Atmosph\u00e4re f\u00fcr Ihre G\u00e4ste zu schaffen.<\/p>\n\n<hr class=\"wp-block-separator has-alpha-channel-opacity\"\/>\n\n<h2 class=\"wp-block-heading\">\ud83d\udccd Ein seltenes Highlight bei Nizza &amp; Monaco<\/h2>\n\n<p>Genie\u00dfen Sie einen Moment der Entspannung in einer privilegierten Umgebung:<\/p>\n\n<p>\ud83c\udfd6\ufe0f Nur wenige Minuten von den Str\u00e4nden der C\u00f4te d\u2019Azur entfernt<br\/>\ud83c\udfb0 In der N\u00e4he von Monaco und Nizza<br\/>\ud83c\udf3f In einer ruhigen und sicheren Umgebung<br\/>\ud83d\ude97 Einfacher Zugang + Parkpl\u00e4tze vor Ort<\/p>\n\n<hr class=\"wp-block-separator has-alpha-channel-opacity\"\/>\n\n<h2 class=\"wp-block-heading\">\u2b50 Warum den Jacuzzi des Domaine Baccia Donna w\u00e4hlen?<\/h2>\n\n<p>\u2728 Hochwertiger Jacuzzi f\u00fcr 8 Personen, exklusiv f\u00fcr G\u00e4ste <em>(April bis Oktober \u2013 9:00 bis 20:00 Uhr, Beheizung auf Anfrage)<\/em><br\/>\ud83c\udf3f Nat\u00fcrliche und beruhigende Umgebung<br\/>\ud83e\uddd8 Echter Wellnessbereich vor Ort<br\/>\ud83c\udf89 W\u00e4hrend Ihres Aufenthalts ohne versteckte Kosten zug\u00e4nglich<br\/>\ud83d\udccd Ideale Lage zwischen Nizza und Monaco<\/p>\n\n<h2 class=\"wp-block-heading\">\ud83d\udd52 Nutzungszeiten<\/h2>\n\n<p>Der Jacuzzi ist t\u00e4glich von <strong>9:00 bis 20:00 Uhr<\/strong> zug\u00e4nglich.<\/p>\n\n<p>Der Betrieb erfolgt w\u00e4hrend dieser Zeiten <strong>automatisch<\/strong>.<\/p>\n\n<hr class=\"wp-block-separator has-alpha-channel-opacity\"\/>\n\n<h2 class=\"wp-block-heading\">\u2699\ufe0f Bedienung<\/h2>\n\n<ul class=\"wp-block-list\">\n<li>\ud83c\udf21\ufe0f Einstellbare Temperatur (empfohlen zwischen <strong>36\u00b0C und 38\u00b0C<\/strong>)<\/li>\n\n\n\n<li>\ud83d\udca7 Hydromassage-D\u00fcsen: Tasten <strong>1 und 2<\/strong><\/li>\n\n\n\n<li>\ud83d\udca1 LED-Beleuchtung: Taste <strong>Light<\/strong><\/li>\n<\/ul>\n\n<hr class=\"wp-block-separator has-alpha-channel-opacity\"\/>\n\n<h2 class=\"wp-block-heading\">\u26a0\ufe0f Nutzungsregeln<\/h2>\n\n<ul class=\"wp-block-list\">\n<li>\ud83d\udebf Duschen vor der Benutzung obligatorisch<\/li>\n\n\n\n<li>\ud83d\udeab Keine Zugabe von Seife, \u00d6len oder Produkten in den Jacuzzi<\/li>\n\n\n\n<li>\ud83d\udc65 Maximale Kapazit\u00e4t: <strong>8 Personen<\/strong><\/li>\n\n\n\n<li>\ud83e\uddd2 Kinder m\u00fcssen <strong>st\u00e4ndig von einem Erwachsenen beaufsichtigt werden<\/strong><\/li>\n\n\n\n<li>\ud83e\udd30 Jacuzzi f\u00fcr Schwangere nicht empfohlen<\/li>\n\n\n\n<li>\ud83e\ude7a F\u00fcr Personen mit gesundheitlichen Problemen ohne \u00e4rztlichen Rat nicht empfohlen<\/li>\n\n\n\n<li>\ud83e\udd64 Nur Plastikbecher (Glas verboten)<\/li>\n\n\n\n<li>\ud83d\udead Rauchverbot im und um den Jacuzzi<\/li>\n\n\n\n<li>\ud83d\udeab <strong>Das Tragen von Badekleidung ist f\u00fcr die Nutzung des Jacuzzis obligatorisch.<\/strong><\/li>\n\n\n\n<li>\ud83d\udeab <strong>Bitte begeben Sie sich mit Schuhen oder Sandalen zum Jacuzzi: Barfu\u00dflaufen ist aus hygienischen Gr\u00fcnden nicht gestattet.<\/strong><\/li>\n<\/ul>\n\n<hr class=\"wp-block-separator has-alpha-channel-opacity\"\/>\n\n<h2 class=\"wp-block-heading\">\ud83d\udd10 Zugang &amp; Bedingungen<\/h2>\n\n<ul class=\"wp-block-list\">\n<li>Nur f\u00fcr <strong>in der Buchung registrierte G\u00e4ste<\/strong><\/li>\n\n\n\n<li>Nutzung auf eigene Verantwortung der Benutzer<\/li>\n\n\n\n<li>Bitte respektieren Sie die R\u00e4umlichkeiten und die anderen Bewohner des Anwesens<\/li>\n<\/ul>\n\n<hr class=\"wp-block-separator has-alpha-channel-opacity\"\/>\n\n<h2 class=\"wp-block-heading\">\ud83d\udca1 Gut zu wissen<\/h2>\n\n<ul class=\"wp-block-list\">\n<li>Die Einhaltung der \u00d6ffnungszeiten erm\u00f6glicht allen G\u00e4sten, den Jacuzzi unter besten Bedingungen zu nutzen<\/li>\n\n\n\n<li>Bitte halten Sie den Jacuzzi nach Gebrauch sauber<\/li>\n\n\n\n<li>Bei Fragen oder Bedarf z\u00f6gern Sie nicht, uns zu kontaktieren<\/li>\n<\/ul>\n\n<h3 class=\"wp-block-heading\">\u2668\ufe0f Beheizung auf Anfrage<\/h3>\n\n<p>Um Energie zu sparen und Ihnen eine optimale Wassertemperatur zu gew\u00e4hrleisten, bitten wir Sie, die <strong>Beheizung des Jacuzzis mindestens 2 Stunden im Voraus anzufordern<\/strong>.<\/p>\n\n<p>\ud83d\udce9 Die Anfrage kann einfach per SMS oder \u00fcber die Nachrichtenfunktion Ihrer Buchungsplattform erfolgen.<\/p>\n","protected":false},"excerpt":{"rendered":"<p>\ud83c\udf3f Ein einzigartiger Wellnessbereich im Herzen der C\u00f4te d\u2019Azur Im Domaine Baccia Donna genie\u00dfen Sie einen hochwertigen Au\u00dfen-Jacuzzi f\u00fcr 8 Personen, der einen echten Moment der Entspannung in einer ruhigen, gr\u00fcnen und intimen Umgebung bietet, nur wenige Minuten von Nizza und Monaco entfernt. \u2728 Ein einzigartiges Entspannungserlebnis Der Jacuzzi des Anwesens ist ein echtes Highlight [&hellip;]<\/p>\n","protected":false},"author":1,"featured_media":0,"parent":0,"menu_order":0,"comment_status":"closed","ping_status":"closed","template":"","meta":{"inline_featured_image":false,"footnotes":""},"class_list":["post-3271","page","type-page","status-publish","hentry"],"_links":{"self":[{"href":"https:\/\/bacciadonna.com\/de\/wp-json\/wp\/v2\/pages\/3271","targetHints":{"allow":["GET"]}}],"collection":[{"href":"https:\/\/bacciadonna.com\/de\/wp-json\/wp\/v2\/pages"}],"about":[{"href":"https:\/\/bacciadonna.com\/de\/wp-json\/wp\/v2\/types\/page"}],"author":[{"embeddable":true,"href":"https:\/\/bacciadonna.com\/de\/wp-json\/wp\/v2\/users\/1"}],"replies":[{"embeddable":true,"href":"https:\/\/bacciadonna.com\/de\/wp-json\/wp\/v2\/comments?post=3271"}],"version-history":[{"count":1,"href":"https:\/\/bacciadonna.com\/de\/wp-json\/wp\/v2\/pages\/3271\/revisions"}],"predecessor-version":[{"id":3274,"href":"https:\/\/bacciadonna.com\/de\/wp-json\/wp\/v2\/pages\/3271\/revisions\/3274"}],"wp:attachment":[{"href":"https:\/\/bacciadonna.com\/de\/wp-json\/wp\/v2\/media?parent=3271"}],"curies":[{"name":"wp","href":"https:\/\/api.w.org\/{rel}","templated":true}]}}