{"id":3243,"date":"2026-03-21T21:23:39","date_gmt":"2026-03-21T20:23:39","guid":{"rendered":"https:\/\/bacciadonna.com\/domaine-baccia-donna-charmanter-aufenthalt-an-der-cote-dazur\/hochzeitslocation-in-der-naehe-von-nizza-domaine-baccia-donna\/"},"modified":"2026-03-31T09:53:38","modified_gmt":"2026-03-31T08:53:38","slug":"hochzeitslocation-in-der-naehe-von-nizza-domaine-baccia-donna","status":"publish","type":"page","link":"https:\/\/bacciadonna.com\/de\/domaine-baccia-donna-charmanter-aufenthalt-an-der-cote-dazur\/hochzeitslocation-in-der-naehe-von-nizza-domaine-baccia-donna\/","title":{"rendered":"Hochzeitslocation in der N\u00e4he von Nizza \u2013 Domaine Baccia Donna"},"content":{"rendered":"\n<p>Eine au\u00dfergew\u00f6hnliche Eventlocation in der N\u00e4he von Nizza<br\/><\/p>\n\n<p><\/p>\n\n<!--more Privatiser le Domaine-->\n\n<div class=\"wp-block-getwid-section alignfull alignfull getwid-margin-top-none getwid-margin-bottom-none\"><div class=\"wp-block-getwid-section__wrapper getwid-padding-top-medium getwid-padding-bottom-none getwid-padding-left-medium getwid-padding-right-medium getwid-padding-mobile-left-small getwid-padding-mobile-right-small\"><div class=\"wp-block-getwid-section__inner-wrapper\"><div class=\"wp-block-getwid-section__background-holder\"><div class=\"wp-block-getwid-section__background\"><\/div><div class=\"wp-block-getwid-section__foreground\"><\/div><\/div><div class=\"wp-block-getwid-section__content\"><div class=\"wp-block-getwid-section__inner-content\">\n<div class=\"wp-block-columns has-2-columns is-layout-flex wp-container-core-columns-is-layout-9d6595d7 wp-block-columns-is-layout-flex\">\n<div class=\"wp-block-column is-layout-flow wp-block-column-is-layout-flow\">\n<div class=\"wp-block-getwid-advanced-heading is-style-style-1 has-custom-font-size\" style=\"font-size:12px;margin-bottom:20px\"><p class=\"wp-block-getwid-advanced-heading__content\" style=\"letter-spacing:1px\">Ein au\u00dfergew\u00f6hnlicher Ort f\u00fcr Ihre au\u00dfergew\u00f6hnlichen Momente<\/p><\/div>\n\n\n\n<div class=\"wp-block-getwid-advanced-heading is-style-default\"><h2 class=\"wp-block-getwid-advanced-heading__content\">Willkommen auf der Domaine Baccia Donna<\/h2><\/div>\n<\/div>\n\n\n\n<div class=\"wp-block-column is-layout-flow wp-block-column-is-layout-flow\">\n<p>Feiern Sie den sch\u00f6nsten Tag Ihres Lebens in einem authentischen und bezaubernden Ambiente, im Herzen eines jahrhundertealten Olivenhains in La Trinit\u00e9, nur wenige Minuten von Nizza und Monaco entfernt.<\/p>\n\n\n\n<p>Die Domaine Baccia Donna aus dem Jahr 1830, vollst\u00e4ndig renoviert, bietet Ihnen einen einzigartigen Ort, an dem Natur, Eleganz und Intimit\u00e4t aufeinandertreffen, um eine Hochzeit ganz nach Ihren Vorstellungen zu gestalten.<\/p>\n<\/div>\n<\/div>\n\n\n\n<div style=\"height:50px\" aria-hidden=\"true\" class=\"wp-block-spacer\"><\/div>\n\n\n\n<div class=\"wp-block-columns has-2-columns is-layout-flex wp-container-core-columns-is-layout-9d6595d7 wp-block-columns-is-layout-flex\">\n<div class=\"wp-block-column is-layout-flow wp-block-column-is-layout-flow\">\n<figure class=\"wp-block-image size-large\"><img loading=\"lazy\" decoding=\"async\" width=\"1024\" height=\"768\" src=\"https:\/\/bacciadonna.com\/wp-content\/uploads\/2026\/03\/P3430346-1024x768.jpg\" alt=\"\" class=\"wp-image-1510\" srcset=\"https:\/\/bacciadonna.com\/wp-content\/uploads\/2026\/03\/P3430346-1024x768.jpg 1024w, https:\/\/bacciadonna.com\/wp-content\/uploads\/2026\/03\/P3430346-300x225.jpg 300w, https:\/\/bacciadonna.com\/wp-content\/uploads\/2026\/03\/P3430346-768x576.jpg 768w, https:\/\/bacciadonna.com\/wp-content\/uploads\/2026\/03\/P3430346-1536x1152.jpg 1536w, https:\/\/bacciadonna.com\/wp-content\/uploads\/2026\/03\/P3430346-2048x1536.jpg 2048w, https:\/\/bacciadonna.com\/wp-content\/uploads\/2026\/03\/P3430346-1170x878.jpg 1170w, https:\/\/bacciadonna.com\/wp-content\/uploads\/2026\/03\/P3430346-600x450.jpg 600w\" sizes=\"auto, (max-width: 1024px) 100vw, 1024px\" \/><\/figure>\n<\/div>\n\n\n\n<div class=\"wp-block-column is-layout-flow wp-block-column-is-layout-flow\">\n<figure class=\"wp-block-image size-large\"><img loading=\"lazy\" decoding=\"async\" width=\"1024\" height=\"768\" src=\"https:\/\/bacciadonna.com\/wp-content\/uploads\/2026\/03\/P3660369-1024x768.jpg\" alt=\"\" class=\"wp-image-1511\" srcset=\"https:\/\/bacciadonna.com\/wp-content\/uploads\/2026\/03\/P3660369-1024x768.jpg 1024w, https:\/\/bacciadonna.com\/wp-content\/uploads\/2026\/03\/P3660369-300x225.jpg 300w, https:\/\/bacciadonna.com\/wp-content\/uploads\/2026\/03\/P3660369-768x576.jpg 768w, https:\/\/bacciadonna.com\/wp-content\/uploads\/2026\/03\/P3660369-1536x1152.jpg 1536w, https:\/\/bacciadonna.com\/wp-content\/uploads\/2026\/03\/P3660369-2048x1536.jpg 2048w, https:\/\/bacciadonna.com\/wp-content\/uploads\/2026\/03\/P3660369-1170x878.jpg 1170w, https:\/\/bacciadonna.com\/wp-content\/uploads\/2026\/03\/P3660369-600x450.jpg 600w\" sizes=\"auto, (max-width: 1024px) 100vw, 1024px\" \/><\/figure>\n<\/div>\n<\/div>\n<\/div><\/div><\/div><\/div><\/div>\n\n<p>Stellen Sie sich Ihre Zeremonie umgeben von Olivenb\u00e4umen vor, einen Cocktailempfang bei Sonnenuntergang und einen Abend unter den Lichtern einer eleganten Pergola\u2026<\/p>\n\n<ul class=\"wp-block-list\">\n<li>\ud83c\udf33 Gro\u00dfer baumbestandener Olivenhain<\/li>\n\n\n\n<li>\ud83c\udf1e Gestaltete Au\u00dfenbereiche<\/li>\n\n\n\n<li>\ud83e\udd0d Intime und herzliche Atmosph\u00e4re<\/li>\n\n\n\n<li>\ud83c\udf05 Nat\u00fcrliche Umgebung zwischen Meer und Bergen<\/li>\n<\/ul>\n\n<p>\ud83d\udc49 Ein idealer Ort f\u00fcr eine <strong>l\u00e4ndliche, Boho- oder elegante<\/strong> Hochzeit.<\/p>\n\n<h2 class=\"wp-block-heading\">\ud83d\udc70\u200d\u2640\ufe0f\ud83e\udd35\u200d\u2642\ufe0f Eine Hochzeit ganz nach Ihren Vorstellungen<br\/><\/h2>\n\n<p>Da jedes Paar einzigartig ist, bieten wir Ihnen v\u00f6llige Freiheit bei der Organisation:<\/p>\n\n<ul class=\"wp-block-list\">\n<li>Freie Trauung im Freien<\/li>\n\n\n\n<li>Sektempfang im Garten<\/li>\n\n\n\n<li>Abendessen und Feier unter der Pergola oder in einem gestalteten Bereich<\/li>\n\n\n\n<li>Brunch am n\u00e4chsten Tag m\u00f6glich<\/li>\n<\/ul>\n\n<p>\ud83d\udc49 Wie in den sch\u00f6nsten Anwesen kann jeder Moment in einem anderen Bereich erlebt werden, um ein flie\u00dfendes und unvergessliches Erlebnis zu schaffen<\/p>\n\n<h2 class=\"wp-block-heading\">\ud83c\udf89 Kapazit\u00e4t &amp; Exklusivmiete des Anwesens<\/h2>\n\n<ul class=\"wp-block-list\">\n<li>\ud83d\udc65 Bis zu <strong>100 G\u00e4sten<\/strong><\/li>\n\n\n\n<li>\ud83c\udfe1 Anwesen komplett exklusiv mietbar<\/li>\n\n\n\n<li>\ud83c\udf19 Veranstaltungen \u00fcber einen oder mehrere Tage<\/li>\n\n\n\n<li>\ud83d\udc49 Genie\u00dfen Sie einen Ort, der ausschlie\u00dflich f\u00fcr Ihre Hochzeit reserviert ist, in v\u00f6lliger Privatsph\u00e4re.<\/li>\n<\/ul>\n\n<div class=\"wp-block-buttons is-layout-flex wp-block-buttons-is-layout-flex\">\n<div class=\"wp-block-button\"><a class=\"wp-block-button__link wp-element-button\" href=\"https:\/\/bacciadonna.com\/de\/kontaktformular-fuer-veranstaltungen\/\">Fordern Sie Ihr Angebot an<\/a><\/div>\n<\/div>\n\n<div class=\"wp-block-getwid-images-stack is-style-rounded is-layout-zeta\"><div class=\"wp-block-getwid-images-stack__wrapper\"><div class=\"wp-block-getwid-images-stack__chunk\"><div class=\"wp-block-getwid-images-stack__media-wrapper\"><div class=\"wp-block-getwid-images-stack__media-inner-wrapper\"><img loading=\"lazy\" decoding=\"async\" width=\"2560\" height=\"1920\" class=\"wp-block-getwid-images-stack__media wp-image-1495\" src=\"https:\/\/bacciadonna.com\/wp-content\/uploads\/2026\/03\/P3510354-scaled.jpg\" data-id=\"1495\" data-link=\"https:\/\/bacciadonna.com\/home\/santorini\/anafi-1-8-2-9\/\" srcset=\"https:\/\/bacciadonna.com\/wp-content\/uploads\/2026\/03\/P3510354-scaled.jpg 2560w, https:\/\/bacciadonna.com\/wp-content\/uploads\/2026\/03\/P3510354-300x225.jpg 300w, https:\/\/bacciadonna.com\/wp-content\/uploads\/2026\/03\/P3510354-1024x768.jpg 1024w, https:\/\/bacciadonna.com\/wp-content\/uploads\/2026\/03\/P3510354-768x576.jpg 768w, https:\/\/bacciadonna.com\/wp-content\/uploads\/2026\/03\/P3510354-1536x1152.jpg 1536w, https:\/\/bacciadonna.com\/wp-content\/uploads\/2026\/03\/P3510354-2048x1536.jpg 2048w\" sizes=\"auto, (max-width: 2560px) 100vw, 2560px\" \/><\/div><\/div><div class=\"wp-block-getwid-images-stack__media-wrapper\"><div class=\"wp-block-getwid-images-stack__media-inner-wrapper\"><img loading=\"lazy\" decoding=\"async\" width=\"2560\" height=\"1920\" class=\"wp-block-getwid-images-stack__media wp-image-1507\" src=\"https:\/\/bacciadonna.com\/wp-content\/uploads\/2026\/03\/P3840387-scaled.jpg\" data-id=\"1507\" data-link=\"https:\/\/bacciadonna.com\/home\/santorini\/anafi-1-8-2-12\/\" srcset=\"https:\/\/bacciadonna.com\/wp-content\/uploads\/2026\/03\/P3840387-scaled.jpg 2560w, https:\/\/bacciadonna.com\/wp-content\/uploads\/2026\/03\/P3840387-300x225.jpg 300w, https:\/\/bacciadonna.com\/wp-content\/uploads\/2026\/03\/P3840387-1024x768.jpg 1024w, https:\/\/bacciadonna.com\/wp-content\/uploads\/2026\/03\/P3840387-768x576.jpg 768w, https:\/\/bacciadonna.com\/wp-content\/uploads\/2026\/03\/P3840387-1536x1152.jpg 1536w, https:\/\/bacciadonna.com\/wp-content\/uploads\/2026\/03\/P3840387-2048x1536.jpg 2048w, https:\/\/bacciadonna.com\/wp-content\/uploads\/2026\/03\/P3840387-1170x878.jpg 1170w, https:\/\/bacciadonna.com\/wp-content\/uploads\/2026\/03\/P3840387-600x450.jpg 600w\" sizes=\"auto, (max-width: 2560px) 100vw, 2560px\" \/><\/div><\/div><div class=\"wp-block-getwid-images-stack__media-wrapper\"><div class=\"wp-block-getwid-images-stack__media-inner-wrapper\"><img loading=\"lazy\" decoding=\"async\" width=\"2560\" height=\"1920\" class=\"wp-block-getwid-images-stack__media wp-image-1506\" src=\"https:\/\/bacciadonna.com\/wp-content\/uploads\/2026\/03\/P3920395-1-scaled.jpg\" data-id=\"1506\" data-link=\"https:\/\/bacciadonna.com\/home\/santorini\/anafi-1-8-2-11\/\" srcset=\"https:\/\/bacciadonna.com\/wp-content\/uploads\/2026\/03\/P3920395-1-scaled.jpg 2560w, https:\/\/bacciadonna.com\/wp-content\/uploads\/2026\/03\/P3920395-1-300x225.jpg 300w, https:\/\/bacciadonna.com\/wp-content\/uploads\/2026\/03\/P3920395-1-1024x768.jpg 1024w, https:\/\/bacciadonna.com\/wp-content\/uploads\/2026\/03\/P3920395-1-768x576.jpg 768w, https:\/\/bacciadonna.com\/wp-content\/uploads\/2026\/03\/P3920395-1-1536x1152.jpg 1536w, https:\/\/bacciadonna.com\/wp-content\/uploads\/2026\/03\/P3920395-1-2048x1536.jpg 2048w, https:\/\/bacciadonna.com\/wp-content\/uploads\/2026\/03\/P3920395-1-1170x878.jpg 1170w, https:\/\/bacciadonna.com\/wp-content\/uploads\/2026\/03\/P3920395-1-600x450.jpg 600w\" sizes=\"auto, (max-width: 2560px) 100vw, 2560px\" \/><\/div><\/div><\/div><\/div><\/div>\n\n<div class=\"wp-block-buttons is-layout-flex wp-block-buttons-is-layout-flex\">\n<div class=\"wp-block-button\"><a class=\"wp-block-button__link wp-element-button\" href=\"https:\/\/bacciadonna.com\/de\/kontaktformular-fuer-veranstaltungen\/\">Fordern Sie Ihr Angebot an<\/a><\/div>\n<\/div>\n\n<hr class=\"wp-block-separator has-alpha-channel-opacity\"\/>\n\n<h2 class=\"wp-block-heading\">\ud83c\udfe1 Unterkunft vor Ort \u2013 28 Schlafpl\u00e4tze<br\/><\/h2>\n\n<p>Bieten Sie Ihren Liebsten die M\u00f6glichkeit, vor Ort zu \u00fcbernachten:<\/p>\n\n<ul class=\"wp-block-list\">\n<li>Bis zu <strong>28 Schlafpl\u00e4tze verteilt auf mehrere Unterk\u00fcnfte<\/strong><\/li>\n\n\n\n<li>Vollst\u00e4ndig renovierte Apartments<\/li>\n\n\n\n<li>Klimaanlage, ausgestattete K\u00fcchen, moderner Komfort<\/li>\n\n\n\n<li>Private Terrassen<\/li>\n<\/ul>\n\n<p>\ud83d\udc49 Ideal, um die Feier zu verl\u00e4ngern und ein komplettes Wochenende mit Ihren G\u00e4sten zu verbringen.<\/p>\n\n<h2 class=\"wp-block-heading\">\ud83c\udf1e Ausstattung, um Ihre Hochzeit zu versch\u00f6nern<\/h2>\n\n<ul class=\"wp-block-list\">\n<li>\ud83d\udec1 Hochwertiger Whirlpool (8 Personen)<\/li>\n\n\n\n<li>\ud83c\udfaf P\u00e9tanque-Platz<\/li>\n\n\n\n<li>\ud83c\udfd3 Tischtennisplatte<\/li>\n\n\n\n<li>\ud83e\uddd8 Wellnessbereich (Yoga, Entspannung)<\/li>\n\n\n\n<li>\ud83c\udf34 Pergola mit Empfangsbereich<\/li>\n<\/ul>\n\n<p>\ud83d\udc49 Perfekt, um gesellige Momente vor, w\u00e4hrend und nach der Hochzeit zu schaffen.<\/p>\n\n<h2 class=\"wp-block-heading\">\ud83c\udf7d\ufe0f Freie Organisation &amp; ma\u00dfgeschneiderte Dienstleistungen<\/h2>\n\n<p>Die Domaine Baccia Donna erm\u00f6glicht es Ihnen, eine Hochzeit zu organisieren, die zu Ihnen passt:<\/p>\n\n<ul class=\"wp-block-list\">\n<li>Freie Wahl des Caterers oder Partneranbieter<\/li>\n\n\n\n<li>Individuelle Dekoration<\/li>\n\n\n\n<li>Externe Dienstleister (DJ, Fotograf, Hochzeitsplaner\u2026)<\/li>\n\n\n\n<li>Begleitung nach Bedarf m\u00f6glich<\/li>\n<\/ul>\n\n<p>\ud83d\udc49 Eine <strong>100 % individuell gestaltbare<\/strong> Hochzeit, vom schlichtesten bis zum elegantesten Stil.<\/p>\n\n<h2 class=\"wp-block-heading\">\ud83d\ude97 Einfache Anfahrt &amp; privater Parkplatz<\/h2>\n\n<ul class=\"wp-block-list\">\n<li>Kostenloser Parkplatz mit <strong>30 Stellpl\u00e4tzen<\/strong> auf dem Anwesen<\/li>\n\n\n\n<li>Einfacher Zugang f\u00fcr alle Fahrzeugtypen<\/li>\n<\/ul>\n\n<p>\ud83d\udc49 Ein wesentlicher Komfort f\u00fcr Ihre G\u00e4ste.<\/p>\n\n<h2 class=\"wp-block-heading\">\ud83d\udccd Eine ideale Lage an der C\u00f4te d&#8217;Azur<\/h2>\n\n<ul class=\"wp-block-list\">\n<li>15 Minuten von Nizza entfernt<\/li>\n\n\n\n<li>25 Minuten von Monaco entfernt<\/li>\n\n\n\n<li>In der N\u00e4he der Str\u00e4nde und des Hinterlandes<\/li>\n<\/ul>\n\n<p>Das Anwesen vereint <strong>Erreichbarkeit und Abwechslung<\/strong>, ein sehr gefragtes Gleichgewicht f\u00fcr Hochzeiten in der Provence<\/p>\n\n<h2 class=\"wp-block-heading\">\u2728 Ein einzigartiger Ort f\u00fcr einen einzigartigen Tag<\/h2>\n\n<p>Die Domaine Bacciadonna zu w\u00e4hlen bedeutet, Ihrer Hochzeit Folgendes zu bieten:<\/p>\n\n<ul class=\"wp-block-list\">\n<li>Ein au\u00dfergew\u00f6hnliches nat\u00fcrliches Ambiente<\/li>\n\n\n\n<li>Einen exklusiven und intimen Ort<\/li>\n\n\n\n<li>Unterk\u00fcnfte vor Ort<\/li>\n\n\n\n<li>V\u00f6llige Freiheit bei der Organisation<\/li>\n<\/ul>\n\n<p>\ud83d\udc49 Alles ist vereint, um einen unvergesslichen Moment ganz nach Ihren Vorstellungen zu schaffen.<\/p>\n\n<h2 class=\"wp-block-heading\">\ud83d\udce9 Anfrage f\u00fcr ein Angebot &amp; Besichtigung<\/h2>\n\n<p>Kontaktieren Sie uns jetzt, um eine Besichtigung des Anwesens zu vereinbaren und gemeinsam die Hochzeit Ihrer Tr\u00e4ume zu gestalten.<\/p>\n\n<hr class=\"wp-block-separator has-alpha-channel-opacity\"\/>\n\n<div class=\"wp-block-buttons is-layout-flex wp-block-buttons-is-layout-flex\">\n<div class=\"wp-block-button\"><a class=\"wp-block-button__link wp-element-button\" href=\"https:\/\/bacciadonna.com\/de\/kontaktformular-fuer-veranstaltungen\/\">Fordern Sie Ihr Angebot an<\/a><\/div>\n<\/div>\n\n<p><\/p>\n\n<p><\/p>\n","protected":false},"excerpt":{"rendered":"<p>Intime Hochzeiten, Jubil\u00e4en, private Feiern in einem charmanten Anwesen aus dem Jahr 1830, im Herzen eines historischen Olivenhains.<\/p>\n","protected":false},"author":1,"featured_media":3215,"parent":2511,"menu_order":0,"comment_status":"closed","ping_status":"closed","template":"","meta":{"inline_featured_image":false,"footnotes":""},"class_list":["post-3243","page","type-page","status-publish","has-post-thumbnail","hentry"],"_links":{"self":[{"href":"https:\/\/bacciadonna.com\/de\/wp-json\/wp\/v2\/pages\/3243","targetHints":{"allow":["GET"]}}],"collection":[{"href":"https:\/\/bacciadonna.com\/de\/wp-json\/wp\/v2\/pages"}],"about":[{"href":"https:\/\/bacciadonna.com\/de\/wp-json\/wp\/v2\/types\/page"}],"author":[{"embeddable":true,"href":"https:\/\/bacciadonna.com\/de\/wp-json\/wp\/v2\/users\/1"}],"replies":[{"embeddable":true,"href":"https:\/\/bacciadonna.com\/de\/wp-json\/wp\/v2\/comments?post=3243"}],"version-history":[{"count":2,"href":"https:\/\/bacciadonna.com\/de\/wp-json\/wp\/v2\/pages\/3243\/revisions"}],"predecessor-version":[{"id":4881,"href":"https:\/\/bacciadonna.com\/de\/wp-json\/wp\/v2\/pages\/3243\/revisions\/4881"}],"up":[{"embeddable":true,"href":"https:\/\/bacciadonna.com\/de\/wp-json\/wp\/v2\/pages\/2511"}],"wp:featuredmedia":[{"embeddable":true,"href":"https:\/\/bacciadonna.com\/de\/wp-json\/wp\/v2\/media\/3215"}],"wp:attachment":[{"href":"https:\/\/bacciadonna.com\/de\/wp-json\/wp\/v2\/media?parent=3243"}],"curies":[{"name":"wp","href":"https:\/\/api.w.org\/{rel}","templated":true}]}}