{"id":3230,"date":"2026-03-10T01:28:04","date_gmt":"2026-03-10T00:28:04","guid":{"rendered":"https:\/\/bacciadonna.com\/willkommensleitfaden-domaine-baccia-donna\/"},"modified":"2026-03-29T20:58:03","modified_gmt":"2026-03-29T19:58:03","slug":"willkommensleitfaden-domaine-baccia-donna","status":"publish","type":"page","link":"https:\/\/bacciadonna.com\/de\/willkommensleitfaden-domaine-baccia-donna\/","title":{"rendered":"Willkommensleitfaden \u2013 Domaine Baccia Donna"},"content":{"rendered":"\n<p><strong>Willkommen auf der Domaine Baccia Donna.<\/strong><\/p>\n\n<p>Um Ihren Aufenthalt so angenehm wie m\u00f6glich zu gestalten, haben wir diesen Willkommensleitfaden vorbereitet, der alle n\u00fctzlichen Informationen enth\u00e4lt, die Sie w\u00e4hrend Ihres Aufenthalts ben\u00f6tigen k\u00f6nnten.<\/p>\n\n<p>In diesem Leitfaden finden Sie:<\/p>\n\n<ul class=\"wp-block-list\">\n<li>praktische Informationen \u00fcber die Unterkunft<\/li>\n\n\n\n<li>Hausordnung<\/li>\n\n\n\n<li>Gesch\u00e4fte und Restaurants in der N\u00e4he<\/li>\n\n\n\n<li>Aktivit\u00e4ten und Sehensw\u00fcrdigkeiten in der Region<\/li>\n\n\n\n<li>n\u00fctzliche Kontaktnummern<\/li>\n<\/ul>\n\n<p>Wir laden Sie ein, diesen Leitfaden zu lesen, um das Beste aus Ihrem Aufenthalt zu machen.<\/p>\n\n<p><strong>Wir w\u00fcnschen Ihnen einen wundersch\u00f6nen Aufenthalt auf der Domaine Baccia Donna.<\/strong><\/p>\n<div class=\"_df_book df-lite\" id=\"df_1685\"  _slug=\"livret-accueil-baccia-donna-anglais\" data-title=\"livret-accueil-baccia-donna-anglais\" wpoptions=\"true\" thumb=\"https:\/\/bacciadonna.com\/wp-content\/uploads\/2026\/02\/cropped-Logo-baccia-donna-1.png\" thumbtype=\"\" ><\/div><script class=\"df-shortcode-script\" nowprocket type=\"application\/javascript\">window.option_df_1685 = {\"outline\":[],\"autoEnableOutline\":\"false\",\"autoEnableThumbnail\":\"false\",\"overwritePDFOutline\":\"false\",\"direction\":\"1\",\"pageSize\":\"0\",\"source\":\"https:\\\/\\\/bacciadonna.com\\\/wp-content\\\/uploads\\\/2026\\\/03\\\/Livret-accueil-Baccia-Donna-Eng.pdf\",\"wpOptions\":\"true\"}; if(window.DFLIP && window.DFLIP.parseBooks){window.DFLIP.parseBooks();}<\/script>\n","protected":false},"excerpt":{"rendered":"<p>Willkommen auf der Domaine Baccia Donna. Um Ihren Aufenthalt so angenehm wie m\u00f6glich zu gestalten, haben wir diesen Willkommensleitfaden vorbereitet, der alle n\u00fctzlichen Informationen enth\u00e4lt, die Sie w\u00e4hrend Ihres Aufenthalts ben\u00f6tigen k\u00f6nnten. In diesem Leitfaden finden Sie: Wir laden Sie ein, diesen Leitfaden zu lesen, um das Beste aus Ihrem Aufenthalt zu machen. Wir w\u00fcnschen [&hellip;]<\/p>\n","protected":false},"author":1,"featured_media":0,"parent":0,"menu_order":0,"comment_status":"closed","ping_status":"closed","template":"","meta":{"inline_featured_image":false,"footnotes":""},"class_list":["post-3230","page","type-page","status-publish","hentry"],"_links":{"self":[{"href":"https:\/\/bacciadonna.com\/de\/wp-json\/wp\/v2\/pages\/3230","targetHints":{"allow":["GET"]}}],"collection":[{"href":"https:\/\/bacciadonna.com\/de\/wp-json\/wp\/v2\/pages"}],"about":[{"href":"https:\/\/bacciadonna.com\/de\/wp-json\/wp\/v2\/types\/page"}],"author":[{"embeddable":true,"href":"https:\/\/bacciadonna.com\/de\/wp-json\/wp\/v2\/users\/1"}],"replies":[{"embeddable":true,"href":"https:\/\/bacciadonna.com\/de\/wp-json\/wp\/v2\/comments?post=3230"}],"version-history":[{"count":1,"href":"https:\/\/bacciadonna.com\/de\/wp-json\/wp\/v2\/pages\/3230\/revisions"}],"predecessor-version":[{"id":3231,"href":"https:\/\/bacciadonna.com\/de\/wp-json\/wp\/v2\/pages\/3230\/revisions\/3231"}],"wp:attachment":[{"href":"https:\/\/bacciadonna.com\/de\/wp-json\/wp\/v2\/media?parent=3230"}],"curies":[{"name":"wp","href":"https:\/\/api.w.org\/{rel}","templated":true}]}}