{"id":3204,"date":"2026-03-04T08:03:46","date_gmt":"2026-03-04T07:03:46","guid":{"rendered":"https:\/\/bacciadonna.com\/feiern-events-auf-der-domaine-baccia-donna-nahe-nizza-monaco\/"},"modified":"2026-03-29T20:57:57","modified_gmt":"2026-03-29T19:57:57","slug":"feiern-events-auf-der-domaine-baccia-donna-nahe-nizza-monaco","status":"publish","type":"page","link":"https:\/\/bacciadonna.com\/de\/feiern-events-auf-der-domaine-baccia-donna-nahe-nizza-monaco\/","title":{"rendered":"Feiern &amp; Events auf der Domaine Baccia Donna \u2013 nahe Nizza &amp; Monaco"},"content":{"rendered":"\n<p>Ein einzigartiger Ort in der N\u00e4he von Nizza f\u00fcr all Ihre wichtigen Momente<\/p>\n\n<p><\/p>\n\n<div class=\"wp-block-getwid-section alignfull alignfull getwid-margin-top-none getwid-margin-bottom-none\"><div class=\"wp-block-getwid-section__wrapper getwid-padding-top-medium getwid-padding-bottom-none getwid-padding-left-medium getwid-padding-right-medium getwid-padding-mobile-left-small getwid-padding-mobile-right-small\"><div class=\"wp-block-getwid-section__inner-wrapper\"><div class=\"wp-block-getwid-section__background-holder\"><div class=\"wp-block-getwid-section__background\"><\/div><div class=\"wp-block-getwid-section__foreground\"><\/div><\/div><div class=\"wp-block-getwid-section__content\"><div class=\"wp-block-getwid-section__inner-content\">\n<div class=\"wp-block-columns has-2-columns is-layout-flex wp-container-core-columns-is-layout-9d6595d7 wp-block-columns-is-layout-flex\">\n<div class=\"wp-block-column is-layout-flow wp-block-column-is-layout-flow\">\n<div class=\"wp-block-getwid-advanced-heading is-style-style-1 has-custom-font-size\" style=\"font-size:12px;margin-bottom:20px\"><p class=\"wp-block-getwid-advanced-heading__content\" style=\"letter-spacing:1px\">Ein au\u00dfergew\u00f6hnlicher Ort f\u00fcr Ihre au\u00dfergew\u00f6hnlichen Momente<\/p><\/div>\n\n\n\n<div class=\"wp-block-getwid-advanced-heading is-style-default\"><h2 class=\"wp-block-getwid-advanced-heading__content\">Willkommen auf der Domaine Baccia Donna<\/h2><\/div>\n<\/div>\n\n\n\n<div class=\"wp-block-column is-layout-flow wp-block-column-is-layout-flow\">\n<p>Im Herzen eines friedlichen Olivenhains in La Trinit\u00e9, nur wenige Minuten von Nizza und Monaco entfernt, begr\u00fc\u00dft Sie die Domaine Bacciadonna f\u00fcr all Ihre privaten und gesch\u00e4ftlichen Veranstaltungen in einem authentischen, eleganten und vollst\u00e4ndig renovierten Rahmen.<\/p>\n\n\n\n<p>Ob Geburtstag, Junggesellinnenabschied, Taufe, Kommunion, Seminar oder Privatfeier \u2026 bieten Sie Ihren G\u00e4sten einen einzigartigen Ort, an dem alles darauf ausgerichtet ist, unvergessliche Erinnerungen zu schaffen.<\/p>\n\n\n\n<p><br\/><\/p>\n\n\n\n<p><\/p>\n<\/div>\n<\/div>\n\n\n\n<div style=\"height:50px\" aria-hidden=\"true\" class=\"wp-block-spacer\"><\/div>\n\n\n\n<div class=\"wp-block-columns has-2-columns is-layout-flex wp-container-core-columns-is-layout-9d6595d7 wp-block-columns-is-layout-flex\">\n<div class=\"wp-block-column is-layout-flow wp-block-column-is-layout-flow\">\n<figure class=\"wp-block-image size-large\"><img loading=\"lazy\" decoding=\"async\" width=\"1024\" height=\"768\" src=\"https:\/\/bacciadonna.com\/wp-content\/uploads\/2026\/03\/P3430346-1024x768.jpg\" alt=\"\" class=\"wp-image-1510\" srcset=\"https:\/\/bacciadonna.com\/wp-content\/uploads\/2026\/03\/P3430346-1024x768.jpg 1024w, https:\/\/bacciadonna.com\/wp-content\/uploads\/2026\/03\/P3430346-300x225.jpg 300w, https:\/\/bacciadonna.com\/wp-content\/uploads\/2026\/03\/P3430346-768x576.jpg 768w, https:\/\/bacciadonna.com\/wp-content\/uploads\/2026\/03\/P3430346-1536x1152.jpg 1536w, https:\/\/bacciadonna.com\/wp-content\/uploads\/2026\/03\/P3430346-2048x1536.jpg 2048w, https:\/\/bacciadonna.com\/wp-content\/uploads\/2026\/03\/P3430346-1170x878.jpg 1170w, https:\/\/bacciadonna.com\/wp-content\/uploads\/2026\/03\/P3430346-600x450.jpg 600w\" sizes=\"auto, (max-width: 1024px) 100vw, 1024px\" \/><\/figure>\n<\/div>\n\n\n\n<div class=\"wp-block-column is-layout-flow wp-block-column-is-layout-flow\">\n<figure class=\"wp-block-image size-large\"><img loading=\"lazy\" decoding=\"async\" width=\"1024\" height=\"768\" src=\"https:\/\/bacciadonna.com\/wp-content\/uploads\/2026\/03\/P3660369-1024x768.jpg\" alt=\"\" class=\"wp-image-1511\" srcset=\"https:\/\/bacciadonna.com\/wp-content\/uploads\/2026\/03\/P3660369-1024x768.jpg 1024w, https:\/\/bacciadonna.com\/wp-content\/uploads\/2026\/03\/P3660369-300x225.jpg 300w, https:\/\/bacciadonna.com\/wp-content\/uploads\/2026\/03\/P3660369-768x576.jpg 768w, https:\/\/bacciadonna.com\/wp-content\/uploads\/2026\/03\/P3660369-1536x1152.jpg 1536w, https:\/\/bacciadonna.com\/wp-content\/uploads\/2026\/03\/P3660369-2048x1536.jpg 2048w, https:\/\/bacciadonna.com\/wp-content\/uploads\/2026\/03\/P3660369-1170x878.jpg 1170w, https:\/\/bacciadonna.com\/wp-content\/uploads\/2026\/03\/P3660369-600x450.jpg 600w\" sizes=\"auto, (max-width: 1024px) 100vw, 1024px\" \/><\/figure>\n<\/div>\n<\/div>\n<\/div><\/div><\/div><\/div><\/div>\n\n<h2 class=\"wp-block-heading\">Warum die Domaine Baccia Donna w\u00e4hlen?<\/h2>\n\n<p>Die Domaine Baccia Donna ist perfekt geeignet f\u00fcr:<\/p>\n\n<h3 class=\"wp-block-heading\">\u2705 <strong>Kapazit\u00e4t und Komfort<\/strong><\/h3>\n\n<ul class=\"wp-block-list\">\n<li>Bietet Platz f\u00fcr bis zu <strong>100 G\u00e4ste<\/strong> f\u00fcr Ihre Geburtstage oder Feierlichkeiten<\/li>\n\n\n\n<li>Bis zu <strong>28 Schlafpl\u00e4tze verteilt auf das gesamte Anwesen<\/strong><\/li>\n\n\n\n<li>Klimaanlage und ausgestattete K\u00fcchen in allen Apartments<\/li>\n\n\n\n<li>Private Terrassen<\/li>\n\n\n\n<li>Ideal f\u00fcr mehrt\u00e4gige Veranstaltungen oder G\u00e4ste mit weiter Anreise.<\/li>\n<\/ul>\n\n<h3 class=\"wp-block-heading\">\u2705 <strong>Ausstattung und Freizeit<\/strong><\/h3>\n\n<ul class=\"wp-block-list\">\n<li><strong>Au\u00dfen-Whirlpool f\u00fcr 8 Personen<\/strong> zum Entspannen<\/li>\n\n\n\n<li><strong>Lounge unter der Pergola<\/strong> f\u00fcr Zusammenk\u00fcnfte oder Cocktailempf\u00e4nge<\/li>\n\n\n\n<li><strong>Bouleplatz<\/strong> und Outdoor-Aktivit\u00e4ten<\/li>\n\n\n\n<li><strong>Kostenloser Parkplatz f\u00fcr 30 Fahrzeuge<\/strong>, praktisch f\u00fcr Ihre G\u00e4ste<\/li>\n<\/ul>\n\n<h3 class=\"wp-block-heading\">\u2705 <strong>N\u00e4he und Erreichbarkeit<\/strong><\/h3>\n\n<ul class=\"wp-block-list\">\n<li>Nur <strong>15 Min. von Nizza<\/strong> und <strong>30 Min. von Monaco<\/strong> entfernt<\/li>\n\n\n\n<li>Ideal f\u00fcr G\u00e4ste aus der gesamten C\u00f4te d\u2019Azur<\/li>\n<\/ul>\n\n<h3 class=\"wp-block-heading\">\u2705 <strong>Privater und sicherer Rahmen<\/strong><\/h3>\n\n<ul class=\"wp-block-list\">\n<li>Anwesen exklusiv f\u00fcr Ihre Gruppe reserviert<\/li>\n\n\n\n<li>Freiheit bei der Gestaltung Ihrer Feier ohne Einschr\u00e4nkungen<\/li>\n<\/ul>\n\n<p>Wir begleiten Sie bei der Organisation Ihrer Veranstaltung, um ein einzigartiges und personalisiertes Erlebnis zu schaffen.<\/p>\n\n<div class=\"wp-block-buttons is-layout-flex wp-block-buttons-is-layout-flex\">\n<div class=\"wp-block-button\"><a class=\"wp-block-button__link wp-element-button\" href=\"https:\/\/bacciadonna.com\/formulaire-contact-evenement\/\">Fordern Sie Ihr Angebot an<\/a><\/div>\n<\/div>\n\n<div class=\"wp-block-getwid-images-stack is-style-rounded is-layout-zeta\"><div class=\"wp-block-getwid-images-stack__wrapper\"><div class=\"wp-block-getwid-images-stack__chunk\"><div class=\"wp-block-getwid-images-stack__media-wrapper\"><div class=\"wp-block-getwid-images-stack__media-inner-wrapper\"><img loading=\"lazy\" decoding=\"async\" width=\"1600\" height=\"1200\" class=\"wp-block-getwid-images-stack__media wp-image-2020\" src=\"https:\/\/bacciadonna.com\/wp-content\/uploads\/2026\/03\/9c039684-52bc-4dc3-9caf-c2725de5466b.jpg\" data-id=\"2020\" data-link=\"https:\/\/bacciadonna.com\/celebration-danniversaire-proche-nice-domaine-baccia-donna\/9c039684-52bc-4dc3-9caf-c2725de5466b\/\" srcset=\"https:\/\/bacciadonna.com\/wp-content\/uploads\/2026\/03\/9c039684-52bc-4dc3-9caf-c2725de5466b.jpg 1600w, https:\/\/bacciadonna.com\/wp-content\/uploads\/2026\/03\/9c039684-52bc-4dc3-9caf-c2725de5466b-300x225.jpg 300w, https:\/\/bacciadonna.com\/wp-content\/uploads\/2026\/03\/9c039684-52bc-4dc3-9caf-c2725de5466b-1024x768.jpg 1024w, https:\/\/bacciadonna.com\/wp-content\/uploads\/2026\/03\/9c039684-52bc-4dc3-9caf-c2725de5466b-768x576.jpg 768w, https:\/\/bacciadonna.com\/wp-content\/uploads\/2026\/03\/9c039684-52bc-4dc3-9caf-c2725de5466b-1536x1152.jpg 1536w, https:\/\/bacciadonna.com\/wp-content\/uploads\/2026\/03\/9c039684-52bc-4dc3-9caf-c2725de5466b-1170x878.jpg 1170w, https:\/\/bacciadonna.com\/wp-content\/uploads\/2026\/03\/9c039684-52bc-4dc3-9caf-c2725de5466b-600x450.jpg 600w\" sizes=\"auto, (max-width: 1600px) 100vw, 1600px\" \/><\/div><\/div><div class=\"wp-block-getwid-images-stack__media-wrapper\"><div class=\"wp-block-getwid-images-stack__media-inner-wrapper\"><img loading=\"lazy\" decoding=\"async\" width=\"2560\" height=\"1920\" class=\"wp-block-getwid-images-stack__media wp-image-2025\" src=\"https:\/\/bacciadonna.com\/wp-content\/uploads\/2026\/03\/IMG_2827-scaled.jpeg\" data-id=\"2025\" data-link=\"https:\/\/bacciadonna.com\/celebration-danniversaire-proche-nice-domaine-baccia-donna\/img_2827\/\" srcset=\"https:\/\/bacciadonna.com\/wp-content\/uploads\/2026\/03\/IMG_2827-scaled.jpeg 2560w, https:\/\/bacciadonna.com\/wp-content\/uploads\/2026\/03\/IMG_2827-300x225.jpeg 300w, https:\/\/bacciadonna.com\/wp-content\/uploads\/2026\/03\/IMG_2827-1024x768.jpeg 1024w, https:\/\/bacciadonna.com\/wp-content\/uploads\/2026\/03\/IMG_2827-768x576.jpeg 768w, https:\/\/bacciadonna.com\/wp-content\/uploads\/2026\/03\/IMG_2827-1536x1152.jpeg 1536w, https:\/\/bacciadonna.com\/wp-content\/uploads\/2026\/03\/IMG_2827-2048x1536.jpeg 2048w\" sizes=\"auto, (max-width: 2560px) 100vw, 2560px\" \/><\/div><\/div><div class=\"wp-block-getwid-images-stack__media-wrapper\"><div class=\"wp-block-getwid-images-stack__media-inner-wrapper\"><img loading=\"lazy\" decoding=\"async\" width=\"2560\" height=\"1920\" class=\"wp-block-getwid-images-stack__media wp-image-1507\" src=\"https:\/\/bacciadonna.com\/wp-content\/uploads\/2026\/03\/P3840387-scaled.jpg\" data-id=\"1507\" data-link=\"https:\/\/bacciadonna.com\/accueil\/lieu-de-mariage-proche-nice-domaine-baccia-donna\/anafi-1-8-2-12\/\" srcset=\"https:\/\/bacciadonna.com\/wp-content\/uploads\/2026\/03\/P3840387-scaled.jpg 2560w, https:\/\/bacciadonna.com\/wp-content\/uploads\/2026\/03\/P3840387-300x225.jpg 300w, https:\/\/bacciadonna.com\/wp-content\/uploads\/2026\/03\/P3840387-1024x768.jpg 1024w, https:\/\/bacciadonna.com\/wp-content\/uploads\/2026\/03\/P3840387-768x576.jpg 768w, https:\/\/bacciadonna.com\/wp-content\/uploads\/2026\/03\/P3840387-1536x1152.jpg 1536w, https:\/\/bacciadonna.com\/wp-content\/uploads\/2026\/03\/P3840387-2048x1536.jpg 2048w, https:\/\/bacciadonna.com\/wp-content\/uploads\/2026\/03\/P3840387-1170x878.jpg 1170w, https:\/\/bacciadonna.com\/wp-content\/uploads\/2026\/03\/P3840387-600x450.jpg 600w\" sizes=\"auto, (max-width: 2560px) 100vw, 2560px\" \/><\/div><\/div><\/div><\/div><\/div>\n\n<hr class=\"wp-block-separator has-alpha-channel-opacity\"\/>\n\n<h2 class=\"wp-block-heading\">\ud83c\udf8a Veranstaltungen nach Ma\u00df<\/h2>\n\n<p style=\"font-size:27px\">\ud83c\udf82 Geburtstage<\/p>\n\n<p>Feiern Sie einen unvergesslichen Tag oder Abend an einem geselligen und eleganten Ort.<\/p>\n\n<h3 class=\"wp-block-heading\">\ud83d\udc8d Junggesellinnenabschiede<\/h3>\n\n<p>Ein Wochenende unter Freundinnen in einem intimen Rahmen, der Entspannung und Festlichkeiten vereint.<\/p>\n\n<h3 class=\"wp-block-heading\">\ud83d\udc76 Taufen &amp; Kommunionen<\/h3>\n\n<p>Eine sichere und friedliche Umgebung, um die ganze Familie zu vereinen.<\/p>\n\n<h3 class=\"wp-block-heading\">\ud83d\udcbc Seminare &amp; Firmenveranstaltungen<\/h3>\n\n<p>Ein inspirierender Rahmen, um Arbeit, Teamgeist und Entspannungsmomente zu verbinden.<\/p>\n\n<h3 class=\"wp-block-heading\">\ud83c\udf89 Weitere Feierlichkeiten<\/h3>\n\n<p>Privatfeiern, Familientreffen, Wiedersehen \u2026 alles ist m\u00f6glich.<\/p>\n\n<h2 class=\"wp-block-heading\">\ud83d\ude97 Privater Parkplatz \u2013 30 Pl\u00e4tze auf dem Anwesen<\/h2>\n\n<p>Profitieren Sie von einer einfachen und praktischen Anfahrt:<\/p>\n\n<ul class=\"wp-block-list\">\n<li>\ud83d\ude98 Kostenloser Parkplatz mit <strong>30 Pl\u00e4tzen<\/strong><\/li>\n\n\n\n<li>Geeignet f\u00fcr PKW, Transporter und gro\u00dfe Fahrzeuge<\/li>\n<\/ul>\n\n<p>\ud83d\udc49 Ein echter Komfort f\u00fcr Ihre G\u00e4ste.<\/p>\n\n<h2 class=\"wp-block-heading\">\u2728 Ein Ort, tausend M\u00f6glichkeiten<\/h2>\n\n<p>Mit seiner Kapazit\u00e4t, den Unterk\u00fcnften vor Ort und der au\u00dfergew\u00f6hnlichen nat\u00fcrlichen Umgebung ist die Domaine Bacciadonna der ideale Ort, um eine Veranstaltung nach Ihren Vorstellungen zu organisieren.<\/p>\n\n<hr class=\"wp-block-separator has-alpha-channel-opacity\"\/>\n\n<h2 class=\"wp-block-heading\">Kontaktformular<\/h2>\n\n<p><strong>Bereit, Ihren Geburtstag auf der Domaine Baccia Donna zu organisieren?<\/strong><br\/>F\u00fcllen Sie unser Formular aus und erhalten Sie ein <strong>kostenloses, individuelles Angebot<\/strong>.<\/p>\n\n<p><\/p>\n\n<div class=\"wp-block-buttons is-layout-flex wp-block-buttons-is-layout-flex\">\n<div class=\"wp-block-button\"><a class=\"wp-block-button__link wp-element-button\" href=\"https:\/\/bacciadonna.com\/formulaire-contact-evenement\/\">Fordern Sie Ihr Angebot an<\/a><\/div>\n<\/div>\n\n<h2 class=\"wp-block-heading\">\ud83d\udccd Eine ideale Lage nahe Nizza und Monaco<\/h2>\n\n<p>Unser Hochzeitsort in der N\u00e4he von Nizza ist leicht erreichbar:<\/p>\n\n<ul class=\"wp-block-list\">\n<li>Nur wenige Minuten vom Zentrum von Nizza entfernt<\/li>\n\n\n\n<li>In der N\u00e4he von Monaco<\/li>\n\n\n\n<li>Einfache Anfahrt mit dem Auto<\/li>\n\n\n\n<li>Busverbindungen in die benachbarten St\u00e4dte<\/li>\n\n\n\n<li>Gesch\u00e4fte und Restaurants in der N\u00e4he<\/li>\n\n\n\n<li>In der N\u00e4he des Sanctuaire de Laghet<\/li>\n<\/ul>\n\n<p>Die Domaine Baccia Donna verbindet Ruhe, Natur und die N\u00e4he zu den gro\u00dfen St\u00e4dten der C\u00f4te d\u2019Azur.<\/p>\n\n<hr class=\"wp-block-separator has-alpha-channel-opacity\"\/>\n\n<h2 class=\"wp-block-heading\">Tipps f\u00fcr Ihren Geburtstag<\/h2>\n\n<ul class=\"wp-block-list\">\n<li>Nutzen Sie den <strong>Whirlpool<\/strong> f\u00fcr einen Entspannungsmoment vor oder nach dem Essen <\/li>\n\n\n\n<li>Organisieren Sie eine Runde <strong>Boule oder Tischtennis<\/strong>, um Ihre G\u00e4ste zu unterhalten <\/li>\n\n\n\n<li>Nutzen Sie die <strong>Lounge unter der Pergola<\/strong> f\u00fcr einen Cocktail oder die Geburtstagstorte <\/li>\n\n\n\n<li>Denken Sie daran, <strong>das Anwesen im Voraus zu buchen<\/strong>, besonders f\u00fcr Wochenenden oder die Sommerzeit<\/li>\n<\/ul>\n\n<p><\/p>\n\n<hr class=\"wp-block-separator has-alpha-channel-opacity\"\/>\n\n<h3 class=\"wp-block-heading\">Lassen Sie uns gemeinsam Ihr Event planen<\/h3>\n\n<p>\u00dcberlassen Sie Ihren Geburtstag nicht dem Zufall!<br\/><strong>Reservieren Sie jetzt Ihren Termin und genie\u00dfen Sie einen einzigartigen Rahmen f\u00fcr bis zu 100 Personen mit Parkplatz und \u00dcbernachtungsm\u00f6glichkeiten f\u00fcr 28 G\u00e4ste.<\/strong><\/p>\n\n<p><\/p>\n\n<div class=\"wp-block-buttons is-layout-flex wp-block-buttons-is-layout-flex\">\n<div class=\"wp-block-button\"><a class=\"wp-block-button__link wp-element-button\" href=\"https:\/\/bacciadonna.com\/formulaire-contact-evenement\/\">Ihr Angebot anfordern<\/a><\/div>\n<\/div>\n\n<p><\/p>\n","protected":false},"excerpt":{"rendered":"<p>Intime und gesellige Geburtstage auf unserem historischen provenzalischen Anwesen, nur wenige Minuten von Nizza und Monaco entfernt.<\/p>\n","protected":false},"author":1,"featured_media":3213,"parent":0,"menu_order":0,"comment_status":"closed","ping_status":"closed","template":"","meta":{"inline_featured_image":false,"footnotes":""},"class_list":["post-3204","page","type-page","status-publish","has-post-thumbnail","hentry"],"_links":{"self":[{"href":"https:\/\/bacciadonna.com\/de\/wp-json\/wp\/v2\/pages\/3204","targetHints":{"allow":["GET"]}}],"collection":[{"href":"https:\/\/bacciadonna.com\/de\/wp-json\/wp\/v2\/pages"}],"about":[{"href":"https:\/\/bacciadonna.com\/de\/wp-json\/wp\/v2\/types\/page"}],"author":[{"embeddable":true,"href":"https:\/\/bacciadonna.com\/de\/wp-json\/wp\/v2\/users\/1"}],"replies":[{"embeddable":true,"href":"https:\/\/bacciadonna.com\/de\/wp-json\/wp\/v2\/comments?post=3204"}],"version-history":[{"count":1,"href":"https:\/\/bacciadonna.com\/de\/wp-json\/wp\/v2\/pages\/3204\/revisions"}],"predecessor-version":[{"id":3223,"href":"https:\/\/bacciadonna.com\/de\/wp-json\/wp\/v2\/pages\/3204\/revisions\/3223"}],"wp:featuredmedia":[{"embeddable":true,"href":"https:\/\/bacciadonna.com\/de\/wp-json\/wp\/v2\/media\/3213"}],"wp:attachment":[{"href":"https:\/\/bacciadonna.com\/de\/wp-json\/wp\/v2\/media?parent=3204"}],"curies":[{"name":"wp","href":"https:\/\/api.w.org\/{rel}","templated":true}]}}