{"id":3199,"date":"2026-03-10T00:20:36","date_gmt":"2026-03-09T23:20:36","guid":{"rendered":"https:\/\/bacciadonna.com\/willkommensmappe-domaine-baccia-donna\/"},"modified":"2026-03-29T20:57:56","modified_gmt":"2026-03-29T19:57:56","slug":"willkommensmappe-domaine-baccia-donna","status":"publish","type":"page","link":"https:\/\/bacciadonna.com\/de\/willkommensmappe-domaine-baccia-donna\/","title":{"rendered":"Willkommensmappe \u2013 Domaine Baccia Donna"},"content":{"rendered":"\n<p class=\"has-black-color has-text-color has-link-color wp-elements-c38757ddc7dc1d387c706966aa22228f\">Willkommen im Domaine Baccia Donna.<\/p>\n\n<p class=\"has-black-color has-text-color has-link-color wp-elements-6ede0edd5c794638d5556527ea834925\">Um Ihren Aufenthalt so angenehm wie m\u00f6glich zu gestalten, haben wir diese Willkommensmappe vorbereitet, die alle n\u00fctzlichen Informationen w\u00e4hrend Ihres Aufenthalts zusammenfasst.<\/p>\n\n<p class=\"has-black-color has-text-color has-link-color wp-elements-dc06f418802dadebd323fb99f4847dcb\">Sie finden darin insbesondere:<\/p>\n\n<ul class=\"wp-block-list\">\n<li class=\"has-black-color has-text-color has-link-color wp-elements-e9c3e1cb164ce2495a1fe7be8b826df7\">praktische Informationen zur Unterkunft<\/li>\n\n\n\n<li class=\"has-black-color has-text-color has-link-color wp-elements-4bdf30eb99447b0547e03c8fcd94cf6a\">die Hausordnung<\/li>\n\n\n\n<li class=\"has-black-color has-text-color has-link-color wp-elements-42cdb7cc53f36e2a9478a3f9a4eee2ac\">Gesch\u00e4fte und Restaurants in der N\u00e4he<\/li>\n\n\n\n<li class=\"has-black-color has-text-color has-link-color wp-elements-ba58801528e13f4af83144eb2dbcf59d\">Aktivit\u00e4ten und Sehensw\u00fcrdigkeiten in der Region<\/li>\n\n\n\n<li class=\"has-black-color has-text-color has-link-color wp-elements-c85b8bc8e166e9fa26e0f2860d49e4c1\">wichtige Telefonnummern<\/li>\n<\/ul>\n\n<p class=\"has-black-color has-text-color has-link-color wp-elements-10e11b0d32b06e06124ae4a19e62d6d4\">Wir laden Sie ein, diesen Leitfaden zu konsultieren, um Ihren Aufenthalt in vollen Z\u00fcgen zu genie\u00dfen.<\/p>\n\n<p class=\"has-black-color has-text-color has-link-color wp-elements-78692680aa60789f45f57f04da250fd4\">Wir w\u00fcnschen Ihnen einen ausgezeichneten Aufenthalt im Domaine Baccia Donna.<\/p>\n<div class=\"_df_book df-lite\" id=\"df_1681\"  _slug=\"livret-accueil-baccia-donna-fr\" data-title=\"livret-accueil-baccia-donna-fr\" wpoptions=\"true\" thumb=\"https:\/\/bacciadonna.com\/wp-content\/uploads\/2026\/02\/cropped-cropped-Logo-baccia-donna-1.png\" thumbtype=\"\" ><\/div><script class=\"df-shortcode-script\" nowprocket type=\"application\/javascript\">window.option_df_1681 = {\"outline\":[],\"autoEnableOutline\":\"false\",\"autoEnableThumbnail\":\"false\",\"overwritePDFOutline\":\"false\",\"direction\":\"1\",\"pageSize\":\"0\",\"source\":\"https:\\\/\\\/bacciadonna.com\\\/wp-content\\\/uploads\\\/2026\\\/03\\\/Livret-daccueil-baccia-donna-FR.pdf\",\"wpOptions\":\"true\"}; if(window.DFLIP && window.DFLIP.parseBooks){window.DFLIP.parseBooks();}<\/script>\n","protected":false},"excerpt":{"rendered":"<p>Willkommen im Domaine Baccia Donna. Um Ihren Aufenthalt so angenehm wie m\u00f6glich zu gestalten, haben wir diese Willkommensmappe vorbereitet, die alle n\u00fctzlichen Informationen w\u00e4hrend Ihres Aufenthalts zusammenfasst. Sie finden darin insbesondere: Wir laden Sie ein, diesen Leitfaden zu konsultieren, um Ihren Aufenthalt in vollen Z\u00fcgen zu genie\u00dfen. Wir w\u00fcnschen Ihnen einen ausgezeichneten Aufenthalt im Domaine [&hellip;]<\/p>\n","protected":false},"author":1,"featured_media":0,"parent":0,"menu_order":0,"comment_status":"closed","ping_status":"closed","template":"","meta":{"inline_featured_image":false,"footnotes":""},"class_list":["post-3199","page","type-page","status-publish","hentry"],"_links":{"self":[{"href":"https:\/\/bacciadonna.com\/de\/wp-json\/wp\/v2\/pages\/3199","targetHints":{"allow":["GET"]}}],"collection":[{"href":"https:\/\/bacciadonna.com\/de\/wp-json\/wp\/v2\/pages"}],"about":[{"href":"https:\/\/bacciadonna.com\/de\/wp-json\/wp\/v2\/types\/page"}],"author":[{"embeddable":true,"href":"https:\/\/bacciadonna.com\/de\/wp-json\/wp\/v2\/users\/1"}],"replies":[{"embeddable":true,"href":"https:\/\/bacciadonna.com\/de\/wp-json\/wp\/v2\/comments?post=3199"}],"version-history":[{"count":1,"href":"https:\/\/bacciadonna.com\/de\/wp-json\/wp\/v2\/pages\/3199\/revisions"}],"predecessor-version":[{"id":3200,"href":"https:\/\/bacciadonna.com\/de\/wp-json\/wp\/v2\/pages\/3199\/revisions\/3200"}],"wp:attachment":[{"href":"https:\/\/bacciadonna.com\/de\/wp-json\/wp\/v2\/media?parent=3199"}],"curies":[{"name":"wp","href":"https:\/\/api.w.org\/{rel}","templated":true}]}}