{"id":3090,"date":"2026-03-28T20:18:24","date_gmt":"2026-03-28T19:18:24","guid":{"rendered":"https:\/\/bacciadonna.com\/pilates-yoga-bereich\/"},"modified":"2026-03-29T21:00:55","modified_gmt":"2026-03-29T20:00:55","slug":"pilates-yoga-bereich","status":"publish","type":"page","link":"https:\/\/bacciadonna.com\/de\/pilates-yoga-bereich\/","title":{"rendered":"Pilates- &amp; Yoga-Raum"},"content":{"rendered":"\n<h2 class=\"wp-block-heading\">Domaine Baccia Donna<\/h2>\n\n<p>Der Pilates- &amp; Yoga-Raum des Domaine Baccia Donna ist ein Ort, der dem Wohlbefinden, der Entspannung und sanfter k\u00f6rperlicher Aktivit\u00e4t gewidmet ist. Er erm\u00f6glicht Ihnen, in einer ruhigen Umgebung zu praktizieren, die Konzentration und Entspannung f\u00f6rdert, im Herzen der C\u00f4te d&#8217;Azur. <\/p>\n\n<p>Dieser Raum ist f\u00fcr die G\u00e4ste des Anwesens zug\u00e4nglich und wurde konzipiert, um einen Moment der Pause zu bieten, sei es f\u00fcr eine Yoga-, Pilates-, Dehnungs- oder Meditationssitzung.<\/p>\n\n<div class=\"wp-block-getwid-images-stack is-style-rounded is-layout-zeta\"><div class=\"wp-block-getwid-images-stack__wrapper\"><div class=\"wp-block-getwid-images-stack__chunk\"><div class=\"wp-block-getwid-images-stack__media-wrapper\"><div class=\"wp-block-getwid-images-stack__media-inner-wrapper\"><img loading=\"lazy\" decoding=\"async\" width=\"2560\" height=\"1709\" class=\"wp-block-getwid-images-stack__media wp-image-2292\" src=\"https:\/\/bacciadonna.com\/wp-content\/uploads\/2026\/03\/woman-doing-yoga-outdoors-scaled.jpg\" data-id=\"2292\" data-link=\"https:\/\/bacciadonna.com\/%f0%9f%8e%af-terrain-de-petanque-domaine-baccia-donna\/woman-doing-yoga-outdoors\/\" srcset=\"https:\/\/bacciadonna.com\/wp-content\/uploads\/2026\/03\/woman-doing-yoga-outdoors-scaled.jpg 2560w, https:\/\/bacciadonna.com\/wp-content\/uploads\/2026\/03\/woman-doing-yoga-outdoors-300x200.jpg 300w, https:\/\/bacciadonna.com\/wp-content\/uploads\/2026\/03\/woman-doing-yoga-outdoors-1024x684.jpg 1024w, https:\/\/bacciadonna.com\/wp-content\/uploads\/2026\/03\/woman-doing-yoga-outdoors-768x513.jpg 768w, https:\/\/bacciadonna.com\/wp-content\/uploads\/2026\/03\/woman-doing-yoga-outdoors-1536x1025.jpg 1536w, https:\/\/bacciadonna.com\/wp-content\/uploads\/2026\/03\/woman-doing-yoga-outdoors-2048x1367.jpg 2048w, https:\/\/bacciadonna.com\/wp-content\/uploads\/2026\/03\/woman-doing-yoga-outdoors-1170x781.jpg 1170w, https:\/\/bacciadonna.com\/wp-content\/uploads\/2026\/03\/woman-doing-yoga-outdoors-600x401.jpg 600w\" sizes=\"auto, (max-width: 2560px) 100vw, 2560px\" \/><\/div><\/div><div class=\"wp-block-getwid-images-stack__media-wrapper\"><div class=\"wp-block-getwid-images-stack__media-inner-wrapper\"><img loading=\"lazy\" decoding=\"async\" width=\"1709\" height=\"2560\" class=\"wp-block-getwid-images-stack__media wp-image-2291\" src=\"https:\/\/bacciadonna.com\/wp-content\/uploads\/2026\/03\/relaxed-girl-practicing-yoga-outdoor-scaled.jpg\" data-id=\"2291\" data-link=\"https:\/\/bacciadonna.com\/%f0%9f%8e%af-terrain-de-petanque-domaine-baccia-donna\/relaxed-girl-practicing-yoga-outdoor\/\" srcset=\"https:\/\/bacciadonna.com\/wp-content\/uploads\/2026\/03\/relaxed-girl-practicing-yoga-outdoor-scaled.jpg 1709w, https:\/\/bacciadonna.com\/wp-content\/uploads\/2026\/03\/relaxed-girl-practicing-yoga-outdoor-200x300.jpg 200w, https:\/\/bacciadonna.com\/wp-content\/uploads\/2026\/03\/relaxed-girl-practicing-yoga-outdoor-684x1024.jpg 684w, https:\/\/bacciadonna.com\/wp-content\/uploads\/2026\/03\/relaxed-girl-practicing-yoga-outdoor-768x1150.jpg 768w, https:\/\/bacciadonna.com\/wp-content\/uploads\/2026\/03\/relaxed-girl-practicing-yoga-outdoor-1025x1536.jpg 1025w, https:\/\/bacciadonna.com\/wp-content\/uploads\/2026\/03\/relaxed-girl-practicing-yoga-outdoor-1367x2048.jpg 1367w\" sizes=\"auto, (max-width: 1709px) 100vw, 1709px\" \/><\/div><\/div><div class=\"wp-block-getwid-images-stack__media-wrapper\"><div class=\"wp-block-getwid-images-stack__media-inner-wrapper\"><img loading=\"lazy\" decoding=\"async\" width=\"537\" height=\"350\" class=\"wp-block-getwid-images-stack__media wp-image-1909\" src=\"https:\/\/bacciadonna.com\/wp-content\/uploads\/2026\/03\/yoga-pilate.jpg\" data-id=\"1909\" data-link=\"https:\/\/bacciadonna.com\/yoga-pilate-2\/\" srcset=\"https:\/\/bacciadonna.com\/wp-content\/uploads\/2026\/03\/yoga-pilate.jpg 537w, https:\/\/bacciadonna.com\/wp-content\/uploads\/2026\/03\/yoga-pilate-300x196.jpg 300w, https:\/\/bacciadonna.com\/wp-content\/uploads\/2026\/03\/yoga-pilate-140x90.jpg 140w\" sizes=\"auto, (max-width: 537px) 100vw, 537px\" \/><\/div><\/div><\/div><div class=\"wp-block-getwid-images-stack__chunk\"><div class=\"wp-block-getwid-images-stack__media-wrapper\"><div class=\"wp-block-getwid-images-stack__media-inner-wrapper\"><img loading=\"lazy\" decoding=\"async\" width=\"2560\" height=\"2560\" class=\"wp-block-getwid-images-stack__media wp-image-2294\" src=\"https:\/\/bacciadonna.com\/wp-content\/uploads\/2026\/03\/young-woman-doing-yoga-morning-scaled.jpg\" data-id=\"2294\" data-link=\"https:\/\/bacciadonna.com\/%f0%9f%8e%af-terrain-de-petanque-domaine-baccia-donna\/young-woman-doing-yoga-morning\/\" srcset=\"https:\/\/bacciadonna.com\/wp-content\/uploads\/2026\/03\/young-woman-doing-yoga-morning-scaled.jpg 2560w, https:\/\/bacciadonna.com\/wp-content\/uploads\/2026\/03\/young-woman-doing-yoga-morning-300x300.jpg 300w, https:\/\/bacciadonna.com\/wp-content\/uploads\/2026\/03\/young-woman-doing-yoga-morning-1024x1024.jpg 1024w, https:\/\/bacciadonna.com\/wp-content\/uploads\/2026\/03\/young-woman-doing-yoga-morning-150x150.jpg 150w, https:\/\/bacciadonna.com\/wp-content\/uploads\/2026\/03\/young-woman-doing-yoga-morning-768x768.jpg 768w, https:\/\/bacciadonna.com\/wp-content\/uploads\/2026\/03\/young-woman-doing-yoga-morning-1536x1536.jpg 1536w, https:\/\/bacciadonna.com\/wp-content\/uploads\/2026\/03\/young-woman-doing-yoga-morning-2048x2048.jpg 2048w, https:\/\/bacciadonna.com\/wp-content\/uploads\/2026\/03\/young-woman-doing-yoga-morning-1170x1170.jpg 1170w, https:\/\/bacciadonna.com\/wp-content\/uploads\/2026\/03\/young-woman-doing-yoga-morning-992x992.jpg 992w, https:\/\/bacciadonna.com\/wp-content\/uploads\/2026\/03\/young-woman-doing-yoga-morning-600x600.jpg 600w, https:\/\/bacciadonna.com\/wp-content\/uploads\/2026\/03\/young-woman-doing-yoga-morning-100x100.jpg 100w\" sizes=\"auto, (max-width: 2560px) 100vw, 2560px\" \/><\/div><\/div><\/div><\/div><\/div>\n\n<h2 class=\"wp-block-heading\">\ud83e\uddd8 Nutzung des Raums<\/h2>\n\n<p>Dieser Raum ist ideal f\u00fcr:<\/p>\n\n<ul class=\"wp-block-list\">\n<li>\ud83e\uddd8\u200d\u2640\ufe0f Yoga (Haltungen, Atmung, Entspannung)<\/li>\n\n\n\n<li>\ud83e\udd38 Pilates<\/li>\n\n\n\n<li>\ud83e\uddcd Dehnungen und sanfte Mobilit\u00e4t<\/li>\n\n\n\n<li>\ud83e\uddd8 Meditation und Atem\u00fcbungen<\/li>\n<\/ul>\n\n<p>Die Nutzung ist frei und ohne Anleitung.<\/p>\n\n<hr class=\"wp-block-separator has-alpha-channel-opacity\"\/>\n\n<h2 class=\"wp-block-heading\">\u26a0\ufe0f Nutzungsregeln<\/h2>\n\n<p>Um eine angenehme Umgebung f\u00fcr alle zu gew\u00e4hrleisten, bitten wir Sie, die folgenden Hinweise zu beachten:<\/p>\n\n<h3 class=\"wp-block-heading\">\ud83d\udd07 Ruhe und Gelassenheit<\/h3>\n\n<p>Da der Raum dem Wohlbefinden gewidmet ist, bitten wir Sie, eine ruhige und stille Atmosph\u00e4re zu bewahren.<\/p>\n\n<h3 class=\"wp-block-heading\">\ud83e\uddf9 Sauberkeit<\/h3>\n\n<p>Bitte hinterlassen Sie den Raum nach der Nutzung sauber und stellen Sie das Material an seinen Platz zur\u00fcck.<\/p>\n\n<h3 class=\"wp-block-heading\">\ud83e\uddf4 Respekt vor dem Material<\/h3>\n\n<p>Das zur Verf\u00fcgung gestellte Material muss mit Sorgfalt verwendet und von allen Nutzern respektiert werden.<\/p>\n\n<h3 class=\"wp-block-heading\">\ud83e\udd1d Teilen<\/h3>\n\n<p>Bei gleichzeitiger Nutzung bitten wir Sie, h\u00f6flich zu sein und den Raum zu teilen.<\/p>\n\n<h3 class=\"wp-block-heading\">\ud83e\uddd2 Kinder<\/h3>\n\n<p>Kinder m\u00fcssen <strong>unter Aufsicht eines Erwachsenen<\/strong> sein und den Raum angemessen nutzen.<\/p>\n\n<h3 class=\"wp-block-heading\">\u2696\ufe0f Verantwortung<\/h3>\n\n<p>Die Nutzung des Raums erfolgt in der Verantwortung der Nutzer.<\/p>\n\n<hr class=\"wp-block-separator has-alpha-channel-opacity\"\/>\n\n<h2 class=\"wp-block-heading\">\ud83d\udca1 N\u00fctzliche Informationen<\/h2>\n\n<ul class=\"wp-block-list\">\n<li>Raum reserviert f\u00fcr G\u00e4ste des Anwesens<\/li>\n\n\n\n<li>Freie Praxis, ohne Anleitung<\/li>\n\n\n\n<li>Bitte respektieren Sie die Ruhe des Ortes und der anderen G\u00e4ste<\/li>\n\n\n\n<li>Geeignet f\u00fcr individuelle Nutzung oder in kleinen Gruppen<\/li>\n<\/ul>\n\n<hr class=\"wp-block-separator has-alpha-channel-opacity\"\/>\n\n<h2 class=\"wp-block-heading\">\u2728 Ein Raum f\u00fcr Ihr Wohlbefinden<\/h2>\n\n<p>Der Pilates- &amp; Yoga-Raum wurde konzipiert, um Ihnen einen Moment der Entspannung und Zentrierung in einem friedlichen und angenehmen Rahmen zu bieten \ud83c\udf3f<\/p>\n\n<p>Ob um den Tag sanft zu beginnen oder Spannungen zu l\u00f6sen \u2013 dieser Raum f\u00fcgt sich perfekt in Ihr Erlebnis im Domaine Baccia Donna ein.<\/p>\n\n<h2 class=\"wp-block-heading\">\ud83e\uddd8 Zur Verf\u00fcgung gestelltes Material<\/h2>\n\n<p>Alles notwendige Material f\u00fcr die Praxis von Pilates und Yoga steht Ihnen zur Verf\u00fcgung:<\/p>\n\n<ul class=\"wp-block-list\">\n<li>\ud83e\uddd8 Yogamatten<\/li>\n\n\n\n<li>\ud83e\uddf4 Yogabl\u00f6cke (Schaumstoff)<\/li>\n\n\n\n<li>\ud83e\udea2 Gurte \/ Straps<\/li>\n\n\n\n<li>\ud83d\udecb\ufe0f Meditationskissen (Bolster \/ Zafus)<\/li>\n\n\n\n<li>\ud83e\uddfa Entspannungsdecken<\/li>\n\n\n\n<li>\ud83c\udfd0 Pilates-B\u00e4lle (je nach Verf\u00fcgbarkeit)<\/li>\n\n\n\n<li>\ud83e\udeb5 Rollen \/ Dehnungszubeh\u00f6r (je nach Verf\u00fcgbarkeit)<\/li>\n<\/ul>\n\n<p>\ud83d\udc49 Bitte verwenden Sie das Material mit Sorgfalt und stellen Sie es nach der Nutzung an seinen Platz zur\u00fcck, damit jeder es unter guten Bedingungen nutzen kann.<\/p>\n","protected":false},"excerpt":{"rendered":"<p>Domaine Baccia Donna Der Pilates- &amp; Yoga-Raum des Domaine Baccia Donna ist ein Ort, der dem Wohlbefinden, der Entspannung und sanfter k\u00f6rperlicher Aktivit\u00e4t gewidmet ist. Er erm\u00f6glicht Ihnen, in einer ruhigen Umgebung zu praktizieren, die Konzentration und Entspannung f\u00f6rdert, im Herzen der C\u00f4te d&#8217;Azur. Dieser Raum ist f\u00fcr die G\u00e4ste des Anwesens zug\u00e4nglich und wurde [&hellip;]<\/p>\n","protected":false},"author":1,"featured_media":0,"parent":0,"menu_order":0,"comment_status":"closed","ping_status":"closed","template":"","meta":{"inline_featured_image":false,"footnotes":""},"class_list":["post-3090","page","type-page","status-publish","hentry"],"_links":{"self":[{"href":"https:\/\/bacciadonna.com\/de\/wp-json\/wp\/v2\/pages\/3090","targetHints":{"allow":["GET"]}}],"collection":[{"href":"https:\/\/bacciadonna.com\/de\/wp-json\/wp\/v2\/pages"}],"about":[{"href":"https:\/\/bacciadonna.com\/de\/wp-json\/wp\/v2\/types\/page"}],"author":[{"embeddable":true,"href":"https:\/\/bacciadonna.com\/de\/wp-json\/wp\/v2\/users\/1"}],"replies":[{"embeddable":true,"href":"https:\/\/bacciadonna.com\/de\/wp-json\/wp\/v2\/comments?post=3090"}],"version-history":[{"count":3,"href":"https:\/\/bacciadonna.com\/de\/wp-json\/wp\/v2\/pages\/3090\/revisions"}],"predecessor-version":[{"id":3551,"href":"https:\/\/bacciadonna.com\/de\/wp-json\/wp\/v2\/pages\/3090\/revisions\/3551"}],"wp:attachment":[{"href":"https:\/\/bacciadonna.com\/de\/wp-json\/wp\/v2\/media?parent=3090"}],"curies":[{"name":"wp","href":"https:\/\/api.w.org\/{rel}","templated":true}]}}