{"id":3079,"date":"2026-03-28T20:49:18","date_gmt":"2026-03-28T19:49:18","guid":{"rendered":"https:\/\/bacciadonna.com\/entspannungsbereich-unter-der-pergola\/"},"modified":"2026-03-29T20:59:37","modified_gmt":"2026-03-29T19:59:37","slug":"entspannungsbereich-unter-der-pergola","status":"publish","type":"page","link":"https:\/\/bacciadonna.com\/de\/entspannungsbereich-unter-der-pergola\/","title":{"rendered":"Entspannungsbereich unter der Pergola"},"content":{"rendered":"\n<h2 class=\"wp-block-heading\">Domaine Baccia Donna<\/h2>\n\n<p>Im Herzen der Domaine Baccia Donna ist der Entspannungsbereich unter der Pergola ein Ort der Ruhe, Geselligkeit und des Austauschs. Vor der Sonne gesch\u00fctzt und nach au\u00dfen offen, bietet er zu jeder Tageszeit einen angenehmen Rahmen zum Entspannen. <\/p>\n\n<p>In einer warmen und beruhigenden Atmosph\u00e4re ist dieser Bereich ideal, um die Ruhe der Domaine zu genie\u00dfen, zu lesen, sich auszutauschen oder einfach zwischen zwei Aktivit\u00e4ten zu entspannen.<\/p>\n\n<div class=\"wp-block-getwid-images-stack is-style-rounded is-layout-zeta\"><div class=\"wp-block-getwid-images-stack__wrapper\"><div class=\"wp-block-getwid-images-stack__chunk\"><div class=\"wp-block-getwid-images-stack__media-wrapper\"><div class=\"wp-block-getwid-images-stack__media-inner-wrapper\"><img loading=\"lazy\" decoding=\"async\" width=\"2560\" height=\"1920\" class=\"wp-block-getwid-images-stack__media wp-image-1509\" src=\"https:\/\/bacciadonna.com\/wp-content\/uploads\/2026\/03\/P3440347-scaled.jpg\" data-id=\"1509\" data-link=\"https:\/\/bacciadonna.com\/accueil\/lieu-de-mariage-proche-nice-domaine-baccia-donna\/anafi-1-8-2-13\/\" srcset=\"https:\/\/bacciadonna.com\/wp-content\/uploads\/2026\/03\/P3440347-scaled.jpg 2560w, https:\/\/bacciadonna.com\/wp-content\/uploads\/2026\/03\/P3440347-300x225.jpg 300w, https:\/\/bacciadonna.com\/wp-content\/uploads\/2026\/03\/P3440347-1024x768.jpg 1024w, https:\/\/bacciadonna.com\/wp-content\/uploads\/2026\/03\/P3440347-768x576.jpg 768w, https:\/\/bacciadonna.com\/wp-content\/uploads\/2026\/03\/P3440347-1536x1152.jpg 1536w, https:\/\/bacciadonna.com\/wp-content\/uploads\/2026\/03\/P3440347-2048x1536.jpg 2048w\" sizes=\"auto, (max-width: 2560px) 100vw, 2560px\" \/><\/div><\/div><div class=\"wp-block-getwid-images-stack__media-wrapper\"><div class=\"wp-block-getwid-images-stack__media-inner-wrapper\"><img loading=\"lazy\" decoding=\"async\" width=\"2560\" height=\"1920\" class=\"wp-block-getwid-images-stack__media wp-image-1457\" src=\"https:\/\/bacciadonna.com\/wp-content\/uploads\/2026\/03\/P3560359-scaled.jpg\" data-id=\"1457\" data-link=\"https:\/\/bacciadonna.com\/activites-au-domaine\/anafi-1-8-2-8\/\" srcset=\"https:\/\/bacciadonna.com\/wp-content\/uploads\/2026\/03\/P3560359-scaled.jpg 2560w, https:\/\/bacciadonna.com\/wp-content\/uploads\/2026\/03\/P3560359-300x225.jpg 300w, https:\/\/bacciadonna.com\/wp-content\/uploads\/2026\/03\/P3560359-1024x768.jpg 1024w, https:\/\/bacciadonna.com\/wp-content\/uploads\/2026\/03\/P3560359-768x576.jpg 768w, https:\/\/bacciadonna.com\/wp-content\/uploads\/2026\/03\/P3560359-1536x1152.jpg 1536w, https:\/\/bacciadonna.com\/wp-content\/uploads\/2026\/03\/P3560359-2048x1536.jpg 2048w, https:\/\/bacciadonna.com\/wp-content\/uploads\/2026\/03\/P3560359-1170x878.jpg 1170w, https:\/\/bacciadonna.com\/wp-content\/uploads\/2026\/03\/P3560359-600x450.jpg 600w\" sizes=\"auto, (max-width: 2560px) 100vw, 2560px\" \/><\/div><\/div><div class=\"wp-block-getwid-images-stack__media-wrapper\"><div class=\"wp-block-getwid-images-stack__media-inner-wrapper\"><img loading=\"lazy\" decoding=\"async\" width=\"2560\" height=\"1920\" class=\"wp-block-getwid-images-stack__media wp-image-1403\" src=\"https:\/\/bacciadonna.com\/wp-content\/uploads\/2026\/03\/P4070410-scaled.jpg\" data-id=\"1403\" data-link=\"https:\/\/bacciadonna.com\/accueil\/activites-au-domaine\/anafi-1-8-2-3\/\" srcset=\"https:\/\/bacciadonna.com\/wp-content\/uploads\/2026\/03\/P4070410-scaled.jpg 2560w, https:\/\/bacciadonna.com\/wp-content\/uploads\/2026\/03\/P4070410-300x225.jpg 300w, https:\/\/bacciadonna.com\/wp-content\/uploads\/2026\/03\/P4070410-1024x768.jpg 1024w, https:\/\/bacciadonna.com\/wp-content\/uploads\/2026\/03\/P4070410-768x576.jpg 768w, https:\/\/bacciadonna.com\/wp-content\/uploads\/2026\/03\/P4070410-1536x1152.jpg 1536w, https:\/\/bacciadonna.com\/wp-content\/uploads\/2026\/03\/P4070410-2048x1536.jpg 2048w\" sizes=\"auto, (max-width: 2560px) 100vw, 2560px\" \/><\/div><\/div><\/div><div class=\"wp-block-getwid-images-stack__chunk\"><div class=\"wp-block-getwid-images-stack__media-wrapper\"><div class=\"wp-block-getwid-images-stack__media-inner-wrapper\"><img loading=\"lazy\" decoding=\"async\" width=\"2560\" height=\"1920\" class=\"wp-block-getwid-images-stack__media wp-image-1405\" src=\"https:\/\/bacciadonna.com\/wp-content\/uploads\/2026\/03\/IMG_6282-scaled.jpg\" data-id=\"1405\" data-link=\"https:\/\/bacciadonna.com\/accueil\/activites-au-domaine\/img_6282\/\" srcset=\"https:\/\/bacciadonna.com\/wp-content\/uploads\/2026\/03\/IMG_6282-scaled.jpg 2560w, https:\/\/bacciadonna.com\/wp-content\/uploads\/2026\/03\/IMG_6282-300x225.jpg 300w, https:\/\/bacciadonna.com\/wp-content\/uploads\/2026\/03\/IMG_6282-1024x768.jpg 1024w, https:\/\/bacciadonna.com\/wp-content\/uploads\/2026\/03\/IMG_6282-768x576.jpg 768w, https:\/\/bacciadonna.com\/wp-content\/uploads\/2026\/03\/IMG_6282-1536x1152.jpg 1536w, https:\/\/bacciadonna.com\/wp-content\/uploads\/2026\/03\/IMG_6282-2048x1536.jpg 2048w, https:\/\/bacciadonna.com\/wp-content\/uploads\/2026\/03\/IMG_6282-1170x878.jpg 1170w, https:\/\/bacciadonna.com\/wp-content\/uploads\/2026\/03\/IMG_6282-600x450.jpg 600w\" sizes=\"auto, (max-width: 2560px) 100vw, 2560px\" \/><\/div><\/div><\/div><\/div><\/div>\n\n<h2 class=\"wp-block-heading\">\ud83c\udf3f Eine Outdoor-Lounge im Herzen der Domaine<\/h2>\n\n<p>Die Pergola wurde als echter Loungebereich eingerichtet:<\/p>\n\n<ul class=\"wp-block-list\">\n<li>\ud83d\udecb\ufe0f Bequeme Sofas und Sitzgelegenheiten<\/li>\n\n\n\n<li>\ud83c\udf34 Nat\u00fcrlicherweise schattiger und bel\u00fcfteter Bereich<\/li>\n\n\n\n<li>\ud83c\udf3f Blick auf die Au\u00dfenanlagen der Domaine<\/li>\n\n\n\n<li>\u2600\ufe0f Warme und entspannte Atmosph\u00e4re<\/li>\n<\/ul>\n\n<p>\ud83d\udc49 Ein idealer Ort zum Lesen, Plaudern, Ausruhen oder einfach, um die umliegende Ruhe zu genie\u00dfen.<\/p>\n\n<hr class=\"wp-block-separator has-alpha-channel-opacity\"\/>\n\n<h2 class=\"wp-block-heading\">\u2600\ufe0f Ein Bereich, der zu jeder Tageszeit genutzt werden kann<\/h2>\n\n<p>Der Entspannungsbereich passt sich all Ihren Momenten des Tages an:<\/p>\n\n<ul class=\"wp-block-list\">\n<li>\u2615 <strong>Morgens<\/strong>: in Ruhe einen Kaffee genie\u00dfen<\/li>\n\n\n\n<li>\ud83c\udf3f <strong>Tags\u00fcber<\/strong>: im Schatten ausruhen, lesen oder eine Pause machen<\/li>\n\n\n\n<li>\ud83e\udd42 <strong>Am sp\u00e4ten Nachmittag<\/strong>: einen geselligen Moment mit Freunden oder der Familie teilen<\/li>\n\n\n\n<li>\ud83c\udf19 <strong>Abends<\/strong>: eine sanfte und beruhigende Atmosph\u00e4re genie\u00dfen<\/li>\n<\/ul>\n\n<hr class=\"wp-block-separator has-alpha-channel-opacity\"\/>\n\n<h2 class=\"wp-block-heading\">\ud83e\udd1d Ein Ort der Geselligkeit und des Austauschs<\/h2>\n\n<p>Dieser Bereich ist darauf ausgelegt, den Austausch zu f\u00f6rdern und gleichzeitig die Privatsph\u00e4re jedes Einzelnen zu respektieren.<br\/>Er kann genutzt werden f\u00fcr:<\/p>\n\n<ul class=\"wp-block-list\">\n<li>Momente der Entspannung allein<\/li>\n\n\n\n<li>Austausch zwischen Reisenden<\/li>\n\n\n\n<li>Ruhige Familienzeiten<\/li>\n\n\n\n<li>Pause zwischen zwei Aktivit\u00e4ten der Domaine<\/li>\n<\/ul>\n\n<hr class=\"wp-block-separator has-alpha-channel-opacity\"\/>\n\n<h2 class=\"wp-block-heading\">\ud83d\udd52 Freier Zugang<\/h2>\n\n<p>Der Bereich unter der Pergola ist allen Reisenden der Domaine frei zug\u00e4nglich.<\/p>\n\n<p>Bitte respektieren Sie die R\u00e4umlichkeiten und die anderen Bewohner, um eine angenehme Atmosph\u00e4re f\u00fcr alle zu bewahren.<\/p>\n\n<hr class=\"wp-block-separator has-alpha-channel-opacity\"\/>\n\n<h2 class=\"wp-block-heading\">\u26a0\ufe0f Nutzungsregeln<\/h2>\n\n<p>Um den Komfort und die Ruhe aller zu gew\u00e4hrleisten:<\/p>\n\n<h3 class=\"wp-block-heading\">\ud83d\udd07 Respekt der Ruhe<\/h3>\n\n<p>Bitte bewahren Sie eine friedliche Atmosph\u00e4re und vermeiden Sie L\u00e4rmbel\u00e4stigung.<\/p>\n\n<h3 class=\"wp-block-heading\">\ud83e\uddf9 Sauberkeit<\/h3>\n\n<p>Bitte hinterlassen Sie den Bereich nach Gebrauch sauber.<\/p>\n\n<h3 class=\"wp-block-heading\">\ud83e\udd1d Teilen<\/h3>\n\n<p>Dieser Bereich ist gemeinschaftlich: Bitte zeigen Sie H\u00f6flichkeit gegen\u00fcber anderen Reisenden.<\/p>\n\n<h3 class=\"wp-block-heading\">\ud83d\udead Verantwortungsbewusste Nutzung<\/h3>\n\n<p>Bitte respektieren Sie die bereitgestellten M\u00f6bel und Einrichtungen.<\/p>\n\n<h3 class=\"wp-block-heading\">\ud83e\uddd2 Kinder<\/h3>\n\n<p>Kinder m\u00fcssen <strong>von einem Erwachsenen beaufsichtigt werden<\/strong>.<\/p>\n\n<h3 class=\"wp-block-heading\">\u2696\ufe0f Haftung<\/h3>\n\n<p>Die Nutzung dieses Bereichs erfolgt auf eigene Verantwortung der Nutzer.<\/p>\n\n<hr class=\"wp-block-separator has-alpha-channel-opacity\"\/>\n\n<h2 class=\"wp-block-heading\">\ud83d\udca1 Zus\u00e4tzliche Informationen<\/h2>\n\n<ul class=\"wp-block-list\">\n<li>Bereich exklusiv f\u00fcr Reisende der Domaine<\/li>\n\n\n\n<li>Ganzt\u00e4gig zug\u00e4nglich<\/li>\n\n\n\n<li>Perfekt zur Erg\u00e4nzung Ihres Wellness-Erlebnisses (Whirlpool, Yoga, Entspannung)<\/li>\n\n\n\n<li>Geeignet f\u00fcr Einzelpersonen oder kleine Gruppen<\/li>\n<\/ul>\n\n<hr class=\"wp-block-separator has-alpha-channel-opacity\"\/>\n\n<h2 class=\"wp-block-heading\">\u2728 Der Geist des Ortes<\/h2>\n\n<p>Der Entspannungsbereich unter der Pergola verk\u00f6rpert die Lebensart der Domaine Baccia Donna: ein Gleichgewicht zwischen Ruhe, Natur und Geselligkeit \ud83c\udf3f<\/p>\n\n<p>Es ist ein Ort, an dem man sich Zeit nimmt, sich wiederfindet und jeder Moment zu einer entspannenden Auszeit im Herzen der C\u00f4te d\u2019Azur wird.<\/p>\n","protected":false},"excerpt":{"rendered":"<p>Domaine Baccia Donna Im Herzen der Domaine Baccia Donna ist der Entspannungsbereich unter der Pergola ein Ort der Ruhe, Geselligkeit und des Austauschs. Vor der Sonne gesch\u00fctzt und nach au\u00dfen offen, bietet er zu jeder Tageszeit einen angenehmen Rahmen zum Entspannen. In einer warmen und beruhigenden Atmosph\u00e4re ist dieser Bereich ideal, um die Ruhe der [&hellip;]<\/p>\n","protected":false},"author":1,"featured_media":0,"parent":0,"menu_order":0,"comment_status":"closed","ping_status":"closed","template":"","meta":{"inline_featured_image":false,"footnotes":""},"class_list":["post-3079","page","type-page","status-publish","hentry"],"_links":{"self":[{"href":"https:\/\/bacciadonna.com\/de\/wp-json\/wp\/v2\/pages\/3079","targetHints":{"allow":["GET"]}}],"collection":[{"href":"https:\/\/bacciadonna.com\/de\/wp-json\/wp\/v2\/pages"}],"about":[{"href":"https:\/\/bacciadonna.com\/de\/wp-json\/wp\/v2\/types\/page"}],"author":[{"embeddable":true,"href":"https:\/\/bacciadonna.com\/de\/wp-json\/wp\/v2\/users\/1"}],"replies":[{"embeddable":true,"href":"https:\/\/bacciadonna.com\/de\/wp-json\/wp\/v2\/comments?post=3079"}],"version-history":[{"count":2,"href":"https:\/\/bacciadonna.com\/de\/wp-json\/wp\/v2\/pages\/3079\/revisions"}],"predecessor-version":[{"id":3436,"href":"https:\/\/bacciadonna.com\/de\/wp-json\/wp\/v2\/pages\/3079\/revisions\/3436"}],"wp:attachment":[{"href":"https:\/\/bacciadonna.com\/de\/wp-json\/wp\/v2\/media?parent=3079"}],"curies":[{"name":"wp","href":"https:\/\/api.w.org\/{rel}","templated":true}]}}